{"id":110307,"date":"2022-03-31T15:42:47","date_gmt":"2022-03-31T14:42:47","guid":{"rendered":"https:\/\/moltamuntanya.com\/producte\/camiseta-galatzo-topografic\/"},"modified":"2024-01-29T10:20:32","modified_gmt":"2024-01-29T09:20:32","slug":"camiseta-galatzo-topografic","status":"publish","type":"product","link":"https:\/\/moltamuntanya.com\/es\/producto\/camiseta-galatzo-topografic\/","title":{"rendered":"Camiseta GALATZ\u00d3 TOPOGR\u00c0FIC"},"content":{"rendered":"","protected":false},"excerpt":{"rendered":"<p><span class=\"Y2IQFc\" lang=\"es\">Esta camiseta ha sido producida en algod\u00f3n cultivado mediante pr\u00e1cticas de agricultura ecol\u00f3gica, sin utilizar productos qu\u00edmicos como fertilizantes o pesticidas. El proceso de transformaci\u00f3n y te\u00f1ido del algod\u00f3n se ha realizado sin el uso de sustancias t\u00f3xicas que est\u00e9n prohibidas. En el proceso de creaci\u00f3n de esta prenda no se ha utilizado ning\u00fan producto de origen animal. Adem\u00e1s, toda la cadena de producci\u00f3n textil cumple con los est\u00e1ndares reconocidos a nivel internacional por la Organizaci\u00f3n Internacional del Trabajo y la Declaraci\u00f3n de Derechos Humanos de las Naciones Unidas.<\/span><\/p>\n<p>&nbsp;<\/p>\n","protected":false},"featured_media":116994,"template":"","meta":[],"product_brand":[],"product_cat":[150,153],"product_tag":[],"class_list":{"0":"post-110307","1":"product","2":"type-product","3":"status-publish","4":"has-post-thumbnail","6":"product_cat-mallorca-es","7":"product_cat-camisetas","9":"first","10":"instock","11":"featured","12":"taxable","13":"shipping-taxable","14":"purchasable","15":"product-type-variable","16":"has-default-attributes"},"yoast_head":"<!-- This site is optimized with the Yoast SEO plugin v27.4 - https:\/\/yoast.com\/product\/yoast-seo-wordpress\/ -->\n<title>Camiseta GALATZ\u00d3 TOPOGR\u00c0FIC - Molta Muntanya<\/title>\n<meta name=\"robots\" content=\"index, follow, max-snippet:-1, max-image-preview:large, max-video-preview:-1\" \/>\n<link rel=\"canonical\" href=\"https:\/\/moltamuntanya.com\/es\/producto\/camiseta-galatzo-topografic\/\" \/>\n<meta property=\"og:locale\" content=\"es_ES\" \/>\n<meta property=\"og:type\" content=\"article\" \/>\n<meta property=\"og:title\" content=\"Camiseta GALATZ\u00d3 TOPOGR\u00c0FIC - Molta Muntanya\" \/>\n<meta property=\"og:description\" content=\"Esta camiseta ha sido producida en algod\u00f3n cultivado mediante pr\u00e1cticas de agricultura ecol\u00f3gica, sin utilizar productos qu\u00edmicos como fertilizantes o pesticidas. El proceso de transformaci\u00f3n y te\u00f1ido del algod\u00f3n se ha realizado sin el uso de sustancias t\u00f3xicas que est\u00e9n prohibidas. En el proceso de creaci\u00f3n de esta prenda no se ha utilizado ning\u00fan producto de origen animal. Adem\u00e1s, toda la cadena de producci\u00f3n textil cumple con los est\u00e1ndares reconocidos a nivel internacional por la Organizaci\u00f3n Internacional del Trabajo y la Declaraci\u00f3n de Derechos Humanos de las Naciones Unidas.  &nbsp;\" \/>\n<meta property=\"og:url\" content=\"https:\/\/moltamuntanya.com\/es\/producto\/camiseta-galatzo-topografic\/\" \/>\n<meta property=\"og:site_name\" content=\"Molta Muntanya\" \/>\n<meta property=\"article:modified_time\" content=\"2024-01-29T09:20:32+00:00\" \/>\n<meta property=\"og:image\" content=\"https:\/\/moltamuntanya.com\/wp-content\/uploads\/2022\/03\/galatzo_web.jpg\" \/>\n\t<meta property=\"og:image:width\" content=\"1000\" \/>\n\t<meta property=\"og:image:height\" content=\"1000\" \/>\n\t<meta property=\"og:image:type\" content=\"image\/jpeg\" \/>\n<meta name=\"twitter:card\" content=\"summary_large_image\" \/>\n<script type=\"application\/ld+json\" class=\"yoast-schema-graph\">{\"@context\":\"https:\\\/\\\/schema.org\",\"@graph\":[{\"@type\":\"WebPage\",\"@id\":\"https:\\\/\\\/moltamuntanya.com\\\/es\\\/producto\\\/camiseta-galatzo-topografic\\\/\",\"url\":\"https:\\\/\\\/moltamuntanya.com\\\/es\\\/producto\\\/camiseta-galatzo-topografic\\\/\",\"name\":\"Camiseta GALATZ\u00d3 TOPOGR\u00c0FIC - Molta Muntanya\",\"isPartOf\":{\"@id\":\"https:\\\/\\\/moltamuntanya.com\\\/es\\\/#website\"},\"primaryImageOfPage\":{\"@id\":\"https:\\\/\\\/moltamuntanya.com\\\/es\\\/producto\\\/camiseta-galatzo-topografic\\\/#primaryimage\"},\"image\":{\"@id\":\"https:\\\/\\\/moltamuntanya.com\\\/es\\\/producto\\\/camiseta-galatzo-topografic\\\/#primaryimage\"},\"thumbnailUrl\":\"https:\\\/\\\/moltamuntanya.com\\\/wp-content\\\/uploads\\\/2022\\\/03\\\/galatzo_web.jpg\",\"datePublished\":\"2022-03-31T14:42:47+00:00\",\"dateModified\":\"2024-01-29T09:20:32+00:00\",\"breadcrumb\":{\"@id\":\"https:\\\/\\\/moltamuntanya.com\\\/es\\\/producto\\\/camiseta-galatzo-topografic\\\/#breadcrumb\"},\"inLanguage\":\"es\",\"potentialAction\":[{\"@type\":\"ReadAction\",\"target\":[\"https:\\\/\\\/moltamuntanya.com\\\/es\\\/producto\\\/camiseta-galatzo-topografic\\\/\"]}]},{\"@type\":\"ImageObject\",\"inLanguage\":\"es\",\"@id\":\"https:\\\/\\\/moltamuntanya.com\\\/es\\\/producto\\\/camiseta-galatzo-topografic\\\/#primaryimage\",\"url\":\"https:\\\/\\\/moltamuntanya.com\\\/wp-content\\\/uploads\\\/2022\\\/03\\\/galatzo_web.jpg\",\"contentUrl\":\"https:\\\/\\\/moltamuntanya.com\\\/wp-content\\\/uploads\\\/2022\\\/03\\\/galatzo_web.jpg\",\"width\":1000,\"height\":1000},{\"@type\":\"BreadcrumbList\",\"@id\":\"https:\\\/\\\/moltamuntanya.com\\\/es\\\/producto\\\/camiseta-galatzo-topografic\\\/#breadcrumb\",\"itemListElement\":[{\"@type\":\"ListItem\",\"position\":1,\"name\":\"Portada\",\"item\":\"https:\\\/\\\/moltamuntanya.com\\\/\"},{\"@type\":\"ListItem\",\"position\":2,\"name\":\"Productos\",\"item\":\"https:\\\/\\\/moltamuntanya.com\\\/es\\\/shop\\\/\"},{\"@type\":\"ListItem\",\"position\":3,\"name\":\"Camiseta GALATZ\u00d3 TOPOGR\u00c0FIC\"}]},{\"@type\":\"WebSite\",\"@id\":\"https:\\\/\\\/moltamuntanya.com\\\/es\\\/#website\",\"url\":\"https:\\\/\\\/moltamuntanya.com\\\/es\\\/\",\"name\":\"Molta Muntanya\",\"description\":\"Muntanyes i cims de Mallorca\",\"potentialAction\":[{\"@type\":\"SearchAction\",\"target\":{\"@type\":\"EntryPoint\",\"urlTemplate\":\"https:\\\/\\\/moltamuntanya.com\\\/es\\\/?s={search_term_string}\"},\"query-input\":{\"@type\":\"PropertyValueSpecification\",\"valueRequired\":true,\"valueName\":\"search_term_string\"}}],\"inLanguage\":\"es\"}]}<\/script>\n<!-- \/ Yoast SEO plugin. -->","yoast_head_json":{"title":"Camiseta GALATZ\u00d3 TOPOGR\u00c0FIC - Molta Muntanya","robots":{"index":"index","follow":"follow","max-snippet":"max-snippet:-1","max-image-preview":"max-image-preview:large","max-video-preview":"max-video-preview:-1"},"canonical":"https:\/\/moltamuntanya.com\/es\/producto\/camiseta-galatzo-topografic\/","og_locale":"es_ES","og_type":"article","og_title":"Camiseta GALATZ\u00d3 TOPOGR\u00c0FIC - Molta Muntanya","og_description":"Esta camiseta ha sido producida en algod\u00f3n cultivado mediante pr\u00e1cticas de agricultura ecol\u00f3gica, sin utilizar productos qu\u00edmicos como fertilizantes o pesticidas. El proceso de transformaci\u00f3n y te\u00f1ido del algod\u00f3n se ha realizado sin el uso de sustancias t\u00f3xicas que est\u00e9n prohibidas. En el proceso de creaci\u00f3n de esta prenda no se ha utilizado ning\u00fan producto de origen animal. Adem\u00e1s, toda la cadena de producci\u00f3n textil cumple con los est\u00e1ndares reconocidos a nivel internacional por la Organizaci\u00f3n Internacional del Trabajo y la Declaraci\u00f3n de Derechos Humanos de las Naciones Unidas.  &nbsp;","og_url":"https:\/\/moltamuntanya.com\/es\/producto\/camiseta-galatzo-topografic\/","og_site_name":"Molta Muntanya","article_modified_time":"2024-01-29T09:20:32+00:00","og_image":[{"width":1000,"height":1000,"url":"https:\/\/moltamuntanya.com\/wp-content\/uploads\/2022\/03\/galatzo_web.jpg","type":"image\/jpeg"}],"twitter_card":"summary_large_image","schema":{"@context":"https:\/\/schema.org","@graph":[{"@type":"WebPage","@id":"https:\/\/moltamuntanya.com\/es\/producto\/camiseta-galatzo-topografic\/","url":"https:\/\/moltamuntanya.com\/es\/producto\/camiseta-galatzo-topografic\/","name":"Camiseta GALATZ\u00d3 TOPOGR\u00c0FIC - Molta Muntanya","isPartOf":{"@id":"https:\/\/moltamuntanya.com\/es\/#website"},"primaryImageOfPage":{"@id":"https:\/\/moltamuntanya.com\/es\/producto\/camiseta-galatzo-topografic\/#primaryimage"},"image":{"@id":"https:\/\/moltamuntanya.com\/es\/producto\/camiseta-galatzo-topografic\/#primaryimage"},"thumbnailUrl":"https:\/\/moltamuntanya.com\/wp-content\/uploads\/2022\/03\/galatzo_web.jpg","datePublished":"2022-03-31T14:42:47+00:00","dateModified":"2024-01-29T09:20:32+00:00","breadcrumb":{"@id":"https:\/\/moltamuntanya.com\/es\/producto\/camiseta-galatzo-topografic\/#breadcrumb"},"inLanguage":"es","potentialAction":[{"@type":"ReadAction","target":["https:\/\/moltamuntanya.com\/es\/producto\/camiseta-galatzo-topografic\/"]}]},{"@type":"ImageObject","inLanguage":"es","@id":"https:\/\/moltamuntanya.com\/es\/producto\/camiseta-galatzo-topografic\/#primaryimage","url":"https:\/\/moltamuntanya.com\/wp-content\/uploads\/2022\/03\/galatzo_web.jpg","contentUrl":"https:\/\/moltamuntanya.com\/wp-content\/uploads\/2022\/03\/galatzo_web.jpg","width":1000,"height":1000},{"@type":"BreadcrumbList","@id":"https:\/\/moltamuntanya.com\/es\/producto\/camiseta-galatzo-topografic\/#breadcrumb","itemListElement":[{"@type":"ListItem","position":1,"name":"Portada","item":"https:\/\/moltamuntanya.com\/"},{"@type":"ListItem","position":2,"name":"Productos","item":"https:\/\/moltamuntanya.com\/es\/shop\/"},{"@type":"ListItem","position":3,"name":"Camiseta GALATZ\u00d3 TOPOGR\u00c0FIC"}]},{"@type":"WebSite","@id":"https:\/\/moltamuntanya.com\/es\/#website","url":"https:\/\/moltamuntanya.com\/es\/","name":"Molta Muntanya","description":"Muntanyes i cims de Mallorca","potentialAction":[{"@type":"SearchAction","target":{"@type":"EntryPoint","urlTemplate":"https:\/\/moltamuntanya.com\/es\/?s={search_term_string}"},"query-input":{"@type":"PropertyValueSpecification","valueRequired":true,"valueName":"search_term_string"}}],"inLanguage":"es"}]}},"_links":{"self":[{"href":"https:\/\/moltamuntanya.com\/es\/wp-json\/wp\/v2\/product\/110307","targetHints":{"allow":["GET"]}}],"collection":[{"href":"https:\/\/moltamuntanya.com\/es\/wp-json\/wp\/v2\/product"}],"about":[{"href":"https:\/\/moltamuntanya.com\/es\/wp-json\/wp\/v2\/types\/product"}],"wp:featuredmedia":[{"embeddable":true,"href":"https:\/\/moltamuntanya.com\/es\/wp-json\/wp\/v2\/media\/116994"}],"wp:attachment":[{"href":"https:\/\/moltamuntanya.com\/es\/wp-json\/wp\/v2\/media?parent=110307"}],"wp:term":[{"taxonomy":"product_brand","embeddable":true,"href":"https:\/\/moltamuntanya.com\/es\/wp-json\/wp\/v2\/product_brand?post=110307"},{"taxonomy":"product_cat","embeddable":true,"href":"https:\/\/moltamuntanya.com\/es\/wp-json\/wp\/v2\/product_cat?post=110307"},{"taxonomy":"product_tag","embeddable":true,"href":"https:\/\/moltamuntanya.com\/es\/wp-json\/wp\/v2\/product_tag?post=110307"}],"curies":[{"name":"wp","href":"https:\/\/api.w.org\/{rel}","templated":true}]}}