{"id":110524,"date":"2022-12-14T11:34:00","date_gmt":"2022-12-14T10:34:00","guid":{"rendered":"https:\/\/moltamuntanya.com\/producte\/camiseta-mantra-molta-muntanya\/"},"modified":"2025-03-04T17:46:10","modified_gmt":"2025-03-04T16:46:10","slug":"camiseta-mantra-molta-muntanya","status":"publish","type":"product","link":"https:\/\/moltamuntanya.com\/es\/producto\/camiseta-mantra-molta-muntanya\/","title":{"rendered":"Camiseta MANTRA MOLTA MUNTANYA"},"content":{"rendered":"<p>MANTRA MOLTA MUNTANYA:<\/p>\n<p>Pie derecho, pie izquierdo, pie derecho, pie izquierdo\u2026 primero uno y despu\u00e9s otro. Hacia arriba. Muchas veces, siento que no puedo llegar a la cima, pero cierro los ojos, respiro, y hacia arriba. Pie derecho y pie izquierdo, pie derecho y pie izquierdo, primero uno y despu\u00e9s el otro, sin cesar. \u00bfY sab\u00e9is qu\u00e9? se llega, siempre. Cuando estamos cansados, nerviosos, sentimos la necesidad de venir a la monta\u00f1a. Pie derecho y pie izquierdo, poco a poco, este movimiento repetitivo nos libera del estr\u00e9s acumulado. Pie derecho, pie izquierdo, nada m\u00e1s importa. Respirar. Silencio. Estas palabras se han convertido en nuestro mantra. Poco a poco, siempre se llega cada uno a su ritmo. Primero uno y despu\u00e9s otro. Todos los que hacemos deporte en la monta\u00f1a lo sabemos, cuando corres por los caminos, cuando vas en bicicleta, cuando caminas, cuando escaleras\u2026 primero un pie y despu\u00e9s otro. Que nunca te digan que no puedes, porque recuerda, pie derecho, pie izquierdo, hacia arriba. Hemos creado el mantra de Molta Muntanya, cuando piensas que no puedes m\u00e1s\u2026 pie derecho, pie izquierdo, pie derecho, pie izquierdo.<\/p>\n","protected":false},"excerpt":{"rendered":"<p><span class=\"Y2IQFc\" lang=\"es\">Esta camiseta ha sido producida en algod\u00f3n cultivado mediante pr\u00e1cticas de agricultura ecol\u00f3gica, sin utilizar productos qu\u00edmicos como fertilizantes o pesticidas. El proceso de transformaci\u00f3n y te\u00f1ido del algod\u00f3n se ha realizado sin el uso de sustancias t\u00f3xicas que est\u00e9n prohibidas. En el proceso de creaci\u00f3n de esta prenda no se ha utilizado ning\u00fan producto de origen animal. Adem\u00e1s, toda la cadena de producci\u00f3n textil cumple con los est\u00e1ndares reconocidos a nivel internacional por la Organizaci\u00f3n Internacional del Trabajo y la Declaraci\u00f3n de Derechos Humanos de las Naciones Unidas.<\/span><\/p>\n","protected":false},"featured_media":117003,"template":"","meta":[],"product_brand":[],"product_cat":[270,267,150,147,153],"product_tag":[],"class_list":{"0":"post-110524","1":"product","2":"type-product","3":"status-publish","4":"has-post-thumbnail","6":"product_cat-otras-montanas","7":"product_cat-valencia-es","8":"product_cat-mallorca-es","9":"product_cat-cataluna","10":"product_cat-camisetas","12":"first","13":"instock","14":"taxable","15":"shipping-taxable","16":"purchasable","17":"product-type-variable","18":"has-default-attributes"},"yoast_head":"<!-- This site is optimized with the Yoast SEO plugin v27.4 - https:\/\/yoast.com\/product\/yoast-seo-wordpress\/ -->\n<title>Camiseta MANTRA MOLTA MUNTANYA - Molta Muntanya<\/title>\n<meta name=\"robots\" content=\"index, follow, max-snippet:-1, max-image-preview:large, max-video-preview:-1\" \/>\n<link rel=\"canonical\" href=\"https:\/\/moltamuntanya.com\/es\/producto\/camiseta-mantra-molta-muntanya\/\" \/>\n<meta property=\"og:locale\" content=\"es_ES\" \/>\n<meta property=\"og:type\" content=\"article\" \/>\n<meta property=\"og:title\" content=\"Camiseta MANTRA MOLTA MUNTANYA - Molta Muntanya\" \/>\n<meta property=\"og:description\" content=\"Esta camiseta ha sido producida en algod\u00f3n cultivado mediante pr\u00e1cticas de agricultura ecol\u00f3gica, sin utilizar productos qu\u00edmicos como fertilizantes o pesticidas. El proceso de transformaci\u00f3n y te\u00f1ido del algod\u00f3n se ha realizado sin el uso de sustancias t\u00f3xicas que est\u00e9n prohibidas. En el proceso de creaci\u00f3n de esta prenda no se ha utilizado ning\u00fan producto de origen animal. Adem\u00e1s, toda la cadena de producci\u00f3n textil cumple con los est\u00e1ndares reconocidos a nivel internacional por la Organizaci\u00f3n Internacional del Trabajo y la Declaraci\u00f3n de Derechos Humanos de las Naciones Unidas.\" \/>\n<meta property=\"og:url\" content=\"https:\/\/moltamuntanya.com\/es\/producto\/camiseta-mantra-molta-muntanya\/\" \/>\n<meta property=\"og:site_name\" content=\"Molta Muntanya\" \/>\n<meta property=\"article:modified_time\" content=\"2025-03-04T16:46:10+00:00\" \/>\n<meta property=\"og:image\" content=\"https:\/\/moltamuntanya.com\/wp-content\/uploads\/2022\/12\/mantra_Web.jpg\" \/>\n\t<meta property=\"og:image:width\" content=\"1000\" \/>\n\t<meta property=\"og:image:height\" content=\"1000\" \/>\n\t<meta property=\"og:image:type\" content=\"image\/jpeg\" \/>\n<meta name=\"twitter:card\" content=\"summary_large_image\" \/>\n<meta name=\"twitter:label1\" content=\"Tiempo de lectura\" \/>\n\t<meta name=\"twitter:data1\" content=\"2 minutos\" \/>\n<script type=\"application\/ld+json\" class=\"yoast-schema-graph\">{\"@context\":\"https:\\\/\\\/schema.org\",\"@graph\":[{\"@type\":\"WebPage\",\"@id\":\"https:\\\/\\\/moltamuntanya.com\\\/es\\\/producto\\\/camiseta-mantra-molta-muntanya\\\/\",\"url\":\"https:\\\/\\\/moltamuntanya.com\\\/es\\\/producto\\\/camiseta-mantra-molta-muntanya\\\/\",\"name\":\"Camiseta MANTRA MOLTA MUNTANYA - Molta Muntanya\",\"isPartOf\":{\"@id\":\"https:\\\/\\\/moltamuntanya.com\\\/es\\\/#website\"},\"primaryImageOfPage\":{\"@id\":\"https:\\\/\\\/moltamuntanya.com\\\/es\\\/producto\\\/camiseta-mantra-molta-muntanya\\\/#primaryimage\"},\"image\":{\"@id\":\"https:\\\/\\\/moltamuntanya.com\\\/es\\\/producto\\\/camiseta-mantra-molta-muntanya\\\/#primaryimage\"},\"thumbnailUrl\":\"https:\\\/\\\/moltamuntanya.com\\\/wp-content\\\/uploads\\\/2022\\\/12\\\/mantra_Web.jpg\",\"datePublished\":\"2022-12-14T10:34:00+00:00\",\"dateModified\":\"2025-03-04T16:46:10+00:00\",\"breadcrumb\":{\"@id\":\"https:\\\/\\\/moltamuntanya.com\\\/es\\\/producto\\\/camiseta-mantra-molta-muntanya\\\/#breadcrumb\"},\"inLanguage\":\"es\",\"potentialAction\":[{\"@type\":\"ReadAction\",\"target\":[\"https:\\\/\\\/moltamuntanya.com\\\/es\\\/producto\\\/camiseta-mantra-molta-muntanya\\\/\"]}]},{\"@type\":\"ImageObject\",\"inLanguage\":\"es\",\"@id\":\"https:\\\/\\\/moltamuntanya.com\\\/es\\\/producto\\\/camiseta-mantra-molta-muntanya\\\/#primaryimage\",\"url\":\"https:\\\/\\\/moltamuntanya.com\\\/wp-content\\\/uploads\\\/2022\\\/12\\\/mantra_Web.jpg\",\"contentUrl\":\"https:\\\/\\\/moltamuntanya.com\\\/wp-content\\\/uploads\\\/2022\\\/12\\\/mantra_Web.jpg\",\"width\":1000,\"height\":1000},{\"@type\":\"BreadcrumbList\",\"@id\":\"https:\\\/\\\/moltamuntanya.com\\\/es\\\/producto\\\/camiseta-mantra-molta-muntanya\\\/#breadcrumb\",\"itemListElement\":[{\"@type\":\"ListItem\",\"position\":1,\"name\":\"Portada\",\"item\":\"https:\\\/\\\/moltamuntanya.com\\\/\"},{\"@type\":\"ListItem\",\"position\":2,\"name\":\"Productos\",\"item\":\"https:\\\/\\\/moltamuntanya.com\\\/es\\\/shop\\\/\"},{\"@type\":\"ListItem\",\"position\":3,\"name\":\"Camiseta MANTRA MOLTA MUNTANYA\"}]},{\"@type\":\"WebSite\",\"@id\":\"https:\\\/\\\/moltamuntanya.com\\\/es\\\/#website\",\"url\":\"https:\\\/\\\/moltamuntanya.com\\\/es\\\/\",\"name\":\"Molta Muntanya\",\"description\":\"Muntanyes i cims de Mallorca\",\"potentialAction\":[{\"@type\":\"SearchAction\",\"target\":{\"@type\":\"EntryPoint\",\"urlTemplate\":\"https:\\\/\\\/moltamuntanya.com\\\/es\\\/?s={search_term_string}\"},\"query-input\":{\"@type\":\"PropertyValueSpecification\",\"valueRequired\":true,\"valueName\":\"search_term_string\"}}],\"inLanguage\":\"es\"}]}<\/script>\n<!-- \/ Yoast SEO plugin. -->","yoast_head_json":{"title":"Camiseta MANTRA MOLTA MUNTANYA - Molta Muntanya","robots":{"index":"index","follow":"follow","max-snippet":"max-snippet:-1","max-image-preview":"max-image-preview:large","max-video-preview":"max-video-preview:-1"},"canonical":"https:\/\/moltamuntanya.com\/es\/producto\/camiseta-mantra-molta-muntanya\/","og_locale":"es_ES","og_type":"article","og_title":"Camiseta MANTRA MOLTA MUNTANYA - Molta Muntanya","og_description":"Esta camiseta ha sido producida en algod\u00f3n cultivado mediante pr\u00e1cticas de agricultura ecol\u00f3gica, sin utilizar productos qu\u00edmicos como fertilizantes o pesticidas. El proceso de transformaci\u00f3n y te\u00f1ido del algod\u00f3n se ha realizado sin el uso de sustancias t\u00f3xicas que est\u00e9n prohibidas. En el proceso de creaci\u00f3n de esta prenda no se ha utilizado ning\u00fan producto de origen animal. Adem\u00e1s, toda la cadena de producci\u00f3n textil cumple con los est\u00e1ndares reconocidos a nivel internacional por la Organizaci\u00f3n Internacional del Trabajo y la Declaraci\u00f3n de Derechos Humanos de las Naciones Unidas.","og_url":"https:\/\/moltamuntanya.com\/es\/producto\/camiseta-mantra-molta-muntanya\/","og_site_name":"Molta Muntanya","article_modified_time":"2025-03-04T16:46:10+00:00","og_image":[{"width":1000,"height":1000,"url":"https:\/\/moltamuntanya.com\/wp-content\/uploads\/2022\/12\/mantra_Web.jpg","type":"image\/jpeg"}],"twitter_card":"summary_large_image","twitter_misc":{"Tiempo de lectura":"2 minutos"},"schema":{"@context":"https:\/\/schema.org","@graph":[{"@type":"WebPage","@id":"https:\/\/moltamuntanya.com\/es\/producto\/camiseta-mantra-molta-muntanya\/","url":"https:\/\/moltamuntanya.com\/es\/producto\/camiseta-mantra-molta-muntanya\/","name":"Camiseta MANTRA MOLTA MUNTANYA - Molta Muntanya","isPartOf":{"@id":"https:\/\/moltamuntanya.com\/es\/#website"},"primaryImageOfPage":{"@id":"https:\/\/moltamuntanya.com\/es\/producto\/camiseta-mantra-molta-muntanya\/#primaryimage"},"image":{"@id":"https:\/\/moltamuntanya.com\/es\/producto\/camiseta-mantra-molta-muntanya\/#primaryimage"},"thumbnailUrl":"https:\/\/moltamuntanya.com\/wp-content\/uploads\/2022\/12\/mantra_Web.jpg","datePublished":"2022-12-14T10:34:00+00:00","dateModified":"2025-03-04T16:46:10+00:00","breadcrumb":{"@id":"https:\/\/moltamuntanya.com\/es\/producto\/camiseta-mantra-molta-muntanya\/#breadcrumb"},"inLanguage":"es","potentialAction":[{"@type":"ReadAction","target":["https:\/\/moltamuntanya.com\/es\/producto\/camiseta-mantra-molta-muntanya\/"]}]},{"@type":"ImageObject","inLanguage":"es","@id":"https:\/\/moltamuntanya.com\/es\/producto\/camiseta-mantra-molta-muntanya\/#primaryimage","url":"https:\/\/moltamuntanya.com\/wp-content\/uploads\/2022\/12\/mantra_Web.jpg","contentUrl":"https:\/\/moltamuntanya.com\/wp-content\/uploads\/2022\/12\/mantra_Web.jpg","width":1000,"height":1000},{"@type":"BreadcrumbList","@id":"https:\/\/moltamuntanya.com\/es\/producto\/camiseta-mantra-molta-muntanya\/#breadcrumb","itemListElement":[{"@type":"ListItem","position":1,"name":"Portada","item":"https:\/\/moltamuntanya.com\/"},{"@type":"ListItem","position":2,"name":"Productos","item":"https:\/\/moltamuntanya.com\/es\/shop\/"},{"@type":"ListItem","position":3,"name":"Camiseta MANTRA MOLTA MUNTANYA"}]},{"@type":"WebSite","@id":"https:\/\/moltamuntanya.com\/es\/#website","url":"https:\/\/moltamuntanya.com\/es\/","name":"Molta Muntanya","description":"Muntanyes i cims de Mallorca","potentialAction":[{"@type":"SearchAction","target":{"@type":"EntryPoint","urlTemplate":"https:\/\/moltamuntanya.com\/es\/?s={search_term_string}"},"query-input":{"@type":"PropertyValueSpecification","valueRequired":true,"valueName":"search_term_string"}}],"inLanguage":"es"}]}},"_links":{"self":[{"href":"https:\/\/moltamuntanya.com\/es\/wp-json\/wp\/v2\/product\/110524","targetHints":{"allow":["GET"]}}],"collection":[{"href":"https:\/\/moltamuntanya.com\/es\/wp-json\/wp\/v2\/product"}],"about":[{"href":"https:\/\/moltamuntanya.com\/es\/wp-json\/wp\/v2\/types\/product"}],"wp:featuredmedia":[{"embeddable":true,"href":"https:\/\/moltamuntanya.com\/es\/wp-json\/wp\/v2\/media\/117003"}],"wp:attachment":[{"href":"https:\/\/moltamuntanya.com\/es\/wp-json\/wp\/v2\/media?parent=110524"}],"wp:term":[{"taxonomy":"product_brand","embeddable":true,"href":"https:\/\/moltamuntanya.com\/es\/wp-json\/wp\/v2\/product_brand?post=110524"},{"taxonomy":"product_cat","embeddable":true,"href":"https:\/\/moltamuntanya.com\/es\/wp-json\/wp\/v2\/product_cat?post=110524"},{"taxonomy":"product_tag","embeddable":true,"href":"https:\/\/moltamuntanya.com\/es\/wp-json\/wp\/v2\/product_tag?post=110524"}],"curies":[{"name":"wp","href":"https:\/\/api.w.org\/{rel}","templated":true}]}}