{"id":110961,"date":"2023-03-08T17:49:44","date_gmt":"2023-03-08T16:49:44","guid":{"rendered":"https:\/\/moltamuntanya.com\/?post_type=product&#038;p=110961"},"modified":"2025-03-04T17:45:34","modified_gmt":"2025-03-04T16:45:34","slug":"lamina-14-miles-tramuntana","status":"publish","type":"product","link":"https:\/\/moltamuntanya.com\/es\/producto\/lamina-14-miles-tramuntana\/","title":{"rendered":"L\u00e1mina 14 MILES DE TRAMUNTANA"},"content":{"rendered":"<h2>Listado monta\u00f1as m\u00e1s altas de Mallorca:<\/h2>\n<p>Puig Major, Penyal des Migdia, Massanella, Morr\u00f3 d\u2019en Pelut, Serra des Teixos, Pa de Figa, Puig de ses Bassetes, Agulla des Frare, Puig de sa Mola, Puig d\u2019en Galileu, Puig des Prat, Puig des Tossals Verds, sa Rateta, Puig de ses Vinyes.<\/p>\n","protected":false},"excerpt":{"rendered":"<p>P\u00f3ster DIN A3 negro: 29,7 cm x 42 cm<\/p>\n<p>Serigraf\u00eda original en papel de calidad blanco Canson 200 g\/m2 y calidad negro Clairfontaine 250g\/m2.<\/p>\n<p>P\u00f3ster DIN A4 (21 cm x 29,7 cm) y DIN A3 beige (29,7 cm x 42 cm):<\/p>\n<p>Impresi\u00f3n digital en papel de calidad Canson Sand Grain 160g\/m2 Gris y en papel de calidad Canson Sand Grain 160g\/m2 Arena.<\/p>\n","protected":false},"featured_media":110967,"template":"","meta":[],"product_brand":[],"product_cat":[150,160],"product_tag":[],"class_list":{"0":"post-110961","1":"product","2":"type-product","3":"status-publish","4":"has-post-thumbnail","6":"product_cat-mallorca-es","7":"product_cat-obra-grafica-es","9":"first","10":"instock","11":"taxable","12":"shipping-taxable","13":"purchasable","14":"product-type-variable","15":"has-default-attributes"},"yoast_head":"<!-- This site is optimized with the Yoast SEO plugin v27.4 - https:\/\/yoast.com\/product\/yoast-seo-wordpress\/ -->\n<title>L\u00e1mina 14 MILES DE TRAMUNTANA - Molta Muntanya<\/title>\n<meta name=\"robots\" content=\"index, follow, max-snippet:-1, max-image-preview:large, max-video-preview:-1\" \/>\n<link rel=\"canonical\" href=\"https:\/\/moltamuntanya.com\/es\/producto\/lamina-14-miles-tramuntana\/\" \/>\n<meta property=\"og:locale\" content=\"es_ES\" \/>\n<meta property=\"og:type\" content=\"article\" \/>\n<meta property=\"og:title\" content=\"L\u00e1mina 14 MILES DE TRAMUNTANA - Molta Muntanya\" \/>\n<meta property=\"og:description\" content=\"P\u00f3ster DIN A3 negro: 29,7 cm x 42 cm  Serigraf\u00eda original en papel de calidad blanco Canson 200 g\/m2 y calidad negro Clairfontaine 250g\/m2.  P\u00f3ster DIN A4 (21 cm x 29,7 cm) y DIN A3 beige (29,7 cm x 42 cm):  Impresi\u00f3n digital en papel de calidad Canson Sand Grain 160g\/m2 Gris y en papel de calidad Canson Sand Grain 160g\/m2 Arena.\" \/>\n<meta property=\"og:url\" content=\"https:\/\/moltamuntanya.com\/es\/producto\/lamina-14-miles-tramuntana\/\" \/>\n<meta property=\"og:site_name\" content=\"Molta Muntanya\" \/>\n<meta property=\"article:modified_time\" content=\"2025-03-04T16:45:34+00:00\" \/>\n<meta property=\"og:image\" content=\"https:\/\/moltamuntanya.com\/wp-content\/uploads\/2023\/03\/14mils-lamina-web.jpg\" \/>\n\t<meta property=\"og:image:width\" content=\"1000\" \/>\n\t<meta property=\"og:image:height\" content=\"1000\" \/>\n\t<meta property=\"og:image:type\" content=\"image\/jpeg\" \/>\n<meta name=\"twitter:card\" content=\"summary_large_image\" \/>\n<meta name=\"twitter:label1\" content=\"Tiempo de lectura\" \/>\n\t<meta name=\"twitter:data1\" content=\"1 minuto\" \/>\n<script type=\"application\/ld+json\" class=\"yoast-schema-graph\">{\"@context\":\"https:\\\/\\\/schema.org\",\"@graph\":[{\"@type\":\"WebPage\",\"@id\":\"https:\\\/\\\/moltamuntanya.com\\\/es\\\/producto\\\/lamina-14-miles-tramuntana\\\/\",\"url\":\"https:\\\/\\\/moltamuntanya.com\\\/es\\\/producto\\\/lamina-14-miles-tramuntana\\\/\",\"name\":\"L\u00e1mina 14 MILES DE TRAMUNTANA - Molta Muntanya\",\"isPartOf\":{\"@id\":\"https:\\\/\\\/moltamuntanya.com\\\/es\\\/#website\"},\"primaryImageOfPage\":{\"@id\":\"https:\\\/\\\/moltamuntanya.com\\\/es\\\/producto\\\/lamina-14-miles-tramuntana\\\/#primaryimage\"},\"image\":{\"@id\":\"https:\\\/\\\/moltamuntanya.com\\\/es\\\/producto\\\/lamina-14-miles-tramuntana\\\/#primaryimage\"},\"thumbnailUrl\":\"https:\\\/\\\/moltamuntanya.com\\\/wp-content\\\/uploads\\\/2023\\\/03\\\/14mils-lamina-web.jpg\",\"datePublished\":\"2023-03-08T16:49:44+00:00\",\"dateModified\":\"2025-03-04T16:45:34+00:00\",\"breadcrumb\":{\"@id\":\"https:\\\/\\\/moltamuntanya.com\\\/es\\\/producto\\\/lamina-14-miles-tramuntana\\\/#breadcrumb\"},\"inLanguage\":\"es\",\"potentialAction\":[{\"@type\":\"ReadAction\",\"target\":[\"https:\\\/\\\/moltamuntanya.com\\\/es\\\/producto\\\/lamina-14-miles-tramuntana\\\/\"]}]},{\"@type\":\"ImageObject\",\"inLanguage\":\"es\",\"@id\":\"https:\\\/\\\/moltamuntanya.com\\\/es\\\/producto\\\/lamina-14-miles-tramuntana\\\/#primaryimage\",\"url\":\"https:\\\/\\\/moltamuntanya.com\\\/wp-content\\\/uploads\\\/2023\\\/03\\\/14mils-lamina-web.jpg\",\"contentUrl\":\"https:\\\/\\\/moltamuntanya.com\\\/wp-content\\\/uploads\\\/2023\\\/03\\\/14mils-lamina-web.jpg\",\"width\":1000,\"height\":1000},{\"@type\":\"BreadcrumbList\",\"@id\":\"https:\\\/\\\/moltamuntanya.com\\\/es\\\/producto\\\/lamina-14-miles-tramuntana\\\/#breadcrumb\",\"itemListElement\":[{\"@type\":\"ListItem\",\"position\":1,\"name\":\"Portada\",\"item\":\"https:\\\/\\\/moltamuntanya.com\\\/\"},{\"@type\":\"ListItem\",\"position\":2,\"name\":\"Productos\",\"item\":\"https:\\\/\\\/moltamuntanya.com\\\/es\\\/shop\\\/\"},{\"@type\":\"ListItem\",\"position\":3,\"name\":\"L\u00e1mina 14 MILES DE TRAMUNTANA\"}]},{\"@type\":\"WebSite\",\"@id\":\"https:\\\/\\\/moltamuntanya.com\\\/es\\\/#website\",\"url\":\"https:\\\/\\\/moltamuntanya.com\\\/es\\\/\",\"name\":\"Molta Muntanya\",\"description\":\"Muntanyes i cims de Mallorca\",\"potentialAction\":[{\"@type\":\"SearchAction\",\"target\":{\"@type\":\"EntryPoint\",\"urlTemplate\":\"https:\\\/\\\/moltamuntanya.com\\\/es\\\/?s={search_term_string}\"},\"query-input\":{\"@type\":\"PropertyValueSpecification\",\"valueRequired\":true,\"valueName\":\"search_term_string\"}}],\"inLanguage\":\"es\"}]}<\/script>\n<!-- \/ Yoast SEO plugin. -->","yoast_head_json":{"title":"L\u00e1mina 14 MILES DE TRAMUNTANA - Molta Muntanya","robots":{"index":"index","follow":"follow","max-snippet":"max-snippet:-1","max-image-preview":"max-image-preview:large","max-video-preview":"max-video-preview:-1"},"canonical":"https:\/\/moltamuntanya.com\/es\/producto\/lamina-14-miles-tramuntana\/","og_locale":"es_ES","og_type":"article","og_title":"L\u00e1mina 14 MILES DE TRAMUNTANA - Molta Muntanya","og_description":"P\u00f3ster DIN A3 negro: 29,7 cm x 42 cm  Serigraf\u00eda original en papel de calidad blanco Canson 200 g\/m2 y calidad negro Clairfontaine 250g\/m2.  P\u00f3ster DIN A4 (21 cm x 29,7 cm) y DIN A3 beige (29,7 cm x 42 cm):  Impresi\u00f3n digital en papel de calidad Canson Sand Grain 160g\/m2 Gris y en papel de calidad Canson Sand Grain 160g\/m2 Arena.","og_url":"https:\/\/moltamuntanya.com\/es\/producto\/lamina-14-miles-tramuntana\/","og_site_name":"Molta Muntanya","article_modified_time":"2025-03-04T16:45:34+00:00","og_image":[{"width":1000,"height":1000,"url":"https:\/\/moltamuntanya.com\/wp-content\/uploads\/2023\/03\/14mils-lamina-web.jpg","type":"image\/jpeg"}],"twitter_card":"summary_large_image","twitter_misc":{"Tiempo de lectura":"1 minuto"},"schema":{"@context":"https:\/\/schema.org","@graph":[{"@type":"WebPage","@id":"https:\/\/moltamuntanya.com\/es\/producto\/lamina-14-miles-tramuntana\/","url":"https:\/\/moltamuntanya.com\/es\/producto\/lamina-14-miles-tramuntana\/","name":"L\u00e1mina 14 MILES DE TRAMUNTANA - Molta Muntanya","isPartOf":{"@id":"https:\/\/moltamuntanya.com\/es\/#website"},"primaryImageOfPage":{"@id":"https:\/\/moltamuntanya.com\/es\/producto\/lamina-14-miles-tramuntana\/#primaryimage"},"image":{"@id":"https:\/\/moltamuntanya.com\/es\/producto\/lamina-14-miles-tramuntana\/#primaryimage"},"thumbnailUrl":"https:\/\/moltamuntanya.com\/wp-content\/uploads\/2023\/03\/14mils-lamina-web.jpg","datePublished":"2023-03-08T16:49:44+00:00","dateModified":"2025-03-04T16:45:34+00:00","breadcrumb":{"@id":"https:\/\/moltamuntanya.com\/es\/producto\/lamina-14-miles-tramuntana\/#breadcrumb"},"inLanguage":"es","potentialAction":[{"@type":"ReadAction","target":["https:\/\/moltamuntanya.com\/es\/producto\/lamina-14-miles-tramuntana\/"]}]},{"@type":"ImageObject","inLanguage":"es","@id":"https:\/\/moltamuntanya.com\/es\/producto\/lamina-14-miles-tramuntana\/#primaryimage","url":"https:\/\/moltamuntanya.com\/wp-content\/uploads\/2023\/03\/14mils-lamina-web.jpg","contentUrl":"https:\/\/moltamuntanya.com\/wp-content\/uploads\/2023\/03\/14mils-lamina-web.jpg","width":1000,"height":1000},{"@type":"BreadcrumbList","@id":"https:\/\/moltamuntanya.com\/es\/producto\/lamina-14-miles-tramuntana\/#breadcrumb","itemListElement":[{"@type":"ListItem","position":1,"name":"Portada","item":"https:\/\/moltamuntanya.com\/"},{"@type":"ListItem","position":2,"name":"Productos","item":"https:\/\/moltamuntanya.com\/es\/shop\/"},{"@type":"ListItem","position":3,"name":"L\u00e1mina 14 MILES DE TRAMUNTANA"}]},{"@type":"WebSite","@id":"https:\/\/moltamuntanya.com\/es\/#website","url":"https:\/\/moltamuntanya.com\/es\/","name":"Molta Muntanya","description":"Muntanyes i cims de Mallorca","potentialAction":[{"@type":"SearchAction","target":{"@type":"EntryPoint","urlTemplate":"https:\/\/moltamuntanya.com\/es\/?s={search_term_string}"},"query-input":{"@type":"PropertyValueSpecification","valueRequired":true,"valueName":"search_term_string"}}],"inLanguage":"es"}]}},"_links":{"self":[{"href":"https:\/\/moltamuntanya.com\/es\/wp-json\/wp\/v2\/product\/110961","targetHints":{"allow":["GET"]}}],"collection":[{"href":"https:\/\/moltamuntanya.com\/es\/wp-json\/wp\/v2\/product"}],"about":[{"href":"https:\/\/moltamuntanya.com\/es\/wp-json\/wp\/v2\/types\/product"}],"wp:featuredmedia":[{"embeddable":true,"href":"https:\/\/moltamuntanya.com\/es\/wp-json\/wp\/v2\/media\/110967"}],"wp:attachment":[{"href":"https:\/\/moltamuntanya.com\/es\/wp-json\/wp\/v2\/media?parent=110961"}],"wp:term":[{"taxonomy":"product_brand","embeddable":true,"href":"https:\/\/moltamuntanya.com\/es\/wp-json\/wp\/v2\/product_brand?post=110961"},{"taxonomy":"product_cat","embeddable":true,"href":"https:\/\/moltamuntanya.com\/es\/wp-json\/wp\/v2\/product_cat?post=110961"},{"taxonomy":"product_tag","embeddable":true,"href":"https:\/\/moltamuntanya.com\/es\/wp-json\/wp\/v2\/product_tag?post=110961"}],"curies":[{"name":"wp","href":"https:\/\/api.w.org\/{rel}","templated":true}]}}