{"id":112989,"date":"2023-10-18T16:32:23","date_gmt":"2023-10-18T15:32:23","guid":{"rendered":"https:\/\/moltamuntanya.com\/?post_type=product&#038;p=112989"},"modified":"2025-03-04T17:41:44","modified_gmt":"2025-03-04T16:41:44","slug":"sudadera-9-metros-de-la-verguenza","status":"publish","type":"product","link":"https:\/\/moltamuntanya.com\/es\/producto\/sudadera-9-metros-de-la-verguenza\/","title":{"rendered":"Sudadera 9 metros de la verg\u00fcenza"},"content":{"rendered":"<p id=\"tw-target-text\" class=\"tw-data-text tw-text-large tw-ta\" dir=\"ltr\" data-placeholder=\"Traducci\u00f3n\" data-ved=\"2ahUKEwjc8qzk9v-BAxU7RaQEHZAoAlUQ3ewLegQIBhAQ\"><span class=\"Y2IQFc\" lang=\"es\"><strong>Sudadera Explosi\u00f3n Puig Major<\/strong><br \/>\nEn 1953 Franco firm\u00f3 un tratado con el gobierno de Estados Unidos de Am\u00e9rica para que ellos pudieran ocupar y controlar la monta\u00f1a m\u00e1s alta de Mallorca, el Puig Major. Junto a otros 11 puntos estrat\u00e9gicos de la pen\u00ednsula, construyeron una base militar con un radar para vigilar el espionaje mundial. Esta impresionante fotograf\u00eda es el momento de la explosi\u00f3n, en 1958, donde con dinamita \u201callanaron\u201d la cima para poder construir la actual base militar, de los 1445m pasaron a ser 1436m. Los 9 metros de la verg\u00fcenza.<\/span><\/p>\n","protected":false},"excerpt":{"rendered":"<p>Sudadera 85% algod\u00f3n org\u00e1nico y 15% poli\u00e9ster reciclado (280g\/m2), con sus respectivos certificados \u00e9ticos y ecol\u00f3gicos que certifican tanto la calidad del tejido como de fabricaci\u00f3n responsable.<\/p>\n<p>Tallas: XS &#8211; XXL<\/p>\n","protected":false},"featured_media":112998,"template":"","meta":[],"product_brand":[],"product_cat":[150,159],"product_tag":[],"class_list":{"0":"post-112989","1":"product","2":"type-product","3":"status-publish","4":"has-post-thumbnail","6":"product_cat-mallorca-es","7":"product_cat-sudaderas","9":"first","10":"instock","11":"taxable","12":"shipping-taxable","13":"purchasable","14":"product-type-variable","15":"has-default-attributes"},"yoast_head":"<!-- This site is optimized with the Yoast SEO plugin v27.4 - https:\/\/yoast.com\/product\/yoast-seo-wordpress\/ -->\n<title>Sudadera 9 metros de la verg\u00fcenza - Molta Muntanya<\/title>\n<meta name=\"robots\" content=\"index, follow, max-snippet:-1, max-image-preview:large, max-video-preview:-1\" \/>\n<link rel=\"canonical\" href=\"https:\/\/moltamuntanya.com\/es\/producto\/sudadera-9-metros-de-la-verguenza\/\" \/>\n<meta property=\"og:locale\" content=\"es_ES\" \/>\n<meta property=\"og:type\" content=\"article\" \/>\n<meta property=\"og:title\" content=\"Sudadera 9 metros de la verg\u00fcenza - Molta Muntanya\" \/>\n<meta property=\"og:description\" content=\"Sudadera 85% algod\u00f3n org\u00e1nico y 15% poli\u00e9ster reciclado (280g\/m2), con sus respectivos certificados \u00e9ticos y ecol\u00f3gicos que certifican tanto la calidad del tejido como de fabricaci\u00f3n responsable.  Tallas: XS - XXL\" \/>\n<meta property=\"og:url\" content=\"https:\/\/moltamuntanya.com\/es\/producto\/sudadera-9-metros-de-la-verguenza\/\" \/>\n<meta property=\"og:site_name\" content=\"Molta Muntanya\" \/>\n<meta property=\"article:modified_time\" content=\"2025-03-04T16:41:44+00:00\" \/>\n<meta property=\"og:image\" content=\"https:\/\/moltamuntanya.com\/wp-content\/uploads\/2023\/10\/vergonya-sudadera-burdeos.jpg\" \/>\n\t<meta property=\"og:image:width\" content=\"1000\" \/>\n\t<meta property=\"og:image:height\" content=\"1000\" \/>\n\t<meta property=\"og:image:type\" content=\"image\/jpeg\" \/>\n<meta name=\"twitter:card\" content=\"summary_large_image\" \/>\n<meta name=\"twitter:label1\" content=\"Tiempo de lectura\" \/>\n\t<meta name=\"twitter:data1\" content=\"1 minuto\" \/>\n<script type=\"application\/ld+json\" class=\"yoast-schema-graph\">{\"@context\":\"https:\\\/\\\/schema.org\",\"@graph\":[{\"@type\":\"WebPage\",\"@id\":\"https:\\\/\\\/moltamuntanya.com\\\/es\\\/producto\\\/sudadera-9-metros-de-la-verguenza\\\/\",\"url\":\"https:\\\/\\\/moltamuntanya.com\\\/es\\\/producto\\\/sudadera-9-metros-de-la-verguenza\\\/\",\"name\":\"Sudadera 9 metros de la verg\u00fcenza - Molta Muntanya\",\"isPartOf\":{\"@id\":\"https:\\\/\\\/moltamuntanya.com\\\/es\\\/#website\"},\"primaryImageOfPage\":{\"@id\":\"https:\\\/\\\/moltamuntanya.com\\\/es\\\/producto\\\/sudadera-9-metros-de-la-verguenza\\\/#primaryimage\"},\"image\":{\"@id\":\"https:\\\/\\\/moltamuntanya.com\\\/es\\\/producto\\\/sudadera-9-metros-de-la-verguenza\\\/#primaryimage\"},\"thumbnailUrl\":\"https:\\\/\\\/moltamuntanya.com\\\/wp-content\\\/uploads\\\/2023\\\/10\\\/vergonya-sudadera-burdeos.jpg\",\"datePublished\":\"2023-10-18T15:32:23+00:00\",\"dateModified\":\"2025-03-04T16:41:44+00:00\",\"breadcrumb\":{\"@id\":\"https:\\\/\\\/moltamuntanya.com\\\/es\\\/producto\\\/sudadera-9-metros-de-la-verguenza\\\/#breadcrumb\"},\"inLanguage\":\"es\",\"potentialAction\":[{\"@type\":\"ReadAction\",\"target\":[\"https:\\\/\\\/moltamuntanya.com\\\/es\\\/producto\\\/sudadera-9-metros-de-la-verguenza\\\/\"]}]},{\"@type\":\"ImageObject\",\"inLanguage\":\"es\",\"@id\":\"https:\\\/\\\/moltamuntanya.com\\\/es\\\/producto\\\/sudadera-9-metros-de-la-verguenza\\\/#primaryimage\",\"url\":\"https:\\\/\\\/moltamuntanya.com\\\/wp-content\\\/uploads\\\/2023\\\/10\\\/vergonya-sudadera-burdeos.jpg\",\"contentUrl\":\"https:\\\/\\\/moltamuntanya.com\\\/wp-content\\\/uploads\\\/2023\\\/10\\\/vergonya-sudadera-burdeos.jpg\",\"width\":1000,\"height\":1000},{\"@type\":\"BreadcrumbList\",\"@id\":\"https:\\\/\\\/moltamuntanya.com\\\/es\\\/producto\\\/sudadera-9-metros-de-la-verguenza\\\/#breadcrumb\",\"itemListElement\":[{\"@type\":\"ListItem\",\"position\":1,\"name\":\"Portada\",\"item\":\"https:\\\/\\\/moltamuntanya.com\\\/\"},{\"@type\":\"ListItem\",\"position\":2,\"name\":\"Productos\",\"item\":\"https:\\\/\\\/moltamuntanya.com\\\/es\\\/shop\\\/\"},{\"@type\":\"ListItem\",\"position\":3,\"name\":\"Sudadera 9 metros de la verg\u00fcenza\"}]},{\"@type\":\"WebSite\",\"@id\":\"https:\\\/\\\/moltamuntanya.com\\\/es\\\/#website\",\"url\":\"https:\\\/\\\/moltamuntanya.com\\\/es\\\/\",\"name\":\"Molta Muntanya\",\"description\":\"Muntanyes i cims de Mallorca\",\"potentialAction\":[{\"@type\":\"SearchAction\",\"target\":{\"@type\":\"EntryPoint\",\"urlTemplate\":\"https:\\\/\\\/moltamuntanya.com\\\/es\\\/?s={search_term_string}\"},\"query-input\":{\"@type\":\"PropertyValueSpecification\",\"valueRequired\":true,\"valueName\":\"search_term_string\"}}],\"inLanguage\":\"es\"}]}<\/script>\n<!-- \/ Yoast SEO plugin. -->","yoast_head_json":{"title":"Sudadera 9 metros de la verg\u00fcenza - Molta Muntanya","robots":{"index":"index","follow":"follow","max-snippet":"max-snippet:-1","max-image-preview":"max-image-preview:large","max-video-preview":"max-video-preview:-1"},"canonical":"https:\/\/moltamuntanya.com\/es\/producto\/sudadera-9-metros-de-la-verguenza\/","og_locale":"es_ES","og_type":"article","og_title":"Sudadera 9 metros de la verg\u00fcenza - Molta Muntanya","og_description":"Sudadera 85% algod\u00f3n org\u00e1nico y 15% poli\u00e9ster reciclado (280g\/m2), con sus respectivos certificados \u00e9ticos y ecol\u00f3gicos que certifican tanto la calidad del tejido como de fabricaci\u00f3n responsable.  Tallas: XS - XXL","og_url":"https:\/\/moltamuntanya.com\/es\/producto\/sudadera-9-metros-de-la-verguenza\/","og_site_name":"Molta Muntanya","article_modified_time":"2025-03-04T16:41:44+00:00","og_image":[{"width":1000,"height":1000,"url":"https:\/\/moltamuntanya.com\/wp-content\/uploads\/2023\/10\/vergonya-sudadera-burdeos.jpg","type":"image\/jpeg"}],"twitter_card":"summary_large_image","twitter_misc":{"Tiempo de lectura":"1 minuto"},"schema":{"@context":"https:\/\/schema.org","@graph":[{"@type":"WebPage","@id":"https:\/\/moltamuntanya.com\/es\/producto\/sudadera-9-metros-de-la-verguenza\/","url":"https:\/\/moltamuntanya.com\/es\/producto\/sudadera-9-metros-de-la-verguenza\/","name":"Sudadera 9 metros de la verg\u00fcenza - Molta Muntanya","isPartOf":{"@id":"https:\/\/moltamuntanya.com\/es\/#website"},"primaryImageOfPage":{"@id":"https:\/\/moltamuntanya.com\/es\/producto\/sudadera-9-metros-de-la-verguenza\/#primaryimage"},"image":{"@id":"https:\/\/moltamuntanya.com\/es\/producto\/sudadera-9-metros-de-la-verguenza\/#primaryimage"},"thumbnailUrl":"https:\/\/moltamuntanya.com\/wp-content\/uploads\/2023\/10\/vergonya-sudadera-burdeos.jpg","datePublished":"2023-10-18T15:32:23+00:00","dateModified":"2025-03-04T16:41:44+00:00","breadcrumb":{"@id":"https:\/\/moltamuntanya.com\/es\/producto\/sudadera-9-metros-de-la-verguenza\/#breadcrumb"},"inLanguage":"es","potentialAction":[{"@type":"ReadAction","target":["https:\/\/moltamuntanya.com\/es\/producto\/sudadera-9-metros-de-la-verguenza\/"]}]},{"@type":"ImageObject","inLanguage":"es","@id":"https:\/\/moltamuntanya.com\/es\/producto\/sudadera-9-metros-de-la-verguenza\/#primaryimage","url":"https:\/\/moltamuntanya.com\/wp-content\/uploads\/2023\/10\/vergonya-sudadera-burdeos.jpg","contentUrl":"https:\/\/moltamuntanya.com\/wp-content\/uploads\/2023\/10\/vergonya-sudadera-burdeos.jpg","width":1000,"height":1000},{"@type":"BreadcrumbList","@id":"https:\/\/moltamuntanya.com\/es\/producto\/sudadera-9-metros-de-la-verguenza\/#breadcrumb","itemListElement":[{"@type":"ListItem","position":1,"name":"Portada","item":"https:\/\/moltamuntanya.com\/"},{"@type":"ListItem","position":2,"name":"Productos","item":"https:\/\/moltamuntanya.com\/es\/shop\/"},{"@type":"ListItem","position":3,"name":"Sudadera 9 metros de la verg\u00fcenza"}]},{"@type":"WebSite","@id":"https:\/\/moltamuntanya.com\/es\/#website","url":"https:\/\/moltamuntanya.com\/es\/","name":"Molta Muntanya","description":"Muntanyes i cims de Mallorca","potentialAction":[{"@type":"SearchAction","target":{"@type":"EntryPoint","urlTemplate":"https:\/\/moltamuntanya.com\/es\/?s={search_term_string}"},"query-input":{"@type":"PropertyValueSpecification","valueRequired":true,"valueName":"search_term_string"}}],"inLanguage":"es"}]}},"_links":{"self":[{"href":"https:\/\/moltamuntanya.com\/es\/wp-json\/wp\/v2\/product\/112989","targetHints":{"allow":["GET"]}}],"collection":[{"href":"https:\/\/moltamuntanya.com\/es\/wp-json\/wp\/v2\/product"}],"about":[{"href":"https:\/\/moltamuntanya.com\/es\/wp-json\/wp\/v2\/types\/product"}],"wp:featuredmedia":[{"embeddable":true,"href":"https:\/\/moltamuntanya.com\/es\/wp-json\/wp\/v2\/media\/112998"}],"wp:attachment":[{"href":"https:\/\/moltamuntanya.com\/es\/wp-json\/wp\/v2\/media?parent=112989"}],"wp:term":[{"taxonomy":"product_brand","embeddable":true,"href":"https:\/\/moltamuntanya.com\/es\/wp-json\/wp\/v2\/product_brand?post=112989"},{"taxonomy":"product_cat","embeddable":true,"href":"https:\/\/moltamuntanya.com\/es\/wp-json\/wp\/v2\/product_cat?post=112989"},{"taxonomy":"product_tag","embeddable":true,"href":"https:\/\/moltamuntanya.com\/es\/wp-json\/wp\/v2\/product_tag?post=112989"}],"curies":[{"name":"wp","href":"https:\/\/api.w.org\/{rel}","templated":true}]}}