{"id":113405,"date":"2024-02-01T21:59:41","date_gmt":"2024-02-01T20:59:41","guid":{"rendered":"https:\/\/moltamuntanya.com\/?post_type=product&#038;p=113405"},"modified":"2025-03-04T17:41:07","modified_gmt":"2025-03-04T16:41:07","slug":"body-baby-edicion-limitada","status":"publish","type":"product","link":"https:\/\/moltamuntanya.com\/es\/producto\/body-baby-edicion-limitada\/","title":{"rendered":"Body BABY EDICI\u00d3N LIMITADA"},"content":{"rendered":"<p>\u00abBodys\u00bb para los m\u00e1s monta\u00f1eros m\u00e1s peque\u00f1os de la casa. \u00a1Edici\u00f3n limitada, pocas unidades de cada talla!<\/p>\n<p>Tallas y dise\u00f1os: 0-3 meses Puig Major \/ 56-62CM 3-6 meses Puig Major \/ 62-68CM 6-9 meses Sa Calobra \/ 68-74CM 12-18 meses Sa Calobra \/ 80-86CM 18-24 meses 14 miles de Tramuntana \/ 86-92CM<\/p>\n","protected":false},"excerpt":{"rendered":"<p>Body Beb\u00e9 Edici\u00f3n Limitada<\/p>\n<p>\u00abBodys\u00bb para los m\u00e1s peque\u00f1os monta\u00f1eros de la casa. Edici\u00f3n limitada, \u00a1pocas unidades de cada talla!<\/p>\n<p>Tallas y dise\u00f1os: 0-3 meses Puig Major \/ 56-62CM 3-6 meses Puig Major \/ 62-68CM 6-9 meses Sa Calobra \/ 68-74CM 12-18 meses Sa Calobra \/ 80-86CM 18-24 meses 14 miles de Tramuntana \/ 86-92CM<\/p>\n<p>BODY PARA BEB\u00c9S DE MANGA CORTA Manga pegada Ribete de canal\u00e9 1&#215;1 en el cuello y la apertura de la pierna Solapa a presi\u00f3n en el hombro Cierre a presi\u00f3n en la parte trasera TEJIDO PRINCIPAL: INTERLOCK, 100% ALGOD\u00d3N ORG\u00c1NICO HILADO Y PEINADO, DESGASTADO, 210 GSM<\/p>\n","protected":false},"featured_media":113422,"template":"","meta":[],"product_brand":[],"product_cat":[150,159,238],"product_tag":[],"class_list":{"0":"post-113405","1":"product","2":"type-product","3":"status-publish","4":"has-post-thumbnail","6":"product_cat-mallorca-es","7":"product_cat-sudaderas","8":"product_cat-infantil-es","10":"first","11":"outofstock","12":"taxable","13":"shipping-taxable","14":"purchasable","15":"product-type-variable","16":"has-default-attributes"},"yoast_head":"<!-- This site is optimized with the Yoast SEO plugin v27.5 - https:\/\/yoast.com\/product\/yoast-seo-wordpress\/ -->\n<title>Body BABY EDICI\u00d3N LIMITADA - Molta Muntanya<\/title>\n<meta name=\"robots\" content=\"index, follow, max-snippet:-1, max-image-preview:large, max-video-preview:-1\" \/>\n<link rel=\"canonical\" href=\"https:\/\/moltamuntanya.com\/es\/producto\/body-baby-edicion-limitada\/\" \/>\n<meta property=\"og:locale\" content=\"es_ES\" \/>\n<meta property=\"og:type\" content=\"article\" \/>\n<meta property=\"og:title\" content=\"Body BABY EDICI\u00d3N LIMITADA - Molta Muntanya\" \/>\n<meta property=\"og:description\" content=\"Body Beb\u00e9 Edici\u00f3n Limitada  &quot;Bodys&quot; para los m\u00e1s peque\u00f1os monta\u00f1eros de la casa. Edici\u00f3n limitada, \u00a1pocas unidades de cada talla!  Tallas y dise\u00f1os: 0-3 meses Puig Major \/ 56-62CM 3-6 meses Puig Major \/ 62-68CM 6-9 meses Sa Calobra \/ 68-74CM 12-18 meses Sa Calobra \/ 80-86CM 18-24 meses 14 miles de Tramuntana \/ 86-92CM  BODY PARA BEB\u00c9S DE MANGA CORTA Manga pegada Ribete de canal\u00e9 1x1 en el cuello y la apertura de la pierna Solapa a presi\u00f3n en el hombro Cierre a presi\u00f3n en la parte trasera TEJIDO PRINCIPAL: INTERLOCK, 100% ALGOD\u00d3N ORG\u00c1NICO HILADO Y PEINADO, DESGASTADO, 210 GSM\" \/>\n<meta property=\"og:url\" content=\"https:\/\/moltamuntanya.com\/es\/producto\/body-baby-edicion-limitada\/\" \/>\n<meta property=\"og:site_name\" content=\"Molta Muntanya\" \/>\n<meta property=\"article:publisher\" content=\"https:\/\/www.facebook.com\/moltamuntanya\/\" \/>\n<meta property=\"article:modified_time\" content=\"2025-03-04T16:41:07+00:00\" \/>\n<meta property=\"og:image\" content=\"https:\/\/moltamuntanya.com\/wp-content\/uploads\/2024\/02\/IMG_8595_VSCO-2-scaled.jpg\" \/>\n\t<meta property=\"og:image:width\" content=\"2556\" \/>\n\t<meta property=\"og:image:height\" content=\"2560\" \/>\n\t<meta property=\"og:image:type\" content=\"image\/jpeg\" \/>\n<meta name=\"twitter:card\" content=\"summary_large_image\" \/>\n<meta name=\"twitter:label1\" content=\"Tiempo de lectura\" \/>\n\t<meta name=\"twitter:data1\" content=\"1 minuto\" \/>\n<script type=\"application\/ld+json\" class=\"yoast-schema-graph\">{\"@context\":\"https:\\\/\\\/schema.org\",\"@graph\":[{\"@type\":\"WebPage\",\"@id\":\"https:\\\/\\\/moltamuntanya.com\\\/es\\\/producto\\\/body-baby-edicion-limitada\\\/\",\"url\":\"https:\\\/\\\/moltamuntanya.com\\\/es\\\/producto\\\/body-baby-edicion-limitada\\\/\",\"name\":\"Body BABY EDICI\u00d3N LIMITADA - Molta Muntanya\",\"isPartOf\":{\"@id\":\"https:\\\/\\\/moltamuntanya.com\\\/es\\\/#website\"},\"primaryImageOfPage\":{\"@id\":\"https:\\\/\\\/moltamuntanya.com\\\/es\\\/producto\\\/body-baby-edicion-limitada\\\/#primaryimage\"},\"image\":{\"@id\":\"https:\\\/\\\/moltamuntanya.com\\\/es\\\/producto\\\/body-baby-edicion-limitada\\\/#primaryimage\"},\"thumbnailUrl\":\"https:\\\/\\\/moltamuntanya.com\\\/wp-content\\\/uploads\\\/2024\\\/02\\\/IMG_8595_VSCO-2-scaled.jpg\",\"datePublished\":\"2024-02-01T20:59:41+00:00\",\"dateModified\":\"2025-03-04T16:41:07+00:00\",\"breadcrumb\":{\"@id\":\"https:\\\/\\\/moltamuntanya.com\\\/es\\\/producto\\\/body-baby-edicion-limitada\\\/#breadcrumb\"},\"inLanguage\":\"es\",\"potentialAction\":[{\"@type\":\"ReadAction\",\"target\":[\"https:\\\/\\\/moltamuntanya.com\\\/es\\\/producto\\\/body-baby-edicion-limitada\\\/\"]}]},{\"@type\":\"ImageObject\",\"inLanguage\":\"es\",\"@id\":\"https:\\\/\\\/moltamuntanya.com\\\/es\\\/producto\\\/body-baby-edicion-limitada\\\/#primaryimage\",\"url\":\"https:\\\/\\\/moltamuntanya.com\\\/wp-content\\\/uploads\\\/2024\\\/02\\\/IMG_8595_VSCO-2-scaled.jpg\",\"contentUrl\":\"https:\\\/\\\/moltamuntanya.com\\\/wp-content\\\/uploads\\\/2024\\\/02\\\/IMG_8595_VSCO-2-scaled.jpg\",\"width\":2556,\"height\":2560,\"caption\":\"Processed with VSCO with kc25 preset\"},{\"@type\":\"BreadcrumbList\",\"@id\":\"https:\\\/\\\/moltamuntanya.com\\\/es\\\/producto\\\/body-baby-edicion-limitada\\\/#breadcrumb\",\"itemListElement\":[{\"@type\":\"ListItem\",\"position\":1,\"name\":\"Portada\",\"item\":\"https:\\\/\\\/moltamuntanya.com\\\/\"},{\"@type\":\"ListItem\",\"position\":2,\"name\":\"Productos\",\"item\":\"https:\\\/\\\/moltamuntanya.com\\\/es\\\/shop\\\/\"},{\"@type\":\"ListItem\",\"position\":3,\"name\":\"Body BABY EDICI\u00d3N LIMITADA\"}]},{\"@type\":\"WebSite\",\"@id\":\"https:\\\/\\\/moltamuntanya.com\\\/es\\\/#website\",\"url\":\"https:\\\/\\\/moltamuntanya.com\\\/es\\\/\",\"name\":\"Molta Muntanya\",\"description\":\"Muntanyes i cims de Mallorca\",\"publisher\":{\"@id\":\"https:\\\/\\\/moltamuntanya.com\\\/es\\\/#organization\"},\"potentialAction\":[{\"@type\":\"SearchAction\",\"target\":{\"@type\":\"EntryPoint\",\"urlTemplate\":\"https:\\\/\\\/moltamuntanya.com\\\/es\\\/?s={search_term_string}\"},\"query-input\":{\"@type\":\"PropertyValueSpecification\",\"valueRequired\":true,\"valueName\":\"search_term_string\"}}],\"inLanguage\":\"es\"},{\"@type\":\"Organization\",\"@id\":\"https:\\\/\\\/moltamuntanya.com\\\/es\\\/#organization\",\"name\":\"Molta Muntanya\",\"url\":\"https:\\\/\\\/moltamuntanya.com\\\/es\\\/\",\"logo\":{\"@type\":\"ImageObject\",\"inLanguage\":\"es\",\"@id\":\"https:\\\/\\\/moltamuntanya.com\\\/es\\\/#\\\/schema\\\/logo\\\/image\\\/\",\"url\":\"https:\\\/\\\/moltamuntanya.com\\\/wp-content\\\/uploads\\\/2024\\\/09\\\/cropped-logo-2024-bk.png\",\"contentUrl\":\"https:\\\/\\\/moltamuntanya.com\\\/wp-content\\\/uploads\\\/2024\\\/09\\\/cropped-logo-2024-bk.png\",\"width\":512,\"height\":512,\"caption\":\"Molta Muntanya\"},\"image\":{\"@id\":\"https:\\\/\\\/moltamuntanya.com\\\/es\\\/#\\\/schema\\\/logo\\\/image\\\/\"},\"sameAs\":[\"https:\\\/\\\/www.facebook.com\\\/moltamuntanya\\\/\",\"https:\\\/\\\/www.instagram.com\\\/moltamuntanya\\\/\"]}]}<\/script>\n<!-- \/ Yoast SEO plugin. -->","yoast_head_json":{"title":"Body BABY EDICI\u00d3N LIMITADA - Molta Muntanya","robots":{"index":"index","follow":"follow","max-snippet":"max-snippet:-1","max-image-preview":"max-image-preview:large","max-video-preview":"max-video-preview:-1"},"canonical":"https:\/\/moltamuntanya.com\/es\/producto\/body-baby-edicion-limitada\/","og_locale":"es_ES","og_type":"article","og_title":"Body BABY EDICI\u00d3N LIMITADA - Molta Muntanya","og_description":"Body Beb\u00e9 Edici\u00f3n Limitada  \"Bodys\" para los m\u00e1s peque\u00f1os monta\u00f1eros de la casa. Edici\u00f3n limitada, \u00a1pocas unidades de cada talla!  Tallas y dise\u00f1os: 0-3 meses Puig Major \/ 56-62CM 3-6 meses Puig Major \/ 62-68CM 6-9 meses Sa Calobra \/ 68-74CM 12-18 meses Sa Calobra \/ 80-86CM 18-24 meses 14 miles de Tramuntana \/ 86-92CM  BODY PARA BEB\u00c9S DE MANGA CORTA Manga pegada Ribete de canal\u00e9 1x1 en el cuello y la apertura de la pierna Solapa a presi\u00f3n en el hombro Cierre a presi\u00f3n en la parte trasera TEJIDO PRINCIPAL: INTERLOCK, 100% ALGOD\u00d3N ORG\u00c1NICO HILADO Y PEINADO, DESGASTADO, 210 GSM","og_url":"https:\/\/moltamuntanya.com\/es\/producto\/body-baby-edicion-limitada\/","og_site_name":"Molta Muntanya","article_publisher":"https:\/\/www.facebook.com\/moltamuntanya\/","article_modified_time":"2025-03-04T16:41:07+00:00","og_image":[{"width":2556,"height":2560,"url":"https:\/\/moltamuntanya.com\/wp-content\/uploads\/2024\/02\/IMG_8595_VSCO-2-scaled.jpg","type":"image\/jpeg"}],"twitter_card":"summary_large_image","twitter_misc":{"Tiempo de lectura":"1 minuto"},"schema":{"@context":"https:\/\/schema.org","@graph":[{"@type":"WebPage","@id":"https:\/\/moltamuntanya.com\/es\/producto\/body-baby-edicion-limitada\/","url":"https:\/\/moltamuntanya.com\/es\/producto\/body-baby-edicion-limitada\/","name":"Body BABY EDICI\u00d3N LIMITADA - Molta Muntanya","isPartOf":{"@id":"https:\/\/moltamuntanya.com\/es\/#website"},"primaryImageOfPage":{"@id":"https:\/\/moltamuntanya.com\/es\/producto\/body-baby-edicion-limitada\/#primaryimage"},"image":{"@id":"https:\/\/moltamuntanya.com\/es\/producto\/body-baby-edicion-limitada\/#primaryimage"},"thumbnailUrl":"https:\/\/moltamuntanya.com\/wp-content\/uploads\/2024\/02\/IMG_8595_VSCO-2-scaled.jpg","datePublished":"2024-02-01T20:59:41+00:00","dateModified":"2025-03-04T16:41:07+00:00","breadcrumb":{"@id":"https:\/\/moltamuntanya.com\/es\/producto\/body-baby-edicion-limitada\/#breadcrumb"},"inLanguage":"es","potentialAction":[{"@type":"ReadAction","target":["https:\/\/moltamuntanya.com\/es\/producto\/body-baby-edicion-limitada\/"]}]},{"@type":"ImageObject","inLanguage":"es","@id":"https:\/\/moltamuntanya.com\/es\/producto\/body-baby-edicion-limitada\/#primaryimage","url":"https:\/\/moltamuntanya.com\/wp-content\/uploads\/2024\/02\/IMG_8595_VSCO-2-scaled.jpg","contentUrl":"https:\/\/moltamuntanya.com\/wp-content\/uploads\/2024\/02\/IMG_8595_VSCO-2-scaled.jpg","width":2556,"height":2560,"caption":"Processed with VSCO with kc25 preset"},{"@type":"BreadcrumbList","@id":"https:\/\/moltamuntanya.com\/es\/producto\/body-baby-edicion-limitada\/#breadcrumb","itemListElement":[{"@type":"ListItem","position":1,"name":"Portada","item":"https:\/\/moltamuntanya.com\/"},{"@type":"ListItem","position":2,"name":"Productos","item":"https:\/\/moltamuntanya.com\/es\/shop\/"},{"@type":"ListItem","position":3,"name":"Body BABY EDICI\u00d3N LIMITADA"}]},{"@type":"WebSite","@id":"https:\/\/moltamuntanya.com\/es\/#website","url":"https:\/\/moltamuntanya.com\/es\/","name":"Molta Muntanya","description":"Muntanyes i cims de Mallorca","publisher":{"@id":"https:\/\/moltamuntanya.com\/es\/#organization"},"potentialAction":[{"@type":"SearchAction","target":{"@type":"EntryPoint","urlTemplate":"https:\/\/moltamuntanya.com\/es\/?s={search_term_string}"},"query-input":{"@type":"PropertyValueSpecification","valueRequired":true,"valueName":"search_term_string"}}],"inLanguage":"es"},{"@type":"Organization","@id":"https:\/\/moltamuntanya.com\/es\/#organization","name":"Molta Muntanya","url":"https:\/\/moltamuntanya.com\/es\/","logo":{"@type":"ImageObject","inLanguage":"es","@id":"https:\/\/moltamuntanya.com\/es\/#\/schema\/logo\/image\/","url":"https:\/\/moltamuntanya.com\/wp-content\/uploads\/2024\/09\/cropped-logo-2024-bk.png","contentUrl":"https:\/\/moltamuntanya.com\/wp-content\/uploads\/2024\/09\/cropped-logo-2024-bk.png","width":512,"height":512,"caption":"Molta Muntanya"},"image":{"@id":"https:\/\/moltamuntanya.com\/es\/#\/schema\/logo\/image\/"},"sameAs":["https:\/\/www.facebook.com\/moltamuntanya\/","https:\/\/www.instagram.com\/moltamuntanya\/"]}]}},"_links":{"self":[{"href":"https:\/\/moltamuntanya.com\/es\/wp-json\/wp\/v2\/product\/113405","targetHints":{"allow":["GET"]}}],"collection":[{"href":"https:\/\/moltamuntanya.com\/es\/wp-json\/wp\/v2\/product"}],"about":[{"href":"https:\/\/moltamuntanya.com\/es\/wp-json\/wp\/v2\/types\/product"}],"wp:featuredmedia":[{"embeddable":true,"href":"https:\/\/moltamuntanya.com\/es\/wp-json\/wp\/v2\/media\/113422"}],"wp:attachment":[{"href":"https:\/\/moltamuntanya.com\/es\/wp-json\/wp\/v2\/media?parent=113405"}],"wp:term":[{"taxonomy":"product_brand","embeddable":true,"href":"https:\/\/moltamuntanya.com\/es\/wp-json\/wp\/v2\/product_brand?post=113405"},{"taxonomy":"product_cat","embeddable":true,"href":"https:\/\/moltamuntanya.com\/es\/wp-json\/wp\/v2\/product_cat?post=113405"},{"taxonomy":"product_tag","embeddable":true,"href":"https:\/\/moltamuntanya.com\/es\/wp-json\/wp\/v2\/product_tag?post=113405"}],"curies":[{"name":"wp","href":"https:\/\/api.w.org\/{rel}","templated":true}]}}