{"id":113578,"date":"2024-02-02T15:28:24","date_gmt":"2024-02-02T14:28:24","guid":{"rendered":"https:\/\/moltamuntanya.com\/?post_type=product&#038;p=113578"},"modified":"2025-03-04T17:40:01","modified_gmt":"2025-03-04T16:40:01","slug":"sudadera-es-vedra-i-es-vedranell-ibiza","status":"publish","type":"product","link":"https:\/\/moltamuntanya.com\/es\/producto\/sudadera-es-vedra-i-es-vedranell-ibiza\/","title":{"rendered":"Sudadera ES VEDR\u00c0 I ES VEDRANELL IBIZA"},"content":{"rendered":"<h1>Sudadera Es Vedr\u00e0, Ibiza<\/h1>\n<p>Descubre los islotes Es Vedr\u00e0 y Es Vedranell: Tesoros naturales de Ibiza<\/p>\n<p>Los islotes de Es Vedr\u00e0 y Es Vedranell son dos tesoros naturales que cautivan la atenci\u00f3n de todos los que visitan Ibiza. Situados en la costa suroeste de la isla, estos impresionantes promontorios ofrecen un espect\u00e1culo visual impresionante y una profunda conexi\u00f3n con la leyenda y la historia de Ibiza.<\/p>\n<p>Pero, \u00bfc\u00f3mo ver Es Vedr\u00e0 desde la costa de Ibiza? Es una pregunta frecuente entre los visitantes que desean admirar esta maravilla natural. Es Vedr\u00e0 es visible desde varias playas y miradores de la isla, ofreciendo vistas panor\u00e1micas inolvidables que te dejar\u00e1n asombrado.<\/p>\n<p>La leyenda de Es Vedr\u00e0 es otro aspecto que atrae el inter\u00e9s de los viajeros. Rodeada de misterio y magia, la leyenda de Es Vedr\u00e0 habla de su influencia sobre las tradiciones y creencias locales. Se dice que estos islotes eran el refugio de sirenas y diosas del mar, d\u00e1ndoles un significado especial para la cultura ibicenca.<\/p>\n<p>El significado de Es Vedr\u00e0 va m\u00e1s all\u00e1 de su belleza natural. Estos islotes son considerados como lugares sagrados y misteriosos, con una historia de Es Vedr\u00e0 que se remonta a tiempos inmemoriales. Han sido escenario de varias leyendas e han inspirado a artistas y escritores a lo largo de los siglos.<\/p>\n<p>Ning\u00fan d\u00eda en Ibiza est\u00e1 completo sin admirar la puesta de sol en Es Vedr\u00e0. Este espect\u00e1culo de luz y color es uno de los momentos m\u00e1s m\u00e1gicos que puedes vivir en la isla, y es una experiencia que quedar\u00e1 grabada para siempre en la memoria.<\/p>\n","protected":false},"excerpt":{"rendered":"<p>Sudadera 85% algod\u00f3n org\u00e1nico y 15% poli\u00e9ster reciclado (280g\/m2), con sus respectivos certificados \u00e9ticos y ecol\u00f3gicos que certifican tanto la calidad del tejido como de fabricaci\u00f3n responsable.<\/p>\n<p>Tallas: XS &#8211; XXL<\/p>\n","protected":false},"featured_media":113585,"template":"","meta":[],"product_brand":[],"product_cat":[150,159],"product_tag":[],"class_list":{"0":"post-113578","1":"product","2":"type-product","3":"status-publish","4":"has-post-thumbnail","6":"product_cat-mallorca-es","7":"product_cat-sudaderas","9":"first","10":"instock","11":"taxable","12":"shipping-taxable","13":"purchasable","14":"product-type-variable","15":"has-default-attributes"},"yoast_head":"<!-- This site is optimized with the Yoast SEO plugin v27.4 - https:\/\/yoast.com\/product\/yoast-seo-wordpress\/ -->\n<title>Sudadera ES VEDR\u00c0 I ES VEDRANELL IBIZA - Molta Muntanya<\/title>\n<meta name=\"robots\" content=\"index, follow, max-snippet:-1, max-image-preview:large, max-video-preview:-1\" \/>\n<link rel=\"canonical\" href=\"https:\/\/moltamuntanya.com\/es\/producto\/sudadera-es-vedra-i-es-vedranell-ibiza\/\" \/>\n<meta property=\"og:locale\" content=\"es_ES\" \/>\n<meta property=\"og:type\" content=\"article\" \/>\n<meta property=\"og:title\" content=\"Sudadera ES VEDR\u00c0 I ES VEDRANELL IBIZA - Molta Muntanya\" \/>\n<meta property=\"og:description\" content=\"Sudadera 85% algod\u00f3n org\u00e1nico y 15% poli\u00e9ster reciclado (280g\/m2), con sus respectivos certificados \u00e9ticos y ecol\u00f3gicos que certifican tanto la calidad del tejido como de fabricaci\u00f3n responsable.  Tallas: XS - XXL\" \/>\n<meta property=\"og:url\" content=\"https:\/\/moltamuntanya.com\/es\/producto\/sudadera-es-vedra-i-es-vedranell-ibiza\/\" \/>\n<meta property=\"og:site_name\" content=\"Molta Muntanya\" \/>\n<meta property=\"article:modified_time\" content=\"2025-03-04T16:40:01+00:00\" \/>\n<meta property=\"og:image\" content=\"https:\/\/moltamuntanya.com\/wp-content\/uploads\/2024\/02\/esvedra_sudadera_vermell.jpg\" \/>\n\t<meta property=\"og:image:width\" content=\"1000\" \/>\n\t<meta property=\"og:image:height\" content=\"1000\" \/>\n\t<meta property=\"og:image:type\" content=\"image\/jpeg\" \/>\n<meta name=\"twitter:card\" content=\"summary_large_image\" \/>\n<meta name=\"twitter:label1\" content=\"Tiempo de lectura\" \/>\n\t<meta name=\"twitter:data1\" content=\"2 minutos\" \/>\n<script type=\"application\/ld+json\" class=\"yoast-schema-graph\">{\"@context\":\"https:\\\/\\\/schema.org\",\"@graph\":[{\"@type\":\"WebPage\",\"@id\":\"https:\\\/\\\/moltamuntanya.com\\\/es\\\/producto\\\/sudadera-es-vedra-i-es-vedranell-ibiza\\\/\",\"url\":\"https:\\\/\\\/moltamuntanya.com\\\/es\\\/producto\\\/sudadera-es-vedra-i-es-vedranell-ibiza\\\/\",\"name\":\"Sudadera ES VEDR\u00c0 I ES VEDRANELL IBIZA - Molta Muntanya\",\"isPartOf\":{\"@id\":\"https:\\\/\\\/moltamuntanya.com\\\/es\\\/#website\"},\"primaryImageOfPage\":{\"@id\":\"https:\\\/\\\/moltamuntanya.com\\\/es\\\/producto\\\/sudadera-es-vedra-i-es-vedranell-ibiza\\\/#primaryimage\"},\"image\":{\"@id\":\"https:\\\/\\\/moltamuntanya.com\\\/es\\\/producto\\\/sudadera-es-vedra-i-es-vedranell-ibiza\\\/#primaryimage\"},\"thumbnailUrl\":\"https:\\\/\\\/moltamuntanya.com\\\/wp-content\\\/uploads\\\/2024\\\/02\\\/esvedra_sudadera_vermell.jpg\",\"datePublished\":\"2024-02-02T14:28:24+00:00\",\"dateModified\":\"2025-03-04T16:40:01+00:00\",\"breadcrumb\":{\"@id\":\"https:\\\/\\\/moltamuntanya.com\\\/es\\\/producto\\\/sudadera-es-vedra-i-es-vedranell-ibiza\\\/#breadcrumb\"},\"inLanguage\":\"es\",\"potentialAction\":[{\"@type\":\"ReadAction\",\"target\":[\"https:\\\/\\\/moltamuntanya.com\\\/es\\\/producto\\\/sudadera-es-vedra-i-es-vedranell-ibiza\\\/\"]}]},{\"@type\":\"ImageObject\",\"inLanguage\":\"es\",\"@id\":\"https:\\\/\\\/moltamuntanya.com\\\/es\\\/producto\\\/sudadera-es-vedra-i-es-vedranell-ibiza\\\/#primaryimage\",\"url\":\"https:\\\/\\\/moltamuntanya.com\\\/wp-content\\\/uploads\\\/2024\\\/02\\\/esvedra_sudadera_vermell.jpg\",\"contentUrl\":\"https:\\\/\\\/moltamuntanya.com\\\/wp-content\\\/uploads\\\/2024\\\/02\\\/esvedra_sudadera_vermell.jpg\",\"width\":1000,\"height\":1000},{\"@type\":\"BreadcrumbList\",\"@id\":\"https:\\\/\\\/moltamuntanya.com\\\/es\\\/producto\\\/sudadera-es-vedra-i-es-vedranell-ibiza\\\/#breadcrumb\",\"itemListElement\":[{\"@type\":\"ListItem\",\"position\":1,\"name\":\"Portada\",\"item\":\"https:\\\/\\\/moltamuntanya.com\\\/\"},{\"@type\":\"ListItem\",\"position\":2,\"name\":\"Productos\",\"item\":\"https:\\\/\\\/moltamuntanya.com\\\/es\\\/shop\\\/\"},{\"@type\":\"ListItem\",\"position\":3,\"name\":\"Sudadera ES VEDR\u00c0 I ES VEDRANELL IBIZA\"}]},{\"@type\":\"WebSite\",\"@id\":\"https:\\\/\\\/moltamuntanya.com\\\/es\\\/#website\",\"url\":\"https:\\\/\\\/moltamuntanya.com\\\/es\\\/\",\"name\":\"Molta Muntanya\",\"description\":\"Muntanyes i cims de Mallorca\",\"potentialAction\":[{\"@type\":\"SearchAction\",\"target\":{\"@type\":\"EntryPoint\",\"urlTemplate\":\"https:\\\/\\\/moltamuntanya.com\\\/es\\\/?s={search_term_string}\"},\"query-input\":{\"@type\":\"PropertyValueSpecification\",\"valueRequired\":true,\"valueName\":\"search_term_string\"}}],\"inLanguage\":\"es\"}]}<\/script>\n<!-- \/ Yoast SEO plugin. -->","yoast_head_json":{"title":"Sudadera ES VEDR\u00c0 I ES VEDRANELL IBIZA - Molta Muntanya","robots":{"index":"index","follow":"follow","max-snippet":"max-snippet:-1","max-image-preview":"max-image-preview:large","max-video-preview":"max-video-preview:-1"},"canonical":"https:\/\/moltamuntanya.com\/es\/producto\/sudadera-es-vedra-i-es-vedranell-ibiza\/","og_locale":"es_ES","og_type":"article","og_title":"Sudadera ES VEDR\u00c0 I ES VEDRANELL IBIZA - Molta Muntanya","og_description":"Sudadera 85% algod\u00f3n org\u00e1nico y 15% poli\u00e9ster reciclado (280g\/m2), con sus respectivos certificados \u00e9ticos y ecol\u00f3gicos que certifican tanto la calidad del tejido como de fabricaci\u00f3n responsable.  Tallas: XS - XXL","og_url":"https:\/\/moltamuntanya.com\/es\/producto\/sudadera-es-vedra-i-es-vedranell-ibiza\/","og_site_name":"Molta Muntanya","article_modified_time":"2025-03-04T16:40:01+00:00","og_image":[{"width":1000,"height":1000,"url":"https:\/\/moltamuntanya.com\/wp-content\/uploads\/2024\/02\/esvedra_sudadera_vermell.jpg","type":"image\/jpeg"}],"twitter_card":"summary_large_image","twitter_misc":{"Tiempo de lectura":"2 minutos"},"schema":{"@context":"https:\/\/schema.org","@graph":[{"@type":"WebPage","@id":"https:\/\/moltamuntanya.com\/es\/producto\/sudadera-es-vedra-i-es-vedranell-ibiza\/","url":"https:\/\/moltamuntanya.com\/es\/producto\/sudadera-es-vedra-i-es-vedranell-ibiza\/","name":"Sudadera ES VEDR\u00c0 I ES VEDRANELL IBIZA - Molta Muntanya","isPartOf":{"@id":"https:\/\/moltamuntanya.com\/es\/#website"},"primaryImageOfPage":{"@id":"https:\/\/moltamuntanya.com\/es\/producto\/sudadera-es-vedra-i-es-vedranell-ibiza\/#primaryimage"},"image":{"@id":"https:\/\/moltamuntanya.com\/es\/producto\/sudadera-es-vedra-i-es-vedranell-ibiza\/#primaryimage"},"thumbnailUrl":"https:\/\/moltamuntanya.com\/wp-content\/uploads\/2024\/02\/esvedra_sudadera_vermell.jpg","datePublished":"2024-02-02T14:28:24+00:00","dateModified":"2025-03-04T16:40:01+00:00","breadcrumb":{"@id":"https:\/\/moltamuntanya.com\/es\/producto\/sudadera-es-vedra-i-es-vedranell-ibiza\/#breadcrumb"},"inLanguage":"es","potentialAction":[{"@type":"ReadAction","target":["https:\/\/moltamuntanya.com\/es\/producto\/sudadera-es-vedra-i-es-vedranell-ibiza\/"]}]},{"@type":"ImageObject","inLanguage":"es","@id":"https:\/\/moltamuntanya.com\/es\/producto\/sudadera-es-vedra-i-es-vedranell-ibiza\/#primaryimage","url":"https:\/\/moltamuntanya.com\/wp-content\/uploads\/2024\/02\/esvedra_sudadera_vermell.jpg","contentUrl":"https:\/\/moltamuntanya.com\/wp-content\/uploads\/2024\/02\/esvedra_sudadera_vermell.jpg","width":1000,"height":1000},{"@type":"BreadcrumbList","@id":"https:\/\/moltamuntanya.com\/es\/producto\/sudadera-es-vedra-i-es-vedranell-ibiza\/#breadcrumb","itemListElement":[{"@type":"ListItem","position":1,"name":"Portada","item":"https:\/\/moltamuntanya.com\/"},{"@type":"ListItem","position":2,"name":"Productos","item":"https:\/\/moltamuntanya.com\/es\/shop\/"},{"@type":"ListItem","position":3,"name":"Sudadera ES VEDR\u00c0 I ES VEDRANELL IBIZA"}]},{"@type":"WebSite","@id":"https:\/\/moltamuntanya.com\/es\/#website","url":"https:\/\/moltamuntanya.com\/es\/","name":"Molta Muntanya","description":"Muntanyes i cims de Mallorca","potentialAction":[{"@type":"SearchAction","target":{"@type":"EntryPoint","urlTemplate":"https:\/\/moltamuntanya.com\/es\/?s={search_term_string}"},"query-input":{"@type":"PropertyValueSpecification","valueRequired":true,"valueName":"search_term_string"}}],"inLanguage":"es"}]}},"_links":{"self":[{"href":"https:\/\/moltamuntanya.com\/es\/wp-json\/wp\/v2\/product\/113578","targetHints":{"allow":["GET"]}}],"collection":[{"href":"https:\/\/moltamuntanya.com\/es\/wp-json\/wp\/v2\/product"}],"about":[{"href":"https:\/\/moltamuntanya.com\/es\/wp-json\/wp\/v2\/types\/product"}],"wp:featuredmedia":[{"embeddable":true,"href":"https:\/\/moltamuntanya.com\/es\/wp-json\/wp\/v2\/media\/113585"}],"wp:attachment":[{"href":"https:\/\/moltamuntanya.com\/es\/wp-json\/wp\/v2\/media?parent=113578"}],"wp:term":[{"taxonomy":"product_brand","embeddable":true,"href":"https:\/\/moltamuntanya.com\/es\/wp-json\/wp\/v2\/product_brand?post=113578"},{"taxonomy":"product_cat","embeddable":true,"href":"https:\/\/moltamuntanya.com\/es\/wp-json\/wp\/v2\/product_cat?post=113578"},{"taxonomy":"product_tag","embeddable":true,"href":"https:\/\/moltamuntanya.com\/es\/wp-json\/wp\/v2\/product_tag?post=113578"}],"curies":[{"name":"wp","href":"https:\/\/api.w.org\/{rel}","templated":true}]}}