{"id":114023,"date":"2024-05-28T16:10:09","date_gmt":"2024-05-28T15:10:09","guid":{"rendered":"https:\/\/moltamuntanya.com\/?post_type=product&#038;p=114023"},"modified":"2025-03-04T17:37:31","modified_gmt":"2025-03-04T16:37:31","slug":"sudadera-macizo-aneto-maladeta","status":"publish","type":"product","link":"https:\/\/moltamuntanya.com\/es\/producto\/sudadera-macizo-aneto-maladeta\/","title":{"rendered":"Sudadera MACIZO ANETO &#8211; MALADETA"},"content":{"rendered":"<h2>Sudadera macizo ANETO &#8211; MALADETA<\/h2>\n<p>Dise\u00f1o inspirado en el mapa topogr\u00e1fico del macizo del Aneto, donde se pueden observar las cimas de Arag\u00fcelles, Aneto, Maladeta y Tempestades.<\/p>\n","protected":false},"excerpt":{"rendered":"<p>Sudadera 85% algod\u00f3n org\u00e1nico y 15% poli\u00e9ster reciclado (280g\/m2), con sus respectivos certificados \u00e9ticos y ecol\u00f3gicos que certifican tanto la calidad del tejido como de fabricaci\u00f3n responsable.<\/p>\n<p>Tallas: XS &#8211; XXL<\/p>\n","protected":false},"featured_media":114036,"template":"","meta":[],"product_brand":[],"product_cat":[159],"product_tag":[],"class_list":{"0":"post-114023","1":"product","2":"type-product","3":"status-publish","4":"has-post-thumbnail","6":"product_cat-sudaderas","8":"first","9":"instock","10":"taxable","11":"shipping-taxable","12":"purchasable","13":"product-type-variable","14":"has-default-attributes"},"yoast_head":"<!-- This site is optimized with the Yoast SEO plugin v27.4 - https:\/\/yoast.com\/product\/yoast-seo-wordpress\/ -->\n<title>Sudadera MACIZO ANETO - MALADETA - Molta Muntanya<\/title>\n<meta name=\"robots\" content=\"index, follow, max-snippet:-1, max-image-preview:large, max-video-preview:-1\" \/>\n<link rel=\"canonical\" href=\"https:\/\/moltamuntanya.com\/es\/producto\/sudadera-macizo-aneto-maladeta\/\" \/>\n<meta property=\"og:locale\" content=\"es_ES\" \/>\n<meta property=\"og:type\" content=\"article\" \/>\n<meta property=\"og:title\" content=\"Sudadera MACIZO ANETO - MALADETA - Molta Muntanya\" \/>\n<meta property=\"og:description\" content=\"Sudadera 85% algod\u00f3n org\u00e1nico y 15% poli\u00e9ster reciclado (280g\/m2), con sus respectivos certificados \u00e9ticos y ecol\u00f3gicos que certifican tanto la calidad del tejido como de fabricaci\u00f3n responsable.  Tallas: XS - XXL\" \/>\n<meta property=\"og:url\" content=\"https:\/\/moltamuntanya.com\/es\/producto\/sudadera-macizo-aneto-maladeta\/\" \/>\n<meta property=\"og:site_name\" content=\"Molta Muntanya\" \/>\n<meta property=\"article:modified_time\" content=\"2025-03-04T16:37:31+00:00\" \/>\n<meta property=\"og:image\" content=\"https:\/\/moltamuntanya.com\/wp-content\/uploads\/2024\/05\/aneto_sudadera_grisink.jpg\" \/>\n\t<meta property=\"og:image:width\" content=\"1000\" \/>\n\t<meta property=\"og:image:height\" content=\"1000\" \/>\n\t<meta property=\"og:image:type\" content=\"image\/jpeg\" \/>\n<meta name=\"twitter:card\" content=\"summary_large_image\" \/>\n<meta name=\"twitter:label1\" content=\"Tiempo de lectura\" \/>\n\t<meta name=\"twitter:data1\" content=\"1 minuto\" \/>\n<script type=\"application\/ld+json\" class=\"yoast-schema-graph\">{\"@context\":\"https:\\\/\\\/schema.org\",\"@graph\":[{\"@type\":\"WebPage\",\"@id\":\"https:\\\/\\\/moltamuntanya.com\\\/es\\\/producto\\\/sudadera-macizo-aneto-maladeta\\\/\",\"url\":\"https:\\\/\\\/moltamuntanya.com\\\/es\\\/producto\\\/sudadera-macizo-aneto-maladeta\\\/\",\"name\":\"Sudadera MACIZO ANETO - MALADETA - Molta Muntanya\",\"isPartOf\":{\"@id\":\"https:\\\/\\\/moltamuntanya.com\\\/es\\\/#website\"},\"primaryImageOfPage\":{\"@id\":\"https:\\\/\\\/moltamuntanya.com\\\/es\\\/producto\\\/sudadera-macizo-aneto-maladeta\\\/#primaryimage\"},\"image\":{\"@id\":\"https:\\\/\\\/moltamuntanya.com\\\/es\\\/producto\\\/sudadera-macizo-aneto-maladeta\\\/#primaryimage\"},\"thumbnailUrl\":\"https:\\\/\\\/moltamuntanya.com\\\/wp-content\\\/uploads\\\/2024\\\/05\\\/aneto_sudadera_grisink.jpg\",\"datePublished\":\"2024-05-28T15:10:09+00:00\",\"dateModified\":\"2025-03-04T16:37:31+00:00\",\"breadcrumb\":{\"@id\":\"https:\\\/\\\/moltamuntanya.com\\\/es\\\/producto\\\/sudadera-macizo-aneto-maladeta\\\/#breadcrumb\"},\"inLanguage\":\"es\",\"potentialAction\":[{\"@type\":\"ReadAction\",\"target\":[\"https:\\\/\\\/moltamuntanya.com\\\/es\\\/producto\\\/sudadera-macizo-aneto-maladeta\\\/\"]}]},{\"@type\":\"ImageObject\",\"inLanguage\":\"es\",\"@id\":\"https:\\\/\\\/moltamuntanya.com\\\/es\\\/producto\\\/sudadera-macizo-aneto-maladeta\\\/#primaryimage\",\"url\":\"https:\\\/\\\/moltamuntanya.com\\\/wp-content\\\/uploads\\\/2024\\\/05\\\/aneto_sudadera_grisink.jpg\",\"contentUrl\":\"https:\\\/\\\/moltamuntanya.com\\\/wp-content\\\/uploads\\\/2024\\\/05\\\/aneto_sudadera_grisink.jpg\",\"width\":1000,\"height\":1000},{\"@type\":\"BreadcrumbList\",\"@id\":\"https:\\\/\\\/moltamuntanya.com\\\/es\\\/producto\\\/sudadera-macizo-aneto-maladeta\\\/#breadcrumb\",\"itemListElement\":[{\"@type\":\"ListItem\",\"position\":1,\"name\":\"Portada\",\"item\":\"https:\\\/\\\/moltamuntanya.com\\\/\"},{\"@type\":\"ListItem\",\"position\":2,\"name\":\"Productos\",\"item\":\"https:\\\/\\\/moltamuntanya.com\\\/es\\\/shop\\\/\"},{\"@type\":\"ListItem\",\"position\":3,\"name\":\"Sudadera MACIZO ANETO &#8211; MALADETA\"}]},{\"@type\":\"WebSite\",\"@id\":\"https:\\\/\\\/moltamuntanya.com\\\/es\\\/#website\",\"url\":\"https:\\\/\\\/moltamuntanya.com\\\/es\\\/\",\"name\":\"Molta Muntanya\",\"description\":\"Muntanyes i cims de Mallorca\",\"potentialAction\":[{\"@type\":\"SearchAction\",\"target\":{\"@type\":\"EntryPoint\",\"urlTemplate\":\"https:\\\/\\\/moltamuntanya.com\\\/es\\\/?s={search_term_string}\"},\"query-input\":{\"@type\":\"PropertyValueSpecification\",\"valueRequired\":true,\"valueName\":\"search_term_string\"}}],\"inLanguage\":\"es\"}]}<\/script>\n<!-- \/ Yoast SEO plugin. -->","yoast_head_json":{"title":"Sudadera MACIZO ANETO - MALADETA - Molta Muntanya","robots":{"index":"index","follow":"follow","max-snippet":"max-snippet:-1","max-image-preview":"max-image-preview:large","max-video-preview":"max-video-preview:-1"},"canonical":"https:\/\/moltamuntanya.com\/es\/producto\/sudadera-macizo-aneto-maladeta\/","og_locale":"es_ES","og_type":"article","og_title":"Sudadera MACIZO ANETO - MALADETA - Molta Muntanya","og_description":"Sudadera 85% algod\u00f3n org\u00e1nico y 15% poli\u00e9ster reciclado (280g\/m2), con sus respectivos certificados \u00e9ticos y ecol\u00f3gicos que certifican tanto la calidad del tejido como de fabricaci\u00f3n responsable.  Tallas: XS - XXL","og_url":"https:\/\/moltamuntanya.com\/es\/producto\/sudadera-macizo-aneto-maladeta\/","og_site_name":"Molta Muntanya","article_modified_time":"2025-03-04T16:37:31+00:00","og_image":[{"width":1000,"height":1000,"url":"https:\/\/moltamuntanya.com\/wp-content\/uploads\/2024\/05\/aneto_sudadera_grisink.jpg","type":"image\/jpeg"}],"twitter_card":"summary_large_image","twitter_misc":{"Tiempo de lectura":"1 minuto"},"schema":{"@context":"https:\/\/schema.org","@graph":[{"@type":"WebPage","@id":"https:\/\/moltamuntanya.com\/es\/producto\/sudadera-macizo-aneto-maladeta\/","url":"https:\/\/moltamuntanya.com\/es\/producto\/sudadera-macizo-aneto-maladeta\/","name":"Sudadera MACIZO ANETO - MALADETA - Molta Muntanya","isPartOf":{"@id":"https:\/\/moltamuntanya.com\/es\/#website"},"primaryImageOfPage":{"@id":"https:\/\/moltamuntanya.com\/es\/producto\/sudadera-macizo-aneto-maladeta\/#primaryimage"},"image":{"@id":"https:\/\/moltamuntanya.com\/es\/producto\/sudadera-macizo-aneto-maladeta\/#primaryimage"},"thumbnailUrl":"https:\/\/moltamuntanya.com\/wp-content\/uploads\/2024\/05\/aneto_sudadera_grisink.jpg","datePublished":"2024-05-28T15:10:09+00:00","dateModified":"2025-03-04T16:37:31+00:00","breadcrumb":{"@id":"https:\/\/moltamuntanya.com\/es\/producto\/sudadera-macizo-aneto-maladeta\/#breadcrumb"},"inLanguage":"es","potentialAction":[{"@type":"ReadAction","target":["https:\/\/moltamuntanya.com\/es\/producto\/sudadera-macizo-aneto-maladeta\/"]}]},{"@type":"ImageObject","inLanguage":"es","@id":"https:\/\/moltamuntanya.com\/es\/producto\/sudadera-macizo-aneto-maladeta\/#primaryimage","url":"https:\/\/moltamuntanya.com\/wp-content\/uploads\/2024\/05\/aneto_sudadera_grisink.jpg","contentUrl":"https:\/\/moltamuntanya.com\/wp-content\/uploads\/2024\/05\/aneto_sudadera_grisink.jpg","width":1000,"height":1000},{"@type":"BreadcrumbList","@id":"https:\/\/moltamuntanya.com\/es\/producto\/sudadera-macizo-aneto-maladeta\/#breadcrumb","itemListElement":[{"@type":"ListItem","position":1,"name":"Portada","item":"https:\/\/moltamuntanya.com\/"},{"@type":"ListItem","position":2,"name":"Productos","item":"https:\/\/moltamuntanya.com\/es\/shop\/"},{"@type":"ListItem","position":3,"name":"Sudadera MACIZO ANETO &#8211; MALADETA"}]},{"@type":"WebSite","@id":"https:\/\/moltamuntanya.com\/es\/#website","url":"https:\/\/moltamuntanya.com\/es\/","name":"Molta Muntanya","description":"Muntanyes i cims de Mallorca","potentialAction":[{"@type":"SearchAction","target":{"@type":"EntryPoint","urlTemplate":"https:\/\/moltamuntanya.com\/es\/?s={search_term_string}"},"query-input":{"@type":"PropertyValueSpecification","valueRequired":true,"valueName":"search_term_string"}}],"inLanguage":"es"}]}},"_links":{"self":[{"href":"https:\/\/moltamuntanya.com\/es\/wp-json\/wp\/v2\/product\/114023","targetHints":{"allow":["GET"]}}],"collection":[{"href":"https:\/\/moltamuntanya.com\/es\/wp-json\/wp\/v2\/product"}],"about":[{"href":"https:\/\/moltamuntanya.com\/es\/wp-json\/wp\/v2\/types\/product"}],"wp:featuredmedia":[{"embeddable":true,"href":"https:\/\/moltamuntanya.com\/es\/wp-json\/wp\/v2\/media\/114036"}],"wp:attachment":[{"href":"https:\/\/moltamuntanya.com\/es\/wp-json\/wp\/v2\/media?parent=114023"}],"wp:term":[{"taxonomy":"product_brand","embeddable":true,"href":"https:\/\/moltamuntanya.com\/es\/wp-json\/wp\/v2\/product_brand?post=114023"},{"taxonomy":"product_cat","embeddable":true,"href":"https:\/\/moltamuntanya.com\/es\/wp-json\/wp\/v2\/product_cat?post=114023"},{"taxonomy":"product_tag","embeddable":true,"href":"https:\/\/moltamuntanya.com\/es\/wp-json\/wp\/v2\/product_tag?post=114023"}],"curies":[{"name":"wp","href":"https:\/\/api.w.org\/{rel}","templated":true}]}}