{"id":114549,"date":"2024-11-25T11:21:11","date_gmt":"2024-11-25T10:21:11","guid":{"rendered":"https:\/\/moltamuntanya.com\/?post_type=product&#038;p=114549"},"modified":"2025-03-04T17:35:00","modified_gmt":"2025-03-04T16:35:00","slug":"sudadera-setas-cataluna","status":"publish","type":"product","link":"https:\/\/moltamuntanya.com\/es\/producto\/sudadera-setas-cataluna\/","title":{"rendered":"Sudadera SETAS CATALU\u00d1A"},"content":{"rendered":"<h2>Sudadera Setas de Catalu\u00f1a<\/h2>\n<p>Descubre nuestra sudadera de bolets de Catalunya, una prenda \u00fanica dise\u00f1ada para los amantes de la naturaleza, la monta\u00f1a y la micolog\u00eda. Este dise\u00f1o celebra la rica diversidad de setas que se encuentran en los bosques catalanes, desde el n\u00edscalo hasta la trompeta de la muerte, plasmando su belleza con un estilo moderno y artesanal.<\/p>\n<p>Perfecta para tus excursiones, escapadas al aire libre o para lucir tu pasi\u00f3n por las setas en el d\u00eda a d\u00eda. Confeccionada con materiales sostenibles y estampada con t\u00e9cnicas de serigraf\u00eda artesanal, esta sudadera combina comodidad, calidad y respeto por el medio ambiente.<\/p>\n<p>Regala o reg\u00e1late un pedacito de la magia de los bosques de Catalu\u00f1a con nuestra sudadera de setas, ideal para senderistas, recolectores de setas y amantes de la naturaleza.<\/p>\n","protected":false},"excerpt":{"rendered":"<p>Sudadera 85% algod\u00f3n org\u00e1nico y 15% poli\u00e9ster reciclado (280g\/m2), con sus respectivos certificados \u00e9ticos y ecol\u00f3gicos que certifican tanto la calidad del tejido como de fabricaci\u00f3n responsable.<\/p>\n<p>Tallas: XS &#8211; XXL<\/p>\n","protected":false},"featured_media":114454,"template":"","meta":[],"product_brand":[],"product_cat":[147,159],"product_tag":[],"class_list":{"0":"post-114549","1":"product","2":"type-product","3":"status-publish","4":"has-post-thumbnail","6":"product_cat-cataluna","7":"product_cat-sudaderas","9":"first","10":"instock","11":"taxable","12":"shipping-taxable","13":"purchasable","14":"product-type-variable","15":"has-default-attributes"},"yoast_head":"<!-- This site is optimized with the Yoast SEO plugin v27.5 - https:\/\/yoast.com\/product\/yoast-seo-wordpress\/ -->\n<title>Sudadera SETAS CATALU\u00d1A - Molta Muntanya<\/title>\n<meta name=\"robots\" content=\"index, follow, max-snippet:-1, max-image-preview:large, max-video-preview:-1\" \/>\n<link rel=\"canonical\" href=\"https:\/\/moltamuntanya.com\/es\/producto\/sudadera-setas-cataluna\/\" \/>\n<meta property=\"og:locale\" content=\"es_ES\" \/>\n<meta property=\"og:type\" content=\"article\" \/>\n<meta property=\"og:title\" content=\"Sudadera SETAS CATALU\u00d1A - Molta Muntanya\" \/>\n<meta property=\"og:description\" content=\"Sudadera 85% algod\u00f3n org\u00e1nico y 15% poli\u00e9ster reciclado (280g\/m2), con sus respectivos certificados \u00e9ticos y ecol\u00f3gicos que certifican tanto la calidad del tejido como de fabricaci\u00f3n responsable.  Tallas: XS - XXL\" \/>\n<meta property=\"og:url\" content=\"https:\/\/moltamuntanya.com\/es\/producto\/sudadera-setas-cataluna\/\" \/>\n<meta property=\"og:site_name\" content=\"Molta Muntanya\" \/>\n<meta property=\"article:publisher\" content=\"https:\/\/www.facebook.com\/moltamuntanya\/\" \/>\n<meta property=\"article:modified_time\" content=\"2025-03-04T16:35:00+00:00\" \/>\n<meta property=\"og:image\" content=\"https:\/\/moltamuntanya.com\/wp-content\/uploads\/2024\/11\/bolets_sudadera_vermell.jpg\" \/>\n\t<meta property=\"og:image:width\" content=\"1000\" \/>\n\t<meta property=\"og:image:height\" content=\"1000\" \/>\n\t<meta property=\"og:image:type\" content=\"image\/jpeg\" \/>\n<meta name=\"twitter:card\" content=\"summary_large_image\" \/>\n<meta name=\"twitter:label1\" content=\"Tiempo de lectura\" \/>\n\t<meta name=\"twitter:data1\" content=\"1 minuto\" \/>\n<script type=\"application\/ld+json\" class=\"yoast-schema-graph\">{\"@context\":\"https:\\\/\\\/schema.org\",\"@graph\":[{\"@type\":\"WebPage\",\"@id\":\"https:\\\/\\\/moltamuntanya.com\\\/es\\\/producto\\\/sudadera-setas-cataluna\\\/\",\"url\":\"https:\\\/\\\/moltamuntanya.com\\\/es\\\/producto\\\/sudadera-setas-cataluna\\\/\",\"name\":\"Sudadera SETAS CATALU\u00d1A - Molta Muntanya\",\"isPartOf\":{\"@id\":\"https:\\\/\\\/moltamuntanya.com\\\/es\\\/#website\"},\"primaryImageOfPage\":{\"@id\":\"https:\\\/\\\/moltamuntanya.com\\\/es\\\/producto\\\/sudadera-setas-cataluna\\\/#primaryimage\"},\"image\":{\"@id\":\"https:\\\/\\\/moltamuntanya.com\\\/es\\\/producto\\\/sudadera-setas-cataluna\\\/#primaryimage\"},\"thumbnailUrl\":\"https:\\\/\\\/moltamuntanya.com\\\/wp-content\\\/uploads\\\/2024\\\/11\\\/bolets_sudadera_vermell.jpg\",\"datePublished\":\"2024-11-25T10:21:11+00:00\",\"dateModified\":\"2025-03-04T16:35:00+00:00\",\"breadcrumb\":{\"@id\":\"https:\\\/\\\/moltamuntanya.com\\\/es\\\/producto\\\/sudadera-setas-cataluna\\\/#breadcrumb\"},\"inLanguage\":\"es\",\"potentialAction\":[{\"@type\":\"ReadAction\",\"target\":[\"https:\\\/\\\/moltamuntanya.com\\\/es\\\/producto\\\/sudadera-setas-cataluna\\\/\"]}]},{\"@type\":\"ImageObject\",\"inLanguage\":\"es\",\"@id\":\"https:\\\/\\\/moltamuntanya.com\\\/es\\\/producto\\\/sudadera-setas-cataluna\\\/#primaryimage\",\"url\":\"https:\\\/\\\/moltamuntanya.com\\\/wp-content\\\/uploads\\\/2024\\\/11\\\/bolets_sudadera_vermell.jpg\",\"contentUrl\":\"https:\\\/\\\/moltamuntanya.com\\\/wp-content\\\/uploads\\\/2024\\\/11\\\/bolets_sudadera_vermell.jpg\",\"width\":1000,\"height\":1000},{\"@type\":\"BreadcrumbList\",\"@id\":\"https:\\\/\\\/moltamuntanya.com\\\/es\\\/producto\\\/sudadera-setas-cataluna\\\/#breadcrumb\",\"itemListElement\":[{\"@type\":\"ListItem\",\"position\":1,\"name\":\"Portada\",\"item\":\"https:\\\/\\\/moltamuntanya.com\\\/\"},{\"@type\":\"ListItem\",\"position\":2,\"name\":\"Productos\",\"item\":\"https:\\\/\\\/moltamuntanya.com\\\/es\\\/shop\\\/\"},{\"@type\":\"ListItem\",\"position\":3,\"name\":\"Sudadera SETAS CATALU\u00d1A\"}]},{\"@type\":\"WebSite\",\"@id\":\"https:\\\/\\\/moltamuntanya.com\\\/es\\\/#website\",\"url\":\"https:\\\/\\\/moltamuntanya.com\\\/es\\\/\",\"name\":\"Molta Muntanya\",\"description\":\"Muntanyes i cims de Mallorca\",\"publisher\":{\"@id\":\"https:\\\/\\\/moltamuntanya.com\\\/es\\\/#organization\"},\"potentialAction\":[{\"@type\":\"SearchAction\",\"target\":{\"@type\":\"EntryPoint\",\"urlTemplate\":\"https:\\\/\\\/moltamuntanya.com\\\/es\\\/?s={search_term_string}\"},\"query-input\":{\"@type\":\"PropertyValueSpecification\",\"valueRequired\":true,\"valueName\":\"search_term_string\"}}],\"inLanguage\":\"es\"},{\"@type\":\"Organization\",\"@id\":\"https:\\\/\\\/moltamuntanya.com\\\/es\\\/#organization\",\"name\":\"Molta Muntanya\",\"url\":\"https:\\\/\\\/moltamuntanya.com\\\/es\\\/\",\"logo\":{\"@type\":\"ImageObject\",\"inLanguage\":\"es\",\"@id\":\"https:\\\/\\\/moltamuntanya.com\\\/es\\\/#\\\/schema\\\/logo\\\/image\\\/\",\"url\":\"https:\\\/\\\/moltamuntanya.com\\\/wp-content\\\/uploads\\\/2024\\\/09\\\/cropped-logo-2024-bk.png\",\"contentUrl\":\"https:\\\/\\\/moltamuntanya.com\\\/wp-content\\\/uploads\\\/2024\\\/09\\\/cropped-logo-2024-bk.png\",\"width\":512,\"height\":512,\"caption\":\"Molta Muntanya\"},\"image\":{\"@id\":\"https:\\\/\\\/moltamuntanya.com\\\/es\\\/#\\\/schema\\\/logo\\\/image\\\/\"},\"sameAs\":[\"https:\\\/\\\/www.facebook.com\\\/moltamuntanya\\\/\",\"https:\\\/\\\/www.instagram.com\\\/moltamuntanya\\\/\"]}]}<\/script>\n<!-- \/ Yoast SEO plugin. -->","yoast_head_json":{"title":"Sudadera SETAS CATALU\u00d1A - Molta Muntanya","robots":{"index":"index","follow":"follow","max-snippet":"max-snippet:-1","max-image-preview":"max-image-preview:large","max-video-preview":"max-video-preview:-1"},"canonical":"https:\/\/moltamuntanya.com\/es\/producto\/sudadera-setas-cataluna\/","og_locale":"es_ES","og_type":"article","og_title":"Sudadera SETAS CATALU\u00d1A - Molta Muntanya","og_description":"Sudadera 85% algod\u00f3n org\u00e1nico y 15% poli\u00e9ster reciclado (280g\/m2), con sus respectivos certificados \u00e9ticos y ecol\u00f3gicos que certifican tanto la calidad del tejido como de fabricaci\u00f3n responsable.  Tallas: XS - XXL","og_url":"https:\/\/moltamuntanya.com\/es\/producto\/sudadera-setas-cataluna\/","og_site_name":"Molta Muntanya","article_publisher":"https:\/\/www.facebook.com\/moltamuntanya\/","article_modified_time":"2025-03-04T16:35:00+00:00","og_image":[{"width":1000,"height":1000,"url":"https:\/\/moltamuntanya.com\/wp-content\/uploads\/2024\/11\/bolets_sudadera_vermell.jpg","type":"image\/jpeg"}],"twitter_card":"summary_large_image","twitter_misc":{"Tiempo de lectura":"1 minuto"},"schema":{"@context":"https:\/\/schema.org","@graph":[{"@type":"WebPage","@id":"https:\/\/moltamuntanya.com\/es\/producto\/sudadera-setas-cataluna\/","url":"https:\/\/moltamuntanya.com\/es\/producto\/sudadera-setas-cataluna\/","name":"Sudadera SETAS CATALU\u00d1A - Molta Muntanya","isPartOf":{"@id":"https:\/\/moltamuntanya.com\/es\/#website"},"primaryImageOfPage":{"@id":"https:\/\/moltamuntanya.com\/es\/producto\/sudadera-setas-cataluna\/#primaryimage"},"image":{"@id":"https:\/\/moltamuntanya.com\/es\/producto\/sudadera-setas-cataluna\/#primaryimage"},"thumbnailUrl":"https:\/\/moltamuntanya.com\/wp-content\/uploads\/2024\/11\/bolets_sudadera_vermell.jpg","datePublished":"2024-11-25T10:21:11+00:00","dateModified":"2025-03-04T16:35:00+00:00","breadcrumb":{"@id":"https:\/\/moltamuntanya.com\/es\/producto\/sudadera-setas-cataluna\/#breadcrumb"},"inLanguage":"es","potentialAction":[{"@type":"ReadAction","target":["https:\/\/moltamuntanya.com\/es\/producto\/sudadera-setas-cataluna\/"]}]},{"@type":"ImageObject","inLanguage":"es","@id":"https:\/\/moltamuntanya.com\/es\/producto\/sudadera-setas-cataluna\/#primaryimage","url":"https:\/\/moltamuntanya.com\/wp-content\/uploads\/2024\/11\/bolets_sudadera_vermell.jpg","contentUrl":"https:\/\/moltamuntanya.com\/wp-content\/uploads\/2024\/11\/bolets_sudadera_vermell.jpg","width":1000,"height":1000},{"@type":"BreadcrumbList","@id":"https:\/\/moltamuntanya.com\/es\/producto\/sudadera-setas-cataluna\/#breadcrumb","itemListElement":[{"@type":"ListItem","position":1,"name":"Portada","item":"https:\/\/moltamuntanya.com\/"},{"@type":"ListItem","position":2,"name":"Productos","item":"https:\/\/moltamuntanya.com\/es\/shop\/"},{"@type":"ListItem","position":3,"name":"Sudadera SETAS CATALU\u00d1A"}]},{"@type":"WebSite","@id":"https:\/\/moltamuntanya.com\/es\/#website","url":"https:\/\/moltamuntanya.com\/es\/","name":"Molta Muntanya","description":"Muntanyes i cims de Mallorca","publisher":{"@id":"https:\/\/moltamuntanya.com\/es\/#organization"},"potentialAction":[{"@type":"SearchAction","target":{"@type":"EntryPoint","urlTemplate":"https:\/\/moltamuntanya.com\/es\/?s={search_term_string}"},"query-input":{"@type":"PropertyValueSpecification","valueRequired":true,"valueName":"search_term_string"}}],"inLanguage":"es"},{"@type":"Organization","@id":"https:\/\/moltamuntanya.com\/es\/#organization","name":"Molta Muntanya","url":"https:\/\/moltamuntanya.com\/es\/","logo":{"@type":"ImageObject","inLanguage":"es","@id":"https:\/\/moltamuntanya.com\/es\/#\/schema\/logo\/image\/","url":"https:\/\/moltamuntanya.com\/wp-content\/uploads\/2024\/09\/cropped-logo-2024-bk.png","contentUrl":"https:\/\/moltamuntanya.com\/wp-content\/uploads\/2024\/09\/cropped-logo-2024-bk.png","width":512,"height":512,"caption":"Molta Muntanya"},"image":{"@id":"https:\/\/moltamuntanya.com\/es\/#\/schema\/logo\/image\/"},"sameAs":["https:\/\/www.facebook.com\/moltamuntanya\/","https:\/\/www.instagram.com\/moltamuntanya\/"]}]}},"_links":{"self":[{"href":"https:\/\/moltamuntanya.com\/es\/wp-json\/wp\/v2\/product\/114549","targetHints":{"allow":["GET"]}}],"collection":[{"href":"https:\/\/moltamuntanya.com\/es\/wp-json\/wp\/v2\/product"}],"about":[{"href":"https:\/\/moltamuntanya.com\/es\/wp-json\/wp\/v2\/types\/product"}],"wp:featuredmedia":[{"embeddable":true,"href":"https:\/\/moltamuntanya.com\/es\/wp-json\/wp\/v2\/media\/114454"}],"wp:attachment":[{"href":"https:\/\/moltamuntanya.com\/es\/wp-json\/wp\/v2\/media?parent=114549"}],"wp:term":[{"taxonomy":"product_brand","embeddable":true,"href":"https:\/\/moltamuntanya.com\/es\/wp-json\/wp\/v2\/product_brand?post=114549"},{"taxonomy":"product_cat","embeddable":true,"href":"https:\/\/moltamuntanya.com\/es\/wp-json\/wp\/v2\/product_cat?post=114549"},{"taxonomy":"product_tag","embeddable":true,"href":"https:\/\/moltamuntanya.com\/es\/wp-json\/wp\/v2\/product_tag?post=114549"}],"curies":[{"name":"wp","href":"https:\/\/api.w.org\/{rel}","templated":true}]}}