{"id":115425,"date":"2025-03-04T16:39:33","date_gmt":"2025-03-04T15:39:33","guid":{"rendered":"https:\/\/moltamuntanya.com\/?post_type=product&#038;p=115425"},"modified":"2025-03-04T17:15:43","modified_gmt":"2025-03-04T16:15:43","slug":"camiseta-urriellu","status":"publish","type":"product","link":"https:\/\/moltamuntanya.com\/es\/producto\/camiseta-urriellu\/","title":{"rendered":"Camiseta URRIELLU"},"content":{"rendered":"<div class=\"flex-1 overflow-hidden\">\n<div class=\"react-scroll-to-bottom--css-dsakb-79elbk h-full\">\n<div class=\"react-scroll-to-bottom--css-dsakb-1n7m0yu\">\n<div class=\"flex flex-col text-sm pb-9\">\n<div class=\"w-full text-token-text-primary\" data-testid=\"conversation-turn-11\">\n<div class=\"px-4 py-2 justify-center text-base md:gap-6 m-auto\">\n<div class=\"flex flex-1 text-base mx-auto gap-3 md:px-5 lg:px-1 xl:px-5 md:max-w-3xl lg:max-w-[40rem] xl:max-w-[48rem] group final-completion\">\n<div class=\"relative flex w-full flex-col agent-turn\">\n<div class=\"flex-col gap-1 md:gap-3\">\n<div class=\"flex flex-grow flex-col max-w-full\">\n<div class=\"min-h-[20px] text-message flex flex-col items-start gap-3 whitespace-pre-wrap break-words [.text-message+&amp;]:mt-5 overflow-x-auto\" data-message-author-role=\"assistant\" data-message-id=\"21a69f2b-2566-4664-99ee-37f8b15e99f2\">\n<div class=\"markdown prose w-full break-words dark:prose-invert light\">\n<p data-start=\"0\" data-end=\"68\"><strong data-start=\"0\" data-end=\"66\">Dise\u00f1o Urriellu: Inspirado en la Silueta del Naranjo de Bulnes<\/strong><\/p>\n<p data-start=\"70\" data-end=\"472\">Esta camiseta captura la esencia del Urriellu, tambi\u00e9n conocido como el Naranjo de Bulnes, una de las cimas m\u00e1s ic\u00f3nicas de los Picos de Europa y una referencia imprescindible para los amantes de la escalada. El dise\u00f1o se inspira en su imponente silueta calc\u00e1rea, una pared vertical que ha desafiado a generaciones de alpinistas y que se ha convertido en un aut\u00e9ntico s\u00edmbolo de la monta\u00f1a asturiana.<\/p>\n<p data-start=\"474\" data-end=\"769\" data-is-last-node=\"\" data-is-only-node=\"\">Con sus 2.519 metros de altitud, el Urriellu es una monta\u00f1a cargada de historia, desaf\u00edos y leyendas. Esta camiseta es ideal para aquellos que quieren llevar con orgullo la imagen de una de las cimas m\u00e1s emblem\u00e1ticas de la pen\u00ednsula, conocida tanto por su belleza como por su car\u00e1cter indomable.<\/p>\n<\/div>\n<\/div>\n<\/div>\n<\/div>\n<\/div>\n<\/div>\n<\/div>\n<\/div>\n<\/div>\n<\/div>\n<\/div>\n<\/div>\n","protected":false},"excerpt":{"rendered":"<p><span class=\"Y2IQFc\" lang=\"es\">Esta camiseta ha sido producida en algod\u00f3n cultivado mediante pr\u00e1cticas de agricultura ecol\u00f3gica, sin utilizar productos qu\u00edmicos como fertilizantes o pesticidas. El proceso de transformaci\u00f3n y te\u00f1ido del algod\u00f3n se ha realizado sin el uso de sustancias t\u00f3xicas que est\u00e9n prohibidas. En el proceso de creaci\u00f3n de esta prenda no se ha utilizado ning\u00fan producto de origen animal. Adem\u00e1s, toda la cadena de producci\u00f3n textil cumple con los est\u00e1ndares reconocidos a nivel internacional por la Organizaci\u00f3n Internacional del Trabajo y la Declaraci\u00f3n de Derechos Humanos de las Naciones Unidas.<\/span><\/p>\n<p>&nbsp;<\/p>\n","protected":false},"featured_media":115437,"template":"","meta":[],"product_brand":[],"product_cat":[153],"product_tag":[],"class_list":{"0":"post-115425","1":"product","2":"type-product","3":"status-publish","4":"has-post-thumbnail","6":"product_cat-camisetas","8":"first","9":"instock","10":"featured","11":"taxable","12":"shipping-taxable","13":"purchasable","14":"product-type-variable","15":"has-default-attributes"},"yoast_head":"<!-- This site is optimized with the Yoast SEO plugin v27.4 - https:\/\/yoast.com\/product\/yoast-seo-wordpress\/ -->\n<title>Camiseta URRIELLU - Molta Muntanya<\/title>\n<meta name=\"description\" content=\"Lleva con orgullo la silueta del Urriellu, la cima ic\u00f3nica de los Picos de Europa. Una camiseta inspirada en su impresionante pared calc\u00e1rea, s\u00edmbolo de escaladores y amantes de la monta\u00f1a.\" \/>\n<meta name=\"robots\" content=\"index, follow, max-snippet:-1, max-image-preview:large, max-video-preview:-1\" \/>\n<link rel=\"canonical\" href=\"https:\/\/moltamuntanya.com\/es\/producto\/camiseta-urriellu\/\" \/>\n<meta property=\"og:locale\" content=\"es_ES\" \/>\n<meta property=\"og:type\" content=\"article\" \/>\n<meta property=\"og:title\" content=\"Camiseta URRIELLU - Molta Muntanya\" \/>\n<meta property=\"og:description\" content=\"Lleva con orgullo la silueta del Urriellu, la cima ic\u00f3nica de los Picos de Europa. Una camiseta inspirada en su impresionante pared calc\u00e1rea, s\u00edmbolo de escaladores y amantes de la monta\u00f1a.\" \/>\n<meta property=\"og:url\" content=\"https:\/\/moltamuntanya.com\/es\/producto\/camiseta-urriellu\/\" \/>\n<meta property=\"og:site_name\" content=\"Molta Muntanya\" \/>\n<meta property=\"article:modified_time\" content=\"2025-03-04T16:15:43+00:00\" \/>\n<meta property=\"og:image\" content=\"https:\/\/moltamuntanya.com\/wp-content\/uploads\/2025\/03\/urrielluweb.jpg\" \/>\n\t<meta property=\"og:image:width\" content=\"1000\" \/>\n\t<meta property=\"og:image:height\" content=\"1000\" \/>\n\t<meta property=\"og:image:type\" content=\"image\/jpeg\" \/>\n<meta name=\"twitter:card\" content=\"summary_large_image\" \/>\n<meta name=\"twitter:label1\" content=\"Tiempo de lectura\" \/>\n\t<meta name=\"twitter:data1\" content=\"1 minuto\" \/>\n<script type=\"application\/ld+json\" class=\"yoast-schema-graph\">{\"@context\":\"https:\\\/\\\/schema.org\",\"@graph\":[{\"@type\":\"WebPage\",\"@id\":\"https:\\\/\\\/moltamuntanya.com\\\/es\\\/producto\\\/camiseta-urriellu\\\/\",\"url\":\"https:\\\/\\\/moltamuntanya.com\\\/es\\\/producto\\\/camiseta-urriellu\\\/\",\"name\":\"Camiseta URRIELLU - Molta Muntanya\",\"isPartOf\":{\"@id\":\"https:\\\/\\\/moltamuntanya.com\\\/es\\\/#website\"},\"primaryImageOfPage\":{\"@id\":\"https:\\\/\\\/moltamuntanya.com\\\/es\\\/producto\\\/camiseta-urriellu\\\/#primaryimage\"},\"image\":{\"@id\":\"https:\\\/\\\/moltamuntanya.com\\\/es\\\/producto\\\/camiseta-urriellu\\\/#primaryimage\"},\"thumbnailUrl\":\"https:\\\/\\\/moltamuntanya.com\\\/wp-content\\\/uploads\\\/2025\\\/03\\\/urrielluweb.jpg\",\"datePublished\":\"2025-03-04T15:39:33+00:00\",\"dateModified\":\"2025-03-04T16:15:43+00:00\",\"description\":\"Lleva con orgullo la silueta del Urriellu, la cima ic\u00f3nica de los Picos de Europa. Una camiseta inspirada en su impresionante pared calc\u00e1rea, s\u00edmbolo de escaladores y amantes de la monta\u00f1a.\",\"breadcrumb\":{\"@id\":\"https:\\\/\\\/moltamuntanya.com\\\/es\\\/producto\\\/camiseta-urriellu\\\/#breadcrumb\"},\"inLanguage\":\"es\",\"potentialAction\":[{\"@type\":\"ReadAction\",\"target\":[\"https:\\\/\\\/moltamuntanya.com\\\/es\\\/producto\\\/camiseta-urriellu\\\/\"]}]},{\"@type\":\"ImageObject\",\"inLanguage\":\"es\",\"@id\":\"https:\\\/\\\/moltamuntanya.com\\\/es\\\/producto\\\/camiseta-urriellu\\\/#primaryimage\",\"url\":\"https:\\\/\\\/moltamuntanya.com\\\/wp-content\\\/uploads\\\/2025\\\/03\\\/urrielluweb.jpg\",\"contentUrl\":\"https:\\\/\\\/moltamuntanya.com\\\/wp-content\\\/uploads\\\/2025\\\/03\\\/urrielluweb.jpg\",\"width\":1000,\"height\":1000},{\"@type\":\"BreadcrumbList\",\"@id\":\"https:\\\/\\\/moltamuntanya.com\\\/es\\\/producto\\\/camiseta-urriellu\\\/#breadcrumb\",\"itemListElement\":[{\"@type\":\"ListItem\",\"position\":1,\"name\":\"Portada\",\"item\":\"https:\\\/\\\/moltamuntanya.com\\\/\"},{\"@type\":\"ListItem\",\"position\":2,\"name\":\"Productos\",\"item\":\"https:\\\/\\\/moltamuntanya.com\\\/es\\\/shop\\\/\"},{\"@type\":\"ListItem\",\"position\":3,\"name\":\"Camiseta URRIELLU\"}]},{\"@type\":\"WebSite\",\"@id\":\"https:\\\/\\\/moltamuntanya.com\\\/es\\\/#website\",\"url\":\"https:\\\/\\\/moltamuntanya.com\\\/es\\\/\",\"name\":\"Molta Muntanya\",\"description\":\"Muntanyes i cims de Mallorca\",\"potentialAction\":[{\"@type\":\"SearchAction\",\"target\":{\"@type\":\"EntryPoint\",\"urlTemplate\":\"https:\\\/\\\/moltamuntanya.com\\\/es\\\/?s={search_term_string}\"},\"query-input\":{\"@type\":\"PropertyValueSpecification\",\"valueRequired\":true,\"valueName\":\"search_term_string\"}}],\"inLanguage\":\"es\"}]}<\/script>\n<!-- \/ Yoast SEO plugin. -->","yoast_head_json":{"title":"Camiseta URRIELLU - Molta Muntanya","description":"Lleva con orgullo la silueta del Urriellu, la cima ic\u00f3nica de los Picos de Europa. Una camiseta inspirada en su impresionante pared calc\u00e1rea, s\u00edmbolo de escaladores y amantes de la monta\u00f1a.","robots":{"index":"index","follow":"follow","max-snippet":"max-snippet:-1","max-image-preview":"max-image-preview:large","max-video-preview":"max-video-preview:-1"},"canonical":"https:\/\/moltamuntanya.com\/es\/producto\/camiseta-urriellu\/","og_locale":"es_ES","og_type":"article","og_title":"Camiseta URRIELLU - Molta Muntanya","og_description":"Lleva con orgullo la silueta del Urriellu, la cima ic\u00f3nica de los Picos de Europa. Una camiseta inspirada en su impresionante pared calc\u00e1rea, s\u00edmbolo de escaladores y amantes de la monta\u00f1a.","og_url":"https:\/\/moltamuntanya.com\/es\/producto\/camiseta-urriellu\/","og_site_name":"Molta Muntanya","article_modified_time":"2025-03-04T16:15:43+00:00","og_image":[{"width":1000,"height":1000,"url":"https:\/\/moltamuntanya.com\/wp-content\/uploads\/2025\/03\/urrielluweb.jpg","type":"image\/jpeg"}],"twitter_card":"summary_large_image","twitter_misc":{"Tiempo de lectura":"1 minuto"},"schema":{"@context":"https:\/\/schema.org","@graph":[{"@type":"WebPage","@id":"https:\/\/moltamuntanya.com\/es\/producto\/camiseta-urriellu\/","url":"https:\/\/moltamuntanya.com\/es\/producto\/camiseta-urriellu\/","name":"Camiseta URRIELLU - Molta Muntanya","isPartOf":{"@id":"https:\/\/moltamuntanya.com\/es\/#website"},"primaryImageOfPage":{"@id":"https:\/\/moltamuntanya.com\/es\/producto\/camiseta-urriellu\/#primaryimage"},"image":{"@id":"https:\/\/moltamuntanya.com\/es\/producto\/camiseta-urriellu\/#primaryimage"},"thumbnailUrl":"https:\/\/moltamuntanya.com\/wp-content\/uploads\/2025\/03\/urrielluweb.jpg","datePublished":"2025-03-04T15:39:33+00:00","dateModified":"2025-03-04T16:15:43+00:00","description":"Lleva con orgullo la silueta del Urriellu, la cima ic\u00f3nica de los Picos de Europa. Una camiseta inspirada en su impresionante pared calc\u00e1rea, s\u00edmbolo de escaladores y amantes de la monta\u00f1a.","breadcrumb":{"@id":"https:\/\/moltamuntanya.com\/es\/producto\/camiseta-urriellu\/#breadcrumb"},"inLanguage":"es","potentialAction":[{"@type":"ReadAction","target":["https:\/\/moltamuntanya.com\/es\/producto\/camiseta-urriellu\/"]}]},{"@type":"ImageObject","inLanguage":"es","@id":"https:\/\/moltamuntanya.com\/es\/producto\/camiseta-urriellu\/#primaryimage","url":"https:\/\/moltamuntanya.com\/wp-content\/uploads\/2025\/03\/urrielluweb.jpg","contentUrl":"https:\/\/moltamuntanya.com\/wp-content\/uploads\/2025\/03\/urrielluweb.jpg","width":1000,"height":1000},{"@type":"BreadcrumbList","@id":"https:\/\/moltamuntanya.com\/es\/producto\/camiseta-urriellu\/#breadcrumb","itemListElement":[{"@type":"ListItem","position":1,"name":"Portada","item":"https:\/\/moltamuntanya.com\/"},{"@type":"ListItem","position":2,"name":"Productos","item":"https:\/\/moltamuntanya.com\/es\/shop\/"},{"@type":"ListItem","position":3,"name":"Camiseta URRIELLU"}]},{"@type":"WebSite","@id":"https:\/\/moltamuntanya.com\/es\/#website","url":"https:\/\/moltamuntanya.com\/es\/","name":"Molta Muntanya","description":"Muntanyes i cims de Mallorca","potentialAction":[{"@type":"SearchAction","target":{"@type":"EntryPoint","urlTemplate":"https:\/\/moltamuntanya.com\/es\/?s={search_term_string}"},"query-input":{"@type":"PropertyValueSpecification","valueRequired":true,"valueName":"search_term_string"}}],"inLanguage":"es"}]}},"_links":{"self":[{"href":"https:\/\/moltamuntanya.com\/es\/wp-json\/wp\/v2\/product\/115425","targetHints":{"allow":["GET"]}}],"collection":[{"href":"https:\/\/moltamuntanya.com\/es\/wp-json\/wp\/v2\/product"}],"about":[{"href":"https:\/\/moltamuntanya.com\/es\/wp-json\/wp\/v2\/types\/product"}],"wp:featuredmedia":[{"embeddable":true,"href":"https:\/\/moltamuntanya.com\/es\/wp-json\/wp\/v2\/media\/115437"}],"wp:attachment":[{"href":"https:\/\/moltamuntanya.com\/es\/wp-json\/wp\/v2\/media?parent=115425"}],"wp:term":[{"taxonomy":"product_brand","embeddable":true,"href":"https:\/\/moltamuntanya.com\/es\/wp-json\/wp\/v2\/product_brand?post=115425"},{"taxonomy":"product_cat","embeddable":true,"href":"https:\/\/moltamuntanya.com\/es\/wp-json\/wp\/v2\/product_cat?post=115425"},{"taxonomy":"product_tag","embeddable":true,"href":"https:\/\/moltamuntanya.com\/es\/wp-json\/wp\/v2\/product_tag?post=115425"}],"curies":[{"name":"wp","href":"https:\/\/api.w.org\/{rel}","templated":true}]}}