{"id":115508,"date":"2025-03-11T17:17:59","date_gmt":"2025-03-11T16:17:59","guid":{"rendered":"https:\/\/moltamuntanya.com\/?post_type=product&#038;p=115508"},"modified":"2025-03-11T17:23:34","modified_gmt":"2025-03-11T16:23:34","slug":"sudadera-penon-de-ifach","status":"publish","type":"product","link":"https:\/\/moltamuntanya.com\/es\/producto\/sudadera-penon-de-ifach\/","title":{"rendered":"Sudadera PE\u00d1ON DE IFACH"},"content":{"rendered":"<div class=\"flex max-w-full flex-col flex-grow\">\n<div class=\"min-h-8 text-message flex w-full flex-col items-end gap-2 whitespace-normal break-words [.text-message+&amp;]:mt-5\" dir=\"auto\" data-message-author-role=\"assistant\" data-message-id=\"2df05cab-8dab-4af3-9109-3f4ae18c03ac\" data-message-model-slug=\"gpt-4o\">\n<div class=\"flex w-full flex-col gap-1 empty:hidden first:pt-[3px]\">\n<div class=\"markdown prose w-full break-words dark:prose-invert light\">\n<p data-start=\"0\" data-end=\"78\"><strong data-start=\"0\" data-end=\"76\">Dise\u00f1o de Sudadera del Pe\u00f1\u00f3n de Ifach: El Emblema de la Costa Valenciana<\/strong><\/p>\n<p data-start=\"80\" data-end=\"405\">Descubre nuestra <strong data-start=\"97\" data-end=\"150\">sudadera exclusiva inspirada en el Pe\u00f1\u00f3n de Ifach<\/strong>, una de las monta\u00f1as m\u00e1s ic\u00f3nicas de la Comunidad Valenciana. Este impresionante macizo calc\u00e1reo se alza a <strong data-start=\"258\" data-end=\"307\">332 metros de altitud sobre la bah\u00eda de Calpe<\/strong>, ofreciendo vistas espectaculares al Mediterr\u00e1neo y siendo un s\u00edmbolo de naturaleza y aventura.<\/p>\n<p data-start=\"407\" data-end=\"697\">Si te apasionan las excursiones, la escalada o simplemente quieres llevar contigo la esencia de este paisaje \u00fanico, esta sudadera es para ti. <strong data-start=\"549\" data-end=\"589\">El Parque Natural del Pe\u00f1\u00f3n de Ifach<\/strong> es un lugar emblem\u00e1tico para senderistas y escaladores que buscan nuevos retos rodeados de mar y monta\u00f1a.<\/p>\n<ul data-start=\"699\" data-end=\"994\">\n<li data-start=\"699\" data-end=\"787\"><strong data-start=\"701\" data-end=\"742\">Dise\u00f1o inspirado en el Pe\u00f1\u00f3n de Ifach<\/strong>: La monta\u00f1a m\u00e1s ic\u00f3nica de la Marina Alta.<\/li>\n<li data-start=\"788\" data-end=\"884\"><strong data-start=\"790\" data-end=\"822\">Material sostenible y c\u00f3modo<\/strong>: Sudadera de alta calidad, perfecta para cualquier ocasi\u00f3n.<\/li>\n<li data-start=\"885\" data-end=\"994\"><strong data-start=\"887\" data-end=\"934\">Para amantes de la naturaleza y la aventura<\/strong>: Ideal para excursiones, escalada o paseos al aire libre.<\/li>\n<\/ul>\n<p data-start=\"996\" data-end=\"1129\" data-is-last-node=\"\" data-is-only-node=\"\">Consigue tu <strong data-start=\"1008\" data-end=\"1039\">sudadera del Pe\u00f1\u00f3n de Ifach<\/strong> y lleva contigo la esencia de uno de los paisajes m\u00e1s impresionantes del Pa\u00eds Valenciano.<\/p>\n<\/div>\n<\/div>\n<\/div>\n<\/div>\n","protected":false},"excerpt":{"rendered":"<p>Sudadera 85% algod\u00f3n org\u00e1nico y 15% poli\u00e9ster reciclado (280g\/m2), con sus respectivos certificados \u00e9ticos y ecol\u00f3gicos que certifican tanto la calidad del tejido como de fabricaci\u00f3n responsable.<\/p>\n<p>Tallas: XS &#8211; XXL<\/p>\n","protected":false},"featured_media":115479,"template":"","meta":[],"product_brand":[],"product_cat":[267,159],"product_tag":[],"class_list":{"0":"post-115508","1":"product","2":"type-product","3":"status-publish","4":"has-post-thumbnail","6":"product_cat-valencia-es","7":"product_cat-sudaderas","9":"first","10":"instock","11":"taxable","12":"shipping-taxable","13":"purchasable","14":"product-type-variable","15":"has-default-attributes"},"yoast_head":"<!-- This site is optimized with the Yoast SEO plugin v27.4 - https:\/\/yoast.com\/product\/yoast-seo-wordpress\/ -->\n<title>Sudadera PE\u00d1ON DE IFACH - Molta Muntanya<\/title>\n<meta name=\"robots\" content=\"index, follow, max-snippet:-1, max-image-preview:large, max-video-preview:-1\" \/>\n<link rel=\"canonical\" href=\"https:\/\/moltamuntanya.com\/producte\/sudadera-penyal-difach\/\" \/>\n<meta property=\"og:locale\" content=\"es_ES\" \/>\n<meta property=\"og:type\" content=\"article\" \/>\n<meta property=\"og:title\" content=\"Sudadera PE\u00d1ON DE IFACH - Molta Muntanya\" \/>\n<meta property=\"og:description\" content=\"Sudadera 85% algod\u00f3n org\u00e1nico y 15% poli\u00e9ster reciclado (280g\/m2), con sus respectivos certificados \u00e9ticos y ecol\u00f3gicos que certifican tanto la calidad del tejido como de fabricaci\u00f3n responsable.  Tallas: XS - XXL\" \/>\n<meta property=\"og:url\" content=\"https:\/\/moltamuntanya.com\/producte\/sudadera-penyal-difach\/\" \/>\n<meta property=\"og:site_name\" content=\"Molta Muntanya\" \/>\n<meta property=\"article:modified_time\" content=\"2025-03-11T16:23:34+00:00\" \/>\n<meta property=\"og:image\" content=\"https:\/\/moltamuntanya.com\/wp-content\/uploads\/2025\/03\/penyal_ifach_sudadera_vermell.jpg\" \/>\n\t<meta property=\"og:image:width\" content=\"1000\" \/>\n\t<meta property=\"og:image:height\" content=\"1000\" \/>\n\t<meta property=\"og:image:type\" content=\"image\/jpeg\" \/>\n<meta name=\"twitter:card\" content=\"summary_large_image\" \/>\n<meta name=\"twitter:label1\" content=\"Tiempo de lectura\" \/>\n\t<meta name=\"twitter:data1\" content=\"1 minuto\" \/>\n<script type=\"application\/ld+json\" class=\"yoast-schema-graph\">{\"@context\":\"https:\\\/\\\/schema.org\",\"@graph\":[{\"@type\":\"WebPage\",\"@id\":\"https:\\\/\\\/moltamuntanya.com\\\/producte\\\/sudadera-penyal-difach\\\/\",\"url\":\"https:\\\/\\\/moltamuntanya.com\\\/producte\\\/sudadera-penyal-difach\\\/\",\"name\":\"Sudadera PE\u00d1ON DE IFACH - Molta Muntanya\",\"isPartOf\":{\"@id\":\"https:\\\/\\\/moltamuntanya.com\\\/es\\\/#website\"},\"primaryImageOfPage\":{\"@id\":\"https:\\\/\\\/moltamuntanya.com\\\/producte\\\/sudadera-penyal-difach\\\/#primaryimage\"},\"image\":{\"@id\":\"https:\\\/\\\/moltamuntanya.com\\\/producte\\\/sudadera-penyal-difach\\\/#primaryimage\"},\"thumbnailUrl\":\"https:\\\/\\\/moltamuntanya.com\\\/wp-content\\\/uploads\\\/2025\\\/03\\\/penyal_ifach_sudadera_vermell.jpg\",\"datePublished\":\"2025-03-11T16:17:59+00:00\",\"dateModified\":\"2025-03-11T16:23:34+00:00\",\"breadcrumb\":{\"@id\":\"https:\\\/\\\/moltamuntanya.com\\\/producte\\\/sudadera-penyal-difach\\\/#breadcrumb\"},\"inLanguage\":\"es\",\"potentialAction\":[{\"@type\":\"ReadAction\",\"target\":[\"https:\\\/\\\/moltamuntanya.com\\\/producte\\\/sudadera-penyal-difach\\\/\"]}]},{\"@type\":\"ImageObject\",\"inLanguage\":\"es\",\"@id\":\"https:\\\/\\\/moltamuntanya.com\\\/producte\\\/sudadera-penyal-difach\\\/#primaryimage\",\"url\":\"https:\\\/\\\/moltamuntanya.com\\\/wp-content\\\/uploads\\\/2025\\\/03\\\/penyal_ifach_sudadera_vermell.jpg\",\"contentUrl\":\"https:\\\/\\\/moltamuntanya.com\\\/wp-content\\\/uploads\\\/2025\\\/03\\\/penyal_ifach_sudadera_vermell.jpg\",\"width\":1000,\"height\":1000},{\"@type\":\"BreadcrumbList\",\"@id\":\"https:\\\/\\\/moltamuntanya.com\\\/producte\\\/sudadera-penyal-difach\\\/#breadcrumb\",\"itemListElement\":[{\"@type\":\"ListItem\",\"position\":1,\"name\":\"Portada\",\"item\":\"https:\\\/\\\/moltamuntanya.com\\\/\"},{\"@type\":\"ListItem\",\"position\":2,\"name\":\"Productos\",\"item\":\"https:\\\/\\\/moltamuntanya.com\\\/es\\\/shop\\\/\"},{\"@type\":\"ListItem\",\"position\":3,\"name\":\"Sudadera PE\u00d1ON DE IFACH\"}]},{\"@type\":\"WebSite\",\"@id\":\"https:\\\/\\\/moltamuntanya.com\\\/es\\\/#website\",\"url\":\"https:\\\/\\\/moltamuntanya.com\\\/es\\\/\",\"name\":\"Molta Muntanya\",\"description\":\"Muntanyes i cims de Mallorca\",\"potentialAction\":[{\"@type\":\"SearchAction\",\"target\":{\"@type\":\"EntryPoint\",\"urlTemplate\":\"https:\\\/\\\/moltamuntanya.com\\\/es\\\/?s={search_term_string}\"},\"query-input\":{\"@type\":\"PropertyValueSpecification\",\"valueRequired\":true,\"valueName\":\"search_term_string\"}}],\"inLanguage\":\"es\"}]}<\/script>\n<!-- \/ Yoast SEO plugin. -->","yoast_head_json":{"title":"Sudadera PE\u00d1ON DE IFACH - Molta Muntanya","robots":{"index":"index","follow":"follow","max-snippet":"max-snippet:-1","max-image-preview":"max-image-preview:large","max-video-preview":"max-video-preview:-1"},"canonical":"https:\/\/moltamuntanya.com\/producte\/sudadera-penyal-difach\/","og_locale":"es_ES","og_type":"article","og_title":"Sudadera PE\u00d1ON DE IFACH - Molta Muntanya","og_description":"Sudadera 85% algod\u00f3n org\u00e1nico y 15% poli\u00e9ster reciclado (280g\/m2), con sus respectivos certificados \u00e9ticos y ecol\u00f3gicos que certifican tanto la calidad del tejido como de fabricaci\u00f3n responsable.  Tallas: XS - XXL","og_url":"https:\/\/moltamuntanya.com\/producte\/sudadera-penyal-difach\/","og_site_name":"Molta Muntanya","article_modified_time":"2025-03-11T16:23:34+00:00","og_image":[{"width":1000,"height":1000,"url":"https:\/\/moltamuntanya.com\/wp-content\/uploads\/2025\/03\/penyal_ifach_sudadera_vermell.jpg","type":"image\/jpeg"}],"twitter_card":"summary_large_image","twitter_misc":{"Tiempo de lectura":"1 minuto"},"schema":{"@context":"https:\/\/schema.org","@graph":[{"@type":"WebPage","@id":"https:\/\/moltamuntanya.com\/producte\/sudadera-penyal-difach\/","url":"https:\/\/moltamuntanya.com\/producte\/sudadera-penyal-difach\/","name":"Sudadera PE\u00d1ON DE IFACH - Molta Muntanya","isPartOf":{"@id":"https:\/\/moltamuntanya.com\/es\/#website"},"primaryImageOfPage":{"@id":"https:\/\/moltamuntanya.com\/producte\/sudadera-penyal-difach\/#primaryimage"},"image":{"@id":"https:\/\/moltamuntanya.com\/producte\/sudadera-penyal-difach\/#primaryimage"},"thumbnailUrl":"https:\/\/moltamuntanya.com\/wp-content\/uploads\/2025\/03\/penyal_ifach_sudadera_vermell.jpg","datePublished":"2025-03-11T16:17:59+00:00","dateModified":"2025-03-11T16:23:34+00:00","breadcrumb":{"@id":"https:\/\/moltamuntanya.com\/producte\/sudadera-penyal-difach\/#breadcrumb"},"inLanguage":"es","potentialAction":[{"@type":"ReadAction","target":["https:\/\/moltamuntanya.com\/producte\/sudadera-penyal-difach\/"]}]},{"@type":"ImageObject","inLanguage":"es","@id":"https:\/\/moltamuntanya.com\/producte\/sudadera-penyal-difach\/#primaryimage","url":"https:\/\/moltamuntanya.com\/wp-content\/uploads\/2025\/03\/penyal_ifach_sudadera_vermell.jpg","contentUrl":"https:\/\/moltamuntanya.com\/wp-content\/uploads\/2025\/03\/penyal_ifach_sudadera_vermell.jpg","width":1000,"height":1000},{"@type":"BreadcrumbList","@id":"https:\/\/moltamuntanya.com\/producte\/sudadera-penyal-difach\/#breadcrumb","itemListElement":[{"@type":"ListItem","position":1,"name":"Portada","item":"https:\/\/moltamuntanya.com\/"},{"@type":"ListItem","position":2,"name":"Productos","item":"https:\/\/moltamuntanya.com\/es\/shop\/"},{"@type":"ListItem","position":3,"name":"Sudadera PE\u00d1ON DE IFACH"}]},{"@type":"WebSite","@id":"https:\/\/moltamuntanya.com\/es\/#website","url":"https:\/\/moltamuntanya.com\/es\/","name":"Molta Muntanya","description":"Muntanyes i cims de Mallorca","potentialAction":[{"@type":"SearchAction","target":{"@type":"EntryPoint","urlTemplate":"https:\/\/moltamuntanya.com\/es\/?s={search_term_string}"},"query-input":{"@type":"PropertyValueSpecification","valueRequired":true,"valueName":"search_term_string"}}],"inLanguage":"es"}]}},"_links":{"self":[{"href":"https:\/\/moltamuntanya.com\/es\/wp-json\/wp\/v2\/product\/115508","targetHints":{"allow":["GET"]}}],"collection":[{"href":"https:\/\/moltamuntanya.com\/es\/wp-json\/wp\/v2\/product"}],"about":[{"href":"https:\/\/moltamuntanya.com\/es\/wp-json\/wp\/v2\/types\/product"}],"wp:featuredmedia":[{"embeddable":true,"href":"https:\/\/moltamuntanya.com\/es\/wp-json\/wp\/v2\/media\/115479"}],"wp:attachment":[{"href":"https:\/\/moltamuntanya.com\/es\/wp-json\/wp\/v2\/media?parent=115508"}],"wp:term":[{"taxonomy":"product_brand","embeddable":true,"href":"https:\/\/moltamuntanya.com\/es\/wp-json\/wp\/v2\/product_brand?post=115508"},{"taxonomy":"product_cat","embeddable":true,"href":"https:\/\/moltamuntanya.com\/es\/wp-json\/wp\/v2\/product_cat?post=115508"},{"taxonomy":"product_tag","embeddable":true,"href":"https:\/\/moltamuntanya.com\/es\/wp-json\/wp\/v2\/product_tag?post=115508"}],"curies":[{"name":"wp","href":"https:\/\/api.w.org\/{rel}","templated":true}]}}