{"id":116970,"date":"2025-11-26T17:46:34","date_gmt":"2025-11-26T16:46:34","guid":{"rendered":"https:\/\/moltamuntanya.com\/?post_type=product&#038;p=116970"},"modified":"2025-11-26T17:50:24","modified_gmt":"2025-11-26T16:50:24","slug":"lamina-aneto","status":"publish","type":"product","link":"https:\/\/moltamuntanya.com\/es\/producto\/lamina-aneto\/","title":{"rendered":"L\u00e1mina ANETO"},"content":{"rendered":"<div class=\"flex max-w-full flex-col flex-grow\">\n<div class=\"min-h-8 text-message flex w-full flex-col items-end gap-2 whitespace-normal break-words text-start [.text-message+&amp;]:mt-5\" dir=\"auto\" data-message-author-role=\"assistant\" data-message-id=\"a6c9efb6-d93d-43b9-ad16-f3f576921106\" data-message-model-slug=\"gpt-4o\">\n<div class=\"flex w-full flex-col gap-1 empty:hidden first:pt-[3px]\">\n<div class=\"markdown prose w-full break-words dark:prose-invert light\">\n<p data-start=\"42\" data-end=\"67\"><strong data-start=\"42\" data-end=\"67\">L\u00e1mina Aneto-Maladeta<\/strong><\/p>\n<p data-start=\"69\" data-end=\"444\">Una colecci\u00f3n ilustrada con el pico m\u00e1s emblem\u00e1tico del Pirineo, representado a trav\u00e9s de su mapa topogr\u00e1fico. Desde los glaciares y crestas que rodean el Aneto hasta sus contrafuertes y valles cercanos, esta l\u00e1mina muestra con precisi\u00f3n y elegancia el relieve y la grandeza de este entorno de alta monta\u00f1a. Ideal para amantes del Pirineo, del monta\u00f1ismo y de la cartograf\u00eda.<\/p>\n<p data-start=\"446\" data-end=\"574\"><strong data-start=\"446\" data-end=\"462\">Dimensiones:<\/strong><br data-start=\"462\" data-end=\"465\" \/>Disponible en varios tama\u00f1os est\u00e1ndar, perfecta para enmarcar y aportar un toque natural a cualquier espacio.<\/p>\n<p data-start=\"576\" data-end=\"753\" data-is-last-node=\"\" data-is-only-node=\"\"><strong data-start=\"576\" data-end=\"601\">Calidad y materiales:<\/strong><br data-start=\"601\" data-end=\"604\" \/>Papel de alta calidad con acabado mate para resaltar los detalles topogr\u00e1ficos.<br data-start=\"683\" data-end=\"686\" \/>Impresi\u00f3n ecol\u00f3gica y sostenible, respetuosa con el medio ambiente.<\/p>\n<\/div>\n<\/div>\n<\/div>\n<\/div>\n","protected":false},"excerpt":{"rendered":"<p>L\u00e1mina DIN A4 (21 cm x 29,7 cm) y DIN A3 beige (29,7 cm x 42 cm):<\/p>\n<p>Impresi\u00f3n digital sobre papel de calidad Canson Sand Grain 160 g\/m\u00b2 Gris y sobre papel de calidad Canson Sand Grain 160 g\/m\u00b2 Arena.<\/p>\n","protected":false},"featured_media":116974,"template":"","meta":[],"product_brand":[],"product_cat":[270,160],"product_tag":[],"class_list":{"0":"post-116970","1":"product","2":"type-product","3":"status-publish","4":"has-post-thumbnail","6":"product_cat-otras-montanas","7":"product_cat-obra-grafica-es","9":"first","10":"instock","11":"taxable","12":"shipping-taxable","13":"purchasable","14":"product-type-variable","15":"has-default-attributes"},"yoast_head":"<!-- This site is optimized with the Yoast SEO plugin v27.4 - https:\/\/yoast.com\/product\/yoast-seo-wordpress\/ -->\n<title>L\u00e1mina ANETO - Molta Muntanya<\/title>\n<meta name=\"description\" content=\"L\u00e0mina il\u00b7lustrada amb els bolets m\u00e9s emblem\u00e0tics de Catalunya, com el cep, el rossinyol i la trompeta de la mort. Perfecta per a amants de la natura i la micologia.\" \/>\n<meta name=\"robots\" content=\"index, follow, max-snippet:-1, max-image-preview:large, max-video-preview:-1\" \/>\n<link rel=\"canonical\" href=\"https:\/\/moltamuntanya.com\/producte\/lamina-aneto\/\" \/>\n<meta property=\"og:locale\" content=\"es_ES\" \/>\n<meta property=\"og:type\" content=\"article\" \/>\n<meta property=\"og:title\" content=\"L\u00e1mina ANETO - Molta Muntanya\" \/>\n<meta property=\"og:description\" content=\"L\u00e0mina il\u00b7lustrada amb els bolets m\u00e9s emblem\u00e0tics de Catalunya, com el cep, el rossinyol i la trompeta de la mort. Perfecta per a amants de la natura i la micologia.\" \/>\n<meta property=\"og:url\" content=\"https:\/\/moltamuntanya.com\/producte\/lamina-aneto\/\" \/>\n<meta property=\"og:site_name\" content=\"Molta Muntanya\" \/>\n<meta property=\"article:modified_time\" content=\"2025-11-26T16:50:24+00:00\" \/>\n<meta property=\"og:image\" content=\"https:\/\/moltamuntanya.com\/wp-content\/uploads\/2025\/11\/aneto_lamina.jpg\" \/>\n\t<meta property=\"og:image:width\" content=\"1000\" \/>\n\t<meta property=\"og:image:height\" content=\"1000\" \/>\n\t<meta property=\"og:image:type\" content=\"image\/jpeg\" \/>\n<meta name=\"twitter:card\" content=\"summary_large_image\" \/>\n<meta name=\"twitter:label1\" content=\"Tiempo de lectura\" \/>\n\t<meta name=\"twitter:data1\" content=\"1 minuto\" \/>\n<script type=\"application\/ld+json\" class=\"yoast-schema-graph\">{\"@context\":\"https:\\\/\\\/schema.org\",\"@graph\":[{\"@type\":\"WebPage\",\"@id\":\"https:\\\/\\\/moltamuntanya.com\\\/producte\\\/lamina-aneto\\\/\",\"url\":\"https:\\\/\\\/moltamuntanya.com\\\/producte\\\/lamina-aneto\\\/\",\"name\":\"L\u00e1mina ANETO - Molta Muntanya\",\"isPartOf\":{\"@id\":\"https:\\\/\\\/moltamuntanya.com\\\/es\\\/#website\"},\"primaryImageOfPage\":{\"@id\":\"https:\\\/\\\/moltamuntanya.com\\\/producte\\\/lamina-aneto\\\/#primaryimage\"},\"image\":{\"@id\":\"https:\\\/\\\/moltamuntanya.com\\\/producte\\\/lamina-aneto\\\/#primaryimage\"},\"thumbnailUrl\":\"https:\\\/\\\/moltamuntanya.com\\\/wp-content\\\/uploads\\\/2025\\\/11\\\/aneto_lamina.jpg\",\"datePublished\":\"2025-11-26T16:46:34+00:00\",\"dateModified\":\"2025-11-26T16:50:24+00:00\",\"description\":\"L\u00e0mina il\u00b7lustrada amb els bolets m\u00e9s emblem\u00e0tics de Catalunya, com el cep, el rossinyol i la trompeta de la mort. Perfecta per a amants de la natura i la micologia.\",\"breadcrumb\":{\"@id\":\"https:\\\/\\\/moltamuntanya.com\\\/producte\\\/lamina-aneto\\\/#breadcrumb\"},\"inLanguage\":\"es\",\"potentialAction\":[{\"@type\":\"ReadAction\",\"target\":[\"https:\\\/\\\/moltamuntanya.com\\\/producte\\\/lamina-aneto\\\/\"]}]},{\"@type\":\"ImageObject\",\"inLanguage\":\"es\",\"@id\":\"https:\\\/\\\/moltamuntanya.com\\\/producte\\\/lamina-aneto\\\/#primaryimage\",\"url\":\"https:\\\/\\\/moltamuntanya.com\\\/wp-content\\\/uploads\\\/2025\\\/11\\\/aneto_lamina.jpg\",\"contentUrl\":\"https:\\\/\\\/moltamuntanya.com\\\/wp-content\\\/uploads\\\/2025\\\/11\\\/aneto_lamina.jpg\",\"width\":1000,\"height\":1000},{\"@type\":\"BreadcrumbList\",\"@id\":\"https:\\\/\\\/moltamuntanya.com\\\/producte\\\/lamina-aneto\\\/#breadcrumb\",\"itemListElement\":[{\"@type\":\"ListItem\",\"position\":1,\"name\":\"Portada\",\"item\":\"https:\\\/\\\/moltamuntanya.com\\\/\"},{\"@type\":\"ListItem\",\"position\":2,\"name\":\"Productos\",\"item\":\"https:\\\/\\\/moltamuntanya.com\\\/es\\\/shop\\\/\"},{\"@type\":\"ListItem\",\"position\":3,\"name\":\"L\u00e1mina ANETO\"}]},{\"@type\":\"WebSite\",\"@id\":\"https:\\\/\\\/moltamuntanya.com\\\/es\\\/#website\",\"url\":\"https:\\\/\\\/moltamuntanya.com\\\/es\\\/\",\"name\":\"Molta Muntanya\",\"description\":\"Muntanyes i cims de Mallorca\",\"potentialAction\":[{\"@type\":\"SearchAction\",\"target\":{\"@type\":\"EntryPoint\",\"urlTemplate\":\"https:\\\/\\\/moltamuntanya.com\\\/es\\\/?s={search_term_string}\"},\"query-input\":{\"@type\":\"PropertyValueSpecification\",\"valueRequired\":true,\"valueName\":\"search_term_string\"}}],\"inLanguage\":\"es\"}]}<\/script>\n<!-- \/ Yoast SEO plugin. -->","yoast_head_json":{"title":"L\u00e1mina ANETO - Molta Muntanya","description":"L\u00e0mina il\u00b7lustrada amb els bolets m\u00e9s emblem\u00e0tics de Catalunya, com el cep, el rossinyol i la trompeta de la mort. Perfecta per a amants de la natura i la micologia.","robots":{"index":"index","follow":"follow","max-snippet":"max-snippet:-1","max-image-preview":"max-image-preview:large","max-video-preview":"max-video-preview:-1"},"canonical":"https:\/\/moltamuntanya.com\/producte\/lamina-aneto\/","og_locale":"es_ES","og_type":"article","og_title":"L\u00e1mina ANETO - Molta Muntanya","og_description":"L\u00e0mina il\u00b7lustrada amb els bolets m\u00e9s emblem\u00e0tics de Catalunya, com el cep, el rossinyol i la trompeta de la mort. Perfecta per a amants de la natura i la micologia.","og_url":"https:\/\/moltamuntanya.com\/producte\/lamina-aneto\/","og_site_name":"Molta Muntanya","article_modified_time":"2025-11-26T16:50:24+00:00","og_image":[{"width":1000,"height":1000,"url":"https:\/\/moltamuntanya.com\/wp-content\/uploads\/2025\/11\/aneto_lamina.jpg","type":"image\/jpeg"}],"twitter_card":"summary_large_image","twitter_misc":{"Tiempo de lectura":"1 minuto"},"schema":{"@context":"https:\/\/schema.org","@graph":[{"@type":"WebPage","@id":"https:\/\/moltamuntanya.com\/producte\/lamina-aneto\/","url":"https:\/\/moltamuntanya.com\/producte\/lamina-aneto\/","name":"L\u00e1mina ANETO - Molta Muntanya","isPartOf":{"@id":"https:\/\/moltamuntanya.com\/es\/#website"},"primaryImageOfPage":{"@id":"https:\/\/moltamuntanya.com\/producte\/lamina-aneto\/#primaryimage"},"image":{"@id":"https:\/\/moltamuntanya.com\/producte\/lamina-aneto\/#primaryimage"},"thumbnailUrl":"https:\/\/moltamuntanya.com\/wp-content\/uploads\/2025\/11\/aneto_lamina.jpg","datePublished":"2025-11-26T16:46:34+00:00","dateModified":"2025-11-26T16:50:24+00:00","description":"L\u00e0mina il\u00b7lustrada amb els bolets m\u00e9s emblem\u00e0tics de Catalunya, com el cep, el rossinyol i la trompeta de la mort. Perfecta per a amants de la natura i la micologia.","breadcrumb":{"@id":"https:\/\/moltamuntanya.com\/producte\/lamina-aneto\/#breadcrumb"},"inLanguage":"es","potentialAction":[{"@type":"ReadAction","target":["https:\/\/moltamuntanya.com\/producte\/lamina-aneto\/"]}]},{"@type":"ImageObject","inLanguage":"es","@id":"https:\/\/moltamuntanya.com\/producte\/lamina-aneto\/#primaryimage","url":"https:\/\/moltamuntanya.com\/wp-content\/uploads\/2025\/11\/aneto_lamina.jpg","contentUrl":"https:\/\/moltamuntanya.com\/wp-content\/uploads\/2025\/11\/aneto_lamina.jpg","width":1000,"height":1000},{"@type":"BreadcrumbList","@id":"https:\/\/moltamuntanya.com\/producte\/lamina-aneto\/#breadcrumb","itemListElement":[{"@type":"ListItem","position":1,"name":"Portada","item":"https:\/\/moltamuntanya.com\/"},{"@type":"ListItem","position":2,"name":"Productos","item":"https:\/\/moltamuntanya.com\/es\/shop\/"},{"@type":"ListItem","position":3,"name":"L\u00e1mina ANETO"}]},{"@type":"WebSite","@id":"https:\/\/moltamuntanya.com\/es\/#website","url":"https:\/\/moltamuntanya.com\/es\/","name":"Molta Muntanya","description":"Muntanyes i cims de Mallorca","potentialAction":[{"@type":"SearchAction","target":{"@type":"EntryPoint","urlTemplate":"https:\/\/moltamuntanya.com\/es\/?s={search_term_string}"},"query-input":{"@type":"PropertyValueSpecification","valueRequired":true,"valueName":"search_term_string"}}],"inLanguage":"es"}]}},"_links":{"self":[{"href":"https:\/\/moltamuntanya.com\/es\/wp-json\/wp\/v2\/product\/116970","targetHints":{"allow":["GET"]}}],"collection":[{"href":"https:\/\/moltamuntanya.com\/es\/wp-json\/wp\/v2\/product"}],"about":[{"href":"https:\/\/moltamuntanya.com\/es\/wp-json\/wp\/v2\/types\/product"}],"wp:featuredmedia":[{"embeddable":true,"href":"https:\/\/moltamuntanya.com\/es\/wp-json\/wp\/v2\/media\/116974"}],"wp:attachment":[{"href":"https:\/\/moltamuntanya.com\/es\/wp-json\/wp\/v2\/media?parent=116970"}],"wp:term":[{"taxonomy":"product_brand","embeddable":true,"href":"https:\/\/moltamuntanya.com\/es\/wp-json\/wp\/v2\/product_brand?post=116970"},{"taxonomy":"product_cat","embeddable":true,"href":"https:\/\/moltamuntanya.com\/es\/wp-json\/wp\/v2\/product_cat?post=116970"},{"taxonomy":"product_tag","embeddable":true,"href":"https:\/\/moltamuntanya.com\/es\/wp-json\/wp\/v2\/product_tag?post=116970"}],"curies":[{"name":"wp","href":"https:\/\/api.w.org\/{rel}","templated":true}]}}