{"id":117035,"date":"2025-11-28T23:17:48","date_gmt":"2025-11-28T22:17:48","guid":{"rendered":"https:\/\/moltamuntanya.com\/?post_type=product&#038;p=117035"},"modified":"2025-11-28T23:23:17","modified_gmt":"2025-11-28T22:23:17","slug":"lamina-mes-muntanyes-menys-drames","status":"publish","type":"product","link":"https:\/\/moltamuntanya.com\/es\/producto\/lamina-mes-muntanyes-menys-drames\/","title":{"rendered":"L\u00e0mina M\u00c9S MUNTANYES, MENYS DRAMES"},"content":{"rendered":"<div class=\"flex max-w-full flex-col flex-grow\">\n<div class=\"min-h-8 text-message flex w-full flex-col items-end gap-2 whitespace-normal break-words text-start [.text-message+&amp;]:mt-5\" dir=\"auto\" data-message-author-role=\"assistant\" data-message-id=\"a6c9efb6-d93d-43b9-ad16-f3f576921106\" data-message-model-slug=\"gpt-4o\">\n<div class=\"flex w-full flex-col gap-1 empty:hidden first:pt-[3px]\">\n<div class=\"markdown prose w-full break-words dark:prose-invert light\">\n<article class=\"text-token-text-primary w-full focus:outline-none [--shadow-height:45px] has-data-writing-block:pointer-events-none has-data-writing-block:-mt-(--shadow-height) has-data-writing-block:pt-(--shadow-height) [&amp;:has([data-writing-block])&gt;*]:pointer-events-auto scroll-mt-[calc(var(--header-height)+min(200px,max(70px,20svh)))]\" dir=\"auto\" tabindex=\"-1\" data-turn-id=\"request-WEB:7e401f83-c43f-402d-a238-e8c89dc0c160-4\" data-testid=\"conversation-turn-10\" data-scroll-anchor=\"true\" data-turn=\"assistant\">\n<div class=\"text-base my-auto mx-auto pb-10 [--thread-content-margin:--spacing(4)] thread-sm:[--thread-content-margin:--spacing(6)] thread-lg:[--thread-content-margin:--spacing(16)] px-(--thread-content-margin)\">\n<div class=\"[--thread-content-max-width:40rem] thread-lg:[--thread-content-max-width:48rem] mx-auto max-w-(--thread-content-max-width) flex-1 group\/turn-messages focus-visible:outline-hidden relative flex w-full min-w-0 flex-col agent-turn\" tabindex=\"-1\">\n<div class=\"flex max-w-full flex-col grow\">\n<div class=\"min-h-8 text-message relative flex w-full flex-col items-end gap-2 text-start break-words whitespace-normal [.text-message+&amp;]:mt-1\" dir=\"auto\" data-message-author-role=\"assistant\" data-message-id=\"c81e83a0-d873-47db-a080-e2cd0039246f\" data-message-model-slug=\"gpt-5-1\">\n<div class=\"flex w-full flex-col gap-1 empty:hidden first:pt-[1px]\">\n<div class=\"markdown prose dark:prose-invert w-full break-words light markdown-new-styling\">\n<p data-start=\"46\" data-end=\"83\"><strong data-start=\"46\" data-end=\"83\">L\u00e1mina M\u00e1s monta\u00f1as, menos dramas<\/strong><\/p>\n<p data-start=\"85\" data-end=\"256\">Un dise\u00f1o perfecto para senderistas, escaladores y amantes del aire libre que saben que la mejor terapia son los caminos de tierra, los desniveles y los paisajes abiertos.<\/p>\n<p data-start=\"258\" data-end=\"386\"><strong data-start=\"258\" data-end=\"274\">Dimensiones:<\/strong><br data-start=\"274\" data-end=\"277\" \/>Disponible en varios tama\u00f1os est\u00e1ndar, perfecta para enmarcar y aportar un toque natural a cualquier espacio.<\/p>\n<p data-start=\"388\" data-end=\"483\" data-is-last-node=\"\" data-is-only-node=\"\"><strong data-start=\"388\" data-end=\"413\">Calidad y materiales:<\/strong><br data-start=\"413\" data-end=\"416\" \/>Impresi\u00f3n ecol\u00f3gica y sostenible, respetuosa con el medio ambiente.<\/p>\n<\/div>\n<\/div>\n<\/div>\n<\/div>\n<div class=\"z-0 flex min-h-[46px] justify-start\"><\/div>\n<div class=\"mt-3 w-full empty:hidden\">\n<div class=\"text-center\"><\/div>\n<\/div>\n<\/div>\n<\/div>\n<\/article>\n<div class=\"pointer-events-none h-px w-px\" aria-hidden=\"true\" data-edge=\"true\"><\/div>\n<\/div>\n<\/div>\n<\/div>\n<\/div>\n","protected":false},"excerpt":{"rendered":"<p>L\u00e1mina DIN A4 (21 cm x 29,7 cm) y DIN A3 beige (29,7 cm x 42 cm):<\/p>\n<p>Impresi\u00f3n digital sobre papel de calidad Canson Sand Grain 160 g\/m\u00b2 Gris y sobre papel de calidad Canson Sand Grain 160 g\/m\u00b2 Arena.<\/p>\n","protected":false},"featured_media":117039,"template":"","meta":[],"product_brand":[],"product_cat":[270,267,150,147,160],"product_tag":[],"class_list":{"0":"post-117035","1":"product","2":"type-product","3":"status-publish","4":"has-post-thumbnail","6":"product_cat-otras-montanas","7":"product_cat-valencia-es","8":"product_cat-mallorca-es","9":"product_cat-cataluna","10":"product_cat-obra-grafica-es","12":"first","13":"instock","14":"taxable","15":"shipping-taxable","16":"purchasable","17":"product-type-variable","18":"has-default-attributes"},"yoast_head":"<!-- This site is optimized with the Yoast SEO plugin v27.4 - https:\/\/yoast.com\/product\/yoast-seo-wordpress\/ -->\n<title>L\u00e0mina M\u00c9S MUNTANYES, MENYS DRAMES - Molta Muntanya<\/title>\n<meta name=\"description\" content=\"L\u00e0mina minimalista \u201cM\u00e9s muntanyes, menys drames\u201d: un homenatge a la vida a la natura i a la calma que aporta la muntanya. Perfecta per a amants de l\u2019aire lliure.\" \/>\n<meta name=\"robots\" content=\"index, follow, max-snippet:-1, max-image-preview:large, max-video-preview:-1\" \/>\n<link rel=\"canonical\" href=\"https:\/\/moltamuntanya.com\/producte\/lamina-mes-muntanyes-menys-drames\/\" \/>\n<meta property=\"og:locale\" content=\"es_ES\" \/>\n<meta property=\"og:type\" content=\"article\" \/>\n<meta property=\"og:title\" content=\"L\u00e0mina M\u00c9S MUNTANYES, MENYS DRAMES - Molta Muntanya\" \/>\n<meta property=\"og:description\" content=\"L\u00e0mina minimalista \u201cM\u00e9s muntanyes, menys drames\u201d: un homenatge a la vida a la natura i a la calma que aporta la muntanya. Perfecta per a amants de l\u2019aire lliure.\" \/>\n<meta property=\"og:url\" content=\"https:\/\/moltamuntanya.com\/producte\/lamina-mes-muntanyes-menys-drames\/\" \/>\n<meta property=\"og:site_name\" content=\"Molta Muntanya\" \/>\n<meta property=\"article:modified_time\" content=\"2025-11-28T22:23:17+00:00\" \/>\n<meta property=\"og:image\" content=\"https:\/\/moltamuntanya.com\/wp-content\/uploads\/2025\/11\/drames_web.jpg\" \/>\n\t<meta property=\"og:image:width\" content=\"1000\" \/>\n\t<meta property=\"og:image:height\" content=\"1000\" \/>\n\t<meta property=\"og:image:type\" content=\"image\/jpeg\" \/>\n<meta name=\"twitter:card\" content=\"summary_large_image\" \/>\n<meta name=\"twitter:label1\" content=\"Tiempo de lectura\" \/>\n\t<meta name=\"twitter:data1\" content=\"1 minuto\" \/>\n<script type=\"application\/ld+json\" class=\"yoast-schema-graph\">{\"@context\":\"https:\\\/\\\/schema.org\",\"@graph\":[{\"@type\":\"WebPage\",\"@id\":\"https:\\\/\\\/moltamuntanya.com\\\/producte\\\/lamina-mes-muntanyes-menys-drames\\\/\",\"url\":\"https:\\\/\\\/moltamuntanya.com\\\/producte\\\/lamina-mes-muntanyes-menys-drames\\\/\",\"name\":\"L\u00e0mina M\u00c9S MUNTANYES, MENYS DRAMES - Molta Muntanya\",\"isPartOf\":{\"@id\":\"https:\\\/\\\/moltamuntanya.com\\\/es\\\/#website\"},\"primaryImageOfPage\":{\"@id\":\"https:\\\/\\\/moltamuntanya.com\\\/producte\\\/lamina-mes-muntanyes-menys-drames\\\/#primaryimage\"},\"image\":{\"@id\":\"https:\\\/\\\/moltamuntanya.com\\\/producte\\\/lamina-mes-muntanyes-menys-drames\\\/#primaryimage\"},\"thumbnailUrl\":\"https:\\\/\\\/moltamuntanya.com\\\/wp-content\\\/uploads\\\/2025\\\/11\\\/drames_web.jpg\",\"datePublished\":\"2025-11-28T22:17:48+00:00\",\"dateModified\":\"2025-11-28T22:23:17+00:00\",\"description\":\"L\u00e0mina minimalista \u201cM\u00e9s muntanyes, menys drames\u201d: un homenatge a la vida a la natura i a la calma que aporta la muntanya. Perfecta per a amants de l\u2019aire lliure.\",\"breadcrumb\":{\"@id\":\"https:\\\/\\\/moltamuntanya.com\\\/producte\\\/lamina-mes-muntanyes-menys-drames\\\/#breadcrumb\"},\"inLanguage\":\"es\",\"potentialAction\":[{\"@type\":\"ReadAction\",\"target\":[\"https:\\\/\\\/moltamuntanya.com\\\/producte\\\/lamina-mes-muntanyes-menys-drames\\\/\"]}]},{\"@type\":\"ImageObject\",\"inLanguage\":\"es\",\"@id\":\"https:\\\/\\\/moltamuntanya.com\\\/producte\\\/lamina-mes-muntanyes-menys-drames\\\/#primaryimage\",\"url\":\"https:\\\/\\\/moltamuntanya.com\\\/wp-content\\\/uploads\\\/2025\\\/11\\\/drames_web.jpg\",\"contentUrl\":\"https:\\\/\\\/moltamuntanya.com\\\/wp-content\\\/uploads\\\/2025\\\/11\\\/drames_web.jpg\",\"width\":1000,\"height\":1000},{\"@type\":\"BreadcrumbList\",\"@id\":\"https:\\\/\\\/moltamuntanya.com\\\/producte\\\/lamina-mes-muntanyes-menys-drames\\\/#breadcrumb\",\"itemListElement\":[{\"@type\":\"ListItem\",\"position\":1,\"name\":\"Portada\",\"item\":\"https:\\\/\\\/moltamuntanya.com\\\/\"},{\"@type\":\"ListItem\",\"position\":2,\"name\":\"Productos\",\"item\":\"https:\\\/\\\/moltamuntanya.com\\\/es\\\/shop\\\/\"},{\"@type\":\"ListItem\",\"position\":3,\"name\":\"L\u00e0mina M\u00c9S MUNTANYES, MENYS DRAMES\"}]},{\"@type\":\"WebSite\",\"@id\":\"https:\\\/\\\/moltamuntanya.com\\\/es\\\/#website\",\"url\":\"https:\\\/\\\/moltamuntanya.com\\\/es\\\/\",\"name\":\"Molta Muntanya\",\"description\":\"Muntanyes i cims de Mallorca\",\"potentialAction\":[{\"@type\":\"SearchAction\",\"target\":{\"@type\":\"EntryPoint\",\"urlTemplate\":\"https:\\\/\\\/moltamuntanya.com\\\/es\\\/?s={search_term_string}\"},\"query-input\":{\"@type\":\"PropertyValueSpecification\",\"valueRequired\":true,\"valueName\":\"search_term_string\"}}],\"inLanguage\":\"es\"}]}<\/script>\n<!-- \/ Yoast SEO plugin. -->","yoast_head_json":{"title":"L\u00e0mina M\u00c9S MUNTANYES, MENYS DRAMES - Molta Muntanya","description":"L\u00e0mina minimalista \u201cM\u00e9s muntanyes, menys drames\u201d: un homenatge a la vida a la natura i a la calma que aporta la muntanya. Perfecta per a amants de l\u2019aire lliure.","robots":{"index":"index","follow":"follow","max-snippet":"max-snippet:-1","max-image-preview":"max-image-preview:large","max-video-preview":"max-video-preview:-1"},"canonical":"https:\/\/moltamuntanya.com\/producte\/lamina-mes-muntanyes-menys-drames\/","og_locale":"es_ES","og_type":"article","og_title":"L\u00e0mina M\u00c9S MUNTANYES, MENYS DRAMES - Molta Muntanya","og_description":"L\u00e0mina minimalista \u201cM\u00e9s muntanyes, menys drames\u201d: un homenatge a la vida a la natura i a la calma que aporta la muntanya. Perfecta per a amants de l\u2019aire lliure.","og_url":"https:\/\/moltamuntanya.com\/producte\/lamina-mes-muntanyes-menys-drames\/","og_site_name":"Molta Muntanya","article_modified_time":"2025-11-28T22:23:17+00:00","og_image":[{"width":1000,"height":1000,"url":"https:\/\/moltamuntanya.com\/wp-content\/uploads\/2025\/11\/drames_web.jpg","type":"image\/jpeg"}],"twitter_card":"summary_large_image","twitter_misc":{"Tiempo de lectura":"1 minuto"},"schema":{"@context":"https:\/\/schema.org","@graph":[{"@type":"WebPage","@id":"https:\/\/moltamuntanya.com\/producte\/lamina-mes-muntanyes-menys-drames\/","url":"https:\/\/moltamuntanya.com\/producte\/lamina-mes-muntanyes-menys-drames\/","name":"L\u00e0mina M\u00c9S MUNTANYES, MENYS DRAMES - Molta Muntanya","isPartOf":{"@id":"https:\/\/moltamuntanya.com\/es\/#website"},"primaryImageOfPage":{"@id":"https:\/\/moltamuntanya.com\/producte\/lamina-mes-muntanyes-menys-drames\/#primaryimage"},"image":{"@id":"https:\/\/moltamuntanya.com\/producte\/lamina-mes-muntanyes-menys-drames\/#primaryimage"},"thumbnailUrl":"https:\/\/moltamuntanya.com\/wp-content\/uploads\/2025\/11\/drames_web.jpg","datePublished":"2025-11-28T22:17:48+00:00","dateModified":"2025-11-28T22:23:17+00:00","description":"L\u00e0mina minimalista \u201cM\u00e9s muntanyes, menys drames\u201d: un homenatge a la vida a la natura i a la calma que aporta la muntanya. Perfecta per a amants de l\u2019aire lliure.","breadcrumb":{"@id":"https:\/\/moltamuntanya.com\/producte\/lamina-mes-muntanyes-menys-drames\/#breadcrumb"},"inLanguage":"es","potentialAction":[{"@type":"ReadAction","target":["https:\/\/moltamuntanya.com\/producte\/lamina-mes-muntanyes-menys-drames\/"]}]},{"@type":"ImageObject","inLanguage":"es","@id":"https:\/\/moltamuntanya.com\/producte\/lamina-mes-muntanyes-menys-drames\/#primaryimage","url":"https:\/\/moltamuntanya.com\/wp-content\/uploads\/2025\/11\/drames_web.jpg","contentUrl":"https:\/\/moltamuntanya.com\/wp-content\/uploads\/2025\/11\/drames_web.jpg","width":1000,"height":1000},{"@type":"BreadcrumbList","@id":"https:\/\/moltamuntanya.com\/producte\/lamina-mes-muntanyes-menys-drames\/#breadcrumb","itemListElement":[{"@type":"ListItem","position":1,"name":"Portada","item":"https:\/\/moltamuntanya.com\/"},{"@type":"ListItem","position":2,"name":"Productos","item":"https:\/\/moltamuntanya.com\/es\/shop\/"},{"@type":"ListItem","position":3,"name":"L\u00e0mina M\u00c9S MUNTANYES, MENYS DRAMES"}]},{"@type":"WebSite","@id":"https:\/\/moltamuntanya.com\/es\/#website","url":"https:\/\/moltamuntanya.com\/es\/","name":"Molta Muntanya","description":"Muntanyes i cims de Mallorca","potentialAction":[{"@type":"SearchAction","target":{"@type":"EntryPoint","urlTemplate":"https:\/\/moltamuntanya.com\/es\/?s={search_term_string}"},"query-input":{"@type":"PropertyValueSpecification","valueRequired":true,"valueName":"search_term_string"}}],"inLanguage":"es"}]}},"_links":{"self":[{"href":"https:\/\/moltamuntanya.com\/es\/wp-json\/wp\/v2\/product\/117035","targetHints":{"allow":["GET"]}}],"collection":[{"href":"https:\/\/moltamuntanya.com\/es\/wp-json\/wp\/v2\/product"}],"about":[{"href":"https:\/\/moltamuntanya.com\/es\/wp-json\/wp\/v2\/types\/product"}],"wp:featuredmedia":[{"embeddable":true,"href":"https:\/\/moltamuntanya.com\/es\/wp-json\/wp\/v2\/media\/117039"}],"wp:attachment":[{"href":"https:\/\/moltamuntanya.com\/es\/wp-json\/wp\/v2\/media?parent=117035"}],"wp:term":[{"taxonomy":"product_brand","embeddable":true,"href":"https:\/\/moltamuntanya.com\/es\/wp-json\/wp\/v2\/product_brand?post=117035"},{"taxonomy":"product_cat","embeddable":true,"href":"https:\/\/moltamuntanya.com\/es\/wp-json\/wp\/v2\/product_cat?post=117035"},{"taxonomy":"product_tag","embeddable":true,"href":"https:\/\/moltamuntanya.com\/es\/wp-json\/wp\/v2\/product_tag?post=117035"}],"curies":[{"name":"wp","href":"https:\/\/api.w.org\/{rel}","templated":true}]}}