{"id":117098,"date":"2025-12-01T20:28:23","date_gmt":"2025-12-01T19:28:23","guid":{"rendered":"https:\/\/moltamuntanya.com\/producte\/camiseta-serralada-el-cadi\/"},"modified":"2025-12-01T20:28:23","modified_gmt":"2025-12-01T19:28:23","slug":"camiseta-serralada-el-cadi","status":"publish","type":"product","link":"https:\/\/moltamuntanya.com\/es\/producto\/camiseta-serralada-el-cadi\/","title":{"rendered":"Camiseta SERRALADA EL CAD\u00cd"},"content":{"rendered":"<p data-start=\"42\" data-end=\"97\">Camiseta Sierra del Cad\u00ed \u2013 Vista desde el Prat del Cad\u00ed<\/p>\n<p data-start=\"99\" data-end=\"319\" data-is-last-node=\"\" data-is-only-node=\"\">Descubre nuestra camiseta del Cad\u00ed, un dise\u00f1o exclusivo inspirado en la Sierra del Cad\u00ed vista desde el Prat del Cad\u00ed, uno de los espacios m\u00e1s ic\u00f3nicos para contemplar canales y cimas emblem\u00e1ticas de esta muralla natural.<\/p>\n","protected":false},"excerpt":{"rendered":"<p data-start=\"42\" data-end=\"331\">Esta camiseta ha sido producida con algod\u00f3n cultivado mediante pr\u00e1cticas de agricultura ecol\u00f3gica, sin utilizar productos qu\u00edmicos como fertilizantes o pesticidas. El proceso de transformaci\u00f3n y te\u00f1ido del algod\u00f3n se ha llevado a cabo sin el uso de sustancias t\u00f3xicas que est\u00e9n prohibidas.<\/p>\n<p data-start=\"333\" data-end=\"638\" data-is-last-node=\"\" data-is-only-node=\"\">En el proceso de creaci\u00f3n de esta prenda no se ha utilizado ning\u00fan producto de origen animal. Adem\u00e1s, toda la cadena de producci\u00f3n textil cumple con los est\u00e1ndares reconocidos internacionalmente por la Organizaci\u00f3n Internacional del Trabajo y la Declaraci\u00f3n de los Derechos Humanos de las Naciones Unidas<\/p>\n","protected":false},"featured_media":117088,"template":"","meta":[],"product_brand":[],"product_cat":[147,153],"product_tag":[],"class_list":{"0":"post-117098","1":"product","2":"type-product","3":"status-publish","4":"has-post-thumbnail","6":"product_cat-cataluna","7":"product_cat-camisetas","9":"first","10":"instock","11":"taxable","12":"shipping-taxable","13":"purchasable","14":"product-type-variable","15":"has-default-attributes"},"yoast_head":"<!-- This site is optimized with the Yoast SEO plugin v27.4 - https:\/\/yoast.com\/product\/yoast-seo-wordpress\/ -->\n<title>Camiseta SERRALADA EL CAD\u00cd - Molta Muntanya<\/title>\n<meta name=\"description\" content=\"Camiseta del Cad\u00ed con dise\u00f1o de la Sierra del Cad\u00ed vista desde el Prat del Cad\u00ed. Una pieza \u00fanica para amantes de las monta\u00f1as de Catalu\u00f1a.\" \/>\n<meta name=\"robots\" content=\"index, follow, max-snippet:-1, max-image-preview:large, max-video-preview:-1\" \/>\n<link rel=\"canonical\" href=\"https:\/\/moltamuntanya.com\/producte\/camiseta-serralada-el-cadi\/\" \/>\n<meta property=\"og:locale\" content=\"es_ES\" \/>\n<meta property=\"og:type\" content=\"article\" \/>\n<meta property=\"og:title\" content=\"Camiseta SERRALADA EL CAD\u00cd - Molta Muntanya\" \/>\n<meta property=\"og:description\" content=\"Camiseta del Cad\u00ed con dise\u00f1o de la Sierra del Cad\u00ed vista desde el Prat del Cad\u00ed. Una pieza \u00fanica para amantes de las monta\u00f1as de Catalu\u00f1a.\" \/>\n<meta property=\"og:url\" content=\"https:\/\/moltamuntanya.com\/producte\/camiseta-serralada-el-cadi\/\" \/>\n<meta property=\"og:site_name\" content=\"Molta Muntanya\" \/>\n<meta property=\"og:image\" content=\"https:\/\/moltamuntanya.com\/wp-content\/uploads\/2025\/12\/cadi_negre_Web.jpg\" \/>\n\t<meta property=\"og:image:width\" content=\"1000\" \/>\n\t<meta property=\"og:image:height\" content=\"1000\" \/>\n\t<meta property=\"og:image:type\" content=\"image\/jpeg\" \/>\n<meta name=\"twitter:card\" content=\"summary_large_image\" \/>\n<script type=\"application\/ld+json\" class=\"yoast-schema-graph\">{\"@context\":\"https:\\\/\\\/schema.org\",\"@graph\":[{\"@type\":\"WebPage\",\"@id\":\"https:\\\/\\\/moltamuntanya.com\\\/producte\\\/camiseta-serralada-el-cadi\\\/\",\"url\":\"https:\\\/\\\/moltamuntanya.com\\\/producte\\\/camiseta-serralada-el-cadi\\\/\",\"name\":\"Camiseta SERRALADA EL CAD\u00cd - Molta Muntanya\",\"isPartOf\":{\"@id\":\"https:\\\/\\\/moltamuntanya.com\\\/es\\\/#website\"},\"primaryImageOfPage\":{\"@id\":\"https:\\\/\\\/moltamuntanya.com\\\/producte\\\/camiseta-serralada-el-cadi\\\/#primaryimage\"},\"image\":{\"@id\":\"https:\\\/\\\/moltamuntanya.com\\\/producte\\\/camiseta-serralada-el-cadi\\\/#primaryimage\"},\"thumbnailUrl\":\"https:\\\/\\\/moltamuntanya.com\\\/wp-content\\\/uploads\\\/2025\\\/12\\\/cadi_negre_Web.jpg\",\"datePublished\":\"2025-12-01T19:28:23+00:00\",\"description\":\"Camiseta del Cad\u00ed con dise\u00f1o de la Sierra del Cad\u00ed vista desde el Prat del Cad\u00ed. Una pieza \u00fanica para amantes de las monta\u00f1as de Catalu\u00f1a.\",\"breadcrumb\":{\"@id\":\"https:\\\/\\\/moltamuntanya.com\\\/producte\\\/camiseta-serralada-el-cadi\\\/#breadcrumb\"},\"inLanguage\":\"es\",\"potentialAction\":[{\"@type\":\"ReadAction\",\"target\":[\"https:\\\/\\\/moltamuntanya.com\\\/producte\\\/camiseta-serralada-el-cadi\\\/\"]}]},{\"@type\":\"ImageObject\",\"inLanguage\":\"es\",\"@id\":\"https:\\\/\\\/moltamuntanya.com\\\/producte\\\/camiseta-serralada-el-cadi\\\/#primaryimage\",\"url\":\"https:\\\/\\\/moltamuntanya.com\\\/wp-content\\\/uploads\\\/2025\\\/12\\\/cadi_negre_Web.jpg\",\"contentUrl\":\"https:\\\/\\\/moltamuntanya.com\\\/wp-content\\\/uploads\\\/2025\\\/12\\\/cadi_negre_Web.jpg\",\"width\":1000,\"height\":1000},{\"@type\":\"BreadcrumbList\",\"@id\":\"https:\\\/\\\/moltamuntanya.com\\\/producte\\\/camiseta-serralada-el-cadi\\\/#breadcrumb\",\"itemListElement\":[{\"@type\":\"ListItem\",\"position\":1,\"name\":\"Portada\",\"item\":\"https:\\\/\\\/moltamuntanya.com\\\/\"},{\"@type\":\"ListItem\",\"position\":2,\"name\":\"Productos\",\"item\":\"https:\\\/\\\/moltamuntanya.com\\\/es\\\/shop\\\/\"},{\"@type\":\"ListItem\",\"position\":3,\"name\":\"Camiseta SERRALADA EL CAD\u00cd\"}]},{\"@type\":\"WebSite\",\"@id\":\"https:\\\/\\\/moltamuntanya.com\\\/es\\\/#website\",\"url\":\"https:\\\/\\\/moltamuntanya.com\\\/es\\\/\",\"name\":\"Molta Muntanya\",\"description\":\"Muntanyes i cims de Mallorca\",\"potentialAction\":[{\"@type\":\"SearchAction\",\"target\":{\"@type\":\"EntryPoint\",\"urlTemplate\":\"https:\\\/\\\/moltamuntanya.com\\\/es\\\/?s={search_term_string}\"},\"query-input\":{\"@type\":\"PropertyValueSpecification\",\"valueRequired\":true,\"valueName\":\"search_term_string\"}}],\"inLanguage\":\"es\"}]}<\/script>\n<!-- \/ Yoast SEO plugin. -->","yoast_head_json":{"title":"Camiseta SERRALADA EL CAD\u00cd - Molta Muntanya","description":"Camiseta del Cad\u00ed con dise\u00f1o de la Sierra del Cad\u00ed vista desde el Prat del Cad\u00ed. Una pieza \u00fanica para amantes de las monta\u00f1as de Catalu\u00f1a.","robots":{"index":"index","follow":"follow","max-snippet":"max-snippet:-1","max-image-preview":"max-image-preview:large","max-video-preview":"max-video-preview:-1"},"canonical":"https:\/\/moltamuntanya.com\/producte\/camiseta-serralada-el-cadi\/","og_locale":"es_ES","og_type":"article","og_title":"Camiseta SERRALADA EL CAD\u00cd - Molta Muntanya","og_description":"Camiseta del Cad\u00ed con dise\u00f1o de la Sierra del Cad\u00ed vista desde el Prat del Cad\u00ed. Una pieza \u00fanica para amantes de las monta\u00f1as de Catalu\u00f1a.","og_url":"https:\/\/moltamuntanya.com\/producte\/camiseta-serralada-el-cadi\/","og_site_name":"Molta Muntanya","og_image":[{"width":1000,"height":1000,"url":"https:\/\/moltamuntanya.com\/wp-content\/uploads\/2025\/12\/cadi_negre_Web.jpg","type":"image\/jpeg"}],"twitter_card":"summary_large_image","schema":{"@context":"https:\/\/schema.org","@graph":[{"@type":"WebPage","@id":"https:\/\/moltamuntanya.com\/producte\/camiseta-serralada-el-cadi\/","url":"https:\/\/moltamuntanya.com\/producte\/camiseta-serralada-el-cadi\/","name":"Camiseta SERRALADA EL CAD\u00cd - Molta Muntanya","isPartOf":{"@id":"https:\/\/moltamuntanya.com\/es\/#website"},"primaryImageOfPage":{"@id":"https:\/\/moltamuntanya.com\/producte\/camiseta-serralada-el-cadi\/#primaryimage"},"image":{"@id":"https:\/\/moltamuntanya.com\/producte\/camiseta-serralada-el-cadi\/#primaryimage"},"thumbnailUrl":"https:\/\/moltamuntanya.com\/wp-content\/uploads\/2025\/12\/cadi_negre_Web.jpg","datePublished":"2025-12-01T19:28:23+00:00","description":"Camiseta del Cad\u00ed con dise\u00f1o de la Sierra del Cad\u00ed vista desde el Prat del Cad\u00ed. Una pieza \u00fanica para amantes de las monta\u00f1as de Catalu\u00f1a.","breadcrumb":{"@id":"https:\/\/moltamuntanya.com\/producte\/camiseta-serralada-el-cadi\/#breadcrumb"},"inLanguage":"es","potentialAction":[{"@type":"ReadAction","target":["https:\/\/moltamuntanya.com\/producte\/camiseta-serralada-el-cadi\/"]}]},{"@type":"ImageObject","inLanguage":"es","@id":"https:\/\/moltamuntanya.com\/producte\/camiseta-serralada-el-cadi\/#primaryimage","url":"https:\/\/moltamuntanya.com\/wp-content\/uploads\/2025\/12\/cadi_negre_Web.jpg","contentUrl":"https:\/\/moltamuntanya.com\/wp-content\/uploads\/2025\/12\/cadi_negre_Web.jpg","width":1000,"height":1000},{"@type":"BreadcrumbList","@id":"https:\/\/moltamuntanya.com\/producte\/camiseta-serralada-el-cadi\/#breadcrumb","itemListElement":[{"@type":"ListItem","position":1,"name":"Portada","item":"https:\/\/moltamuntanya.com\/"},{"@type":"ListItem","position":2,"name":"Productos","item":"https:\/\/moltamuntanya.com\/es\/shop\/"},{"@type":"ListItem","position":3,"name":"Camiseta SERRALADA EL CAD\u00cd"}]},{"@type":"WebSite","@id":"https:\/\/moltamuntanya.com\/es\/#website","url":"https:\/\/moltamuntanya.com\/es\/","name":"Molta Muntanya","description":"Muntanyes i cims de Mallorca","potentialAction":[{"@type":"SearchAction","target":{"@type":"EntryPoint","urlTemplate":"https:\/\/moltamuntanya.com\/es\/?s={search_term_string}"},"query-input":{"@type":"PropertyValueSpecification","valueRequired":true,"valueName":"search_term_string"}}],"inLanguage":"es"}]}},"_links":{"self":[{"href":"https:\/\/moltamuntanya.com\/es\/wp-json\/wp\/v2\/product\/117098","targetHints":{"allow":["GET"]}}],"collection":[{"href":"https:\/\/moltamuntanya.com\/es\/wp-json\/wp\/v2\/product"}],"about":[{"href":"https:\/\/moltamuntanya.com\/es\/wp-json\/wp\/v2\/types\/product"}],"wp:featuredmedia":[{"embeddable":true,"href":"https:\/\/moltamuntanya.com\/es\/wp-json\/wp\/v2\/media\/117088"}],"wp:attachment":[{"href":"https:\/\/moltamuntanya.com\/es\/wp-json\/wp\/v2\/media?parent=117098"}],"wp:term":[{"taxonomy":"product_brand","embeddable":true,"href":"https:\/\/moltamuntanya.com\/es\/wp-json\/wp\/v2\/product_brand?post=117098"},{"taxonomy":"product_cat","embeddable":true,"href":"https:\/\/moltamuntanya.com\/es\/wp-json\/wp\/v2\/product_cat?post=117098"},{"taxonomy":"product_tag","embeddable":true,"href":"https:\/\/moltamuntanya.com\/es\/wp-json\/wp\/v2\/product_tag?post=117098"}],"curies":[{"name":"wp","href":"https:\/\/api.w.org\/{rel}","templated":true}]}}