{"id":118235,"date":"2026-02-03T19:22:48","date_gmt":"2026-02-03T18:22:48","guid":{"rendered":"https:\/\/moltamuntanya.com\/?post_type=product&#038;p=118235"},"modified":"2026-02-17T21:01:56","modified_gmt":"2026-02-17T20:01:56","slug":"sudadera-con-cremallera","status":"publish","type":"product","link":"https:\/\/moltamuntanya.com\/es\/producto\/sudadera-con-cremallera\/","title":{"rendered":"Sudadera con cremallera"},"content":{"rendered":"<p data-start=\"0\" data-end=\"63\">Sudadera con cremallera personalizada con serigraf\u00eda de monta\u00f1a<\/p>\n<p data-start=\"65\" data-end=\"291\">Sudadera con cremallera ideal para amantes de la monta\u00f1a y las actividades al aire libre. Personalizamos cada prenda con la serigraf\u00eda de uno de nuestros dise\u00f1os de monta\u00f1a, estampada artesanalmente en el taller y bajo pedido.<\/p>\n<p data-start=\"293\" data-end=\"554\">\ud83d\udc49 C\u00f3mo funciona la personalizaci\u00f3n<br data-start=\"328\" data-end=\"331\" \/>En el momento de hacer la compra, en el apartado de Notas del cliente, debes indicar qu\u00e9 dise\u00f1o quieres que estampemos en la espalda.<br data-start=\"464\" data-end=\"467\" \/>Si no se especifica ning\u00fan dise\u00f1o, la sudadera se enviar\u00e1 sin serigraf\u00eda en la espalda.<\/p>\n<p data-start=\"556\" data-end=\"723\">Cada sudadera se produce de manera artesanal, cuidando cada detalle del proceso de estampaci\u00f3n, pensada para acompa\u00f1arte tanto en tus excursiones como en el d\u00eda a d\u00eda.<\/p>\n<p data-start=\"725\" data-end=\"753\">Caracter\u00edsticas principales:<\/p>\n<p data-start=\"755\" data-end=\"898\" data-is-last-node=\"\" data-is-only-node=\"\">Sudadera con cremallera<br data-start=\"778\" data-end=\"781\" \/>Serigraf\u00eda artesanal de dise\u00f1os de monta\u00f1a<br data-start=\"823\" data-end=\"826\" \/>Personalizaci\u00f3n bajo pedido<br data-start=\"853\" data-end=\"856\" \/>Ideal para monta\u00f1a, viajes y uso cotidiano<\/p>\n","protected":false},"excerpt":{"rendered":"<p data-start=\"0\" data-end=\"274\">Esta sudadera ha sido producida con algod\u00f3n cultivado mediante pr\u00e1cticas de agricultura ecol\u00f3gica, sin utilizar productos qu\u00edmicos como fertilizantes o pesticidas. El proceso de transformaci\u00f3n y te\u00f1ido del algod\u00f3n se ha realizado sin el uso de sustancias t\u00f3xicas prohibidas.<\/p>\n<p data-start=\"276\" data-end=\"584\" data-is-last-node=\"\" data-is-only-node=\"\">En el proceso de creaci\u00f3n de esta prenda no se ha utilizado ning\u00fan producto de origen animal. Adem\u00e1s, toda la cadena de producci\u00f3n textil cumple con los est\u00e1ndares reconocidos a nivel internacional por la Organizaci\u00f3n Internacional del Trabajo y la Declaraci\u00f3n de los Derechos Humanos de las Naciones Unidas.<\/p>\n","protected":false},"featured_media":118330,"template":"","meta":[],"product_brand":[],"product_cat":[270,267,150,147,159],"product_tag":[],"class_list":{"0":"post-118235","1":"product","2":"type-product","3":"status-publish","4":"has-post-thumbnail","6":"product_cat-otras-montanas","7":"product_cat-valencia-es","8":"product_cat-mallorca-es","9":"product_cat-cataluna","10":"product_cat-sudaderas","12":"first","13":"instock","14":"featured","15":"taxable","16":"shipping-taxable","17":"purchasable","18":"product-type-variable","19":"has-default-attributes"},"yoast_head":"<!-- This site is optimized with the Yoast SEO plugin v27.4 - https:\/\/yoast.com\/product\/yoast-seo-wordpress\/ -->\n<title>Sudadera con cremallera - Molta Muntanya<\/title>\n<meta name=\"description\" content=\"Sudadera con cremallera personalizada con serigraf\u00eda de monta\u00f1a. Estampaci\u00f3n artesanal bajo pedido, ideal para excursiones, viajes y el d\u00eda a d\u00eda.\" \/>\n<meta name=\"robots\" content=\"index, follow, max-snippet:-1, max-image-preview:large, max-video-preview:-1\" \/>\n<link rel=\"canonical\" href=\"https:\/\/moltamuntanya.com\/es\/producto\/sudadera-con-cremallera\/\" \/>\n<meta property=\"og:locale\" content=\"es_ES\" \/>\n<meta property=\"og:type\" content=\"article\" \/>\n<meta property=\"og:title\" content=\"Sudadera con cremallera - Molta Muntanya\" \/>\n<meta property=\"og:description\" content=\"Sudadera con cremallera personalizada con serigraf\u00eda de monta\u00f1a. Estampaci\u00f3n artesanal bajo pedido, ideal para excursiones, viajes y el d\u00eda a d\u00eda.\" \/>\n<meta property=\"og:url\" content=\"https:\/\/moltamuntanya.com\/es\/producto\/sudadera-con-cremallera\/\" \/>\n<meta property=\"og:site_name\" content=\"Molta Muntanya\" \/>\n<meta property=\"article:modified_time\" content=\"2026-02-17T20:01:56+00:00\" \/>\n<meta property=\"og:image\" content=\"https:\/\/moltamuntanya.com\/wp-content\/uploads\/2026\/02\/exemplevalencia-1.jpg\" \/>\n\t<meta property=\"og:image:width\" content=\"1000\" \/>\n\t<meta property=\"og:image:height\" content=\"1000\" \/>\n\t<meta property=\"og:image:type\" content=\"image\/jpeg\" \/>\n<meta name=\"twitter:card\" content=\"summary_large_image\" \/>\n<meta name=\"twitter:label1\" content=\"Tiempo de lectura\" \/>\n\t<meta name=\"twitter:data1\" content=\"1 minuto\" \/>\n<script type=\"application\/ld+json\" class=\"yoast-schema-graph\">{\"@context\":\"https:\\\/\\\/schema.org\",\"@graph\":[{\"@type\":\"WebPage\",\"@id\":\"https:\\\/\\\/moltamuntanya.com\\\/es\\\/producto\\\/sudadera-con-cremallera\\\/\",\"url\":\"https:\\\/\\\/moltamuntanya.com\\\/es\\\/producto\\\/sudadera-con-cremallera\\\/\",\"name\":\"Sudadera con cremallera - Molta Muntanya\",\"isPartOf\":{\"@id\":\"https:\\\/\\\/moltamuntanya.com\\\/es\\\/#website\"},\"primaryImageOfPage\":{\"@id\":\"https:\\\/\\\/moltamuntanya.com\\\/es\\\/producto\\\/sudadera-con-cremallera\\\/#primaryimage\"},\"image\":{\"@id\":\"https:\\\/\\\/moltamuntanya.com\\\/es\\\/producto\\\/sudadera-con-cremallera\\\/#primaryimage\"},\"thumbnailUrl\":\"https:\\\/\\\/moltamuntanya.com\\\/wp-content\\\/uploads\\\/2026\\\/02\\\/exemplevalencia-1.jpg\",\"datePublished\":\"2026-02-03T18:22:48+00:00\",\"dateModified\":\"2026-02-17T20:01:56+00:00\",\"description\":\"Sudadera con cremallera personalizada con serigraf\u00eda de monta\u00f1a. Estampaci\u00f3n artesanal bajo pedido, ideal para excursiones, viajes y el d\u00eda a d\u00eda.\",\"breadcrumb\":{\"@id\":\"https:\\\/\\\/moltamuntanya.com\\\/es\\\/producto\\\/sudadera-con-cremallera\\\/#breadcrumb\"},\"inLanguage\":\"es\",\"potentialAction\":[{\"@type\":\"ReadAction\",\"target\":[\"https:\\\/\\\/moltamuntanya.com\\\/es\\\/producto\\\/sudadera-con-cremallera\\\/\"]}]},{\"@type\":\"ImageObject\",\"inLanguage\":\"es\",\"@id\":\"https:\\\/\\\/moltamuntanya.com\\\/es\\\/producto\\\/sudadera-con-cremallera\\\/#primaryimage\",\"url\":\"https:\\\/\\\/moltamuntanya.com\\\/wp-content\\\/uploads\\\/2026\\\/02\\\/exemplevalencia-1.jpg\",\"contentUrl\":\"https:\\\/\\\/moltamuntanya.com\\\/wp-content\\\/uploads\\\/2026\\\/02\\\/exemplevalencia-1.jpg\",\"width\":1000,\"height\":1000},{\"@type\":\"BreadcrumbList\",\"@id\":\"https:\\\/\\\/moltamuntanya.com\\\/es\\\/producto\\\/sudadera-con-cremallera\\\/#breadcrumb\",\"itemListElement\":[{\"@type\":\"ListItem\",\"position\":1,\"name\":\"Portada\",\"item\":\"https:\\\/\\\/moltamuntanya.com\\\/\"},{\"@type\":\"ListItem\",\"position\":2,\"name\":\"Productos\",\"item\":\"https:\\\/\\\/moltamuntanya.com\\\/es\\\/shop\\\/\"},{\"@type\":\"ListItem\",\"position\":3,\"name\":\"Sudadera con cremallera\"}]},{\"@type\":\"WebSite\",\"@id\":\"https:\\\/\\\/moltamuntanya.com\\\/es\\\/#website\",\"url\":\"https:\\\/\\\/moltamuntanya.com\\\/es\\\/\",\"name\":\"Molta Muntanya\",\"description\":\"Muntanyes i cims de Mallorca\",\"potentialAction\":[{\"@type\":\"SearchAction\",\"target\":{\"@type\":\"EntryPoint\",\"urlTemplate\":\"https:\\\/\\\/moltamuntanya.com\\\/es\\\/?s={search_term_string}\"},\"query-input\":{\"@type\":\"PropertyValueSpecification\",\"valueRequired\":true,\"valueName\":\"search_term_string\"}}],\"inLanguage\":\"es\"}]}<\/script>\n<!-- \/ Yoast SEO plugin. -->","yoast_head_json":{"title":"Sudadera con cremallera - Molta Muntanya","description":"Sudadera con cremallera personalizada con serigraf\u00eda de monta\u00f1a. Estampaci\u00f3n artesanal bajo pedido, ideal para excursiones, viajes y el d\u00eda a d\u00eda.","robots":{"index":"index","follow":"follow","max-snippet":"max-snippet:-1","max-image-preview":"max-image-preview:large","max-video-preview":"max-video-preview:-1"},"canonical":"https:\/\/moltamuntanya.com\/es\/producto\/sudadera-con-cremallera\/","og_locale":"es_ES","og_type":"article","og_title":"Sudadera con cremallera - Molta Muntanya","og_description":"Sudadera con cremallera personalizada con serigraf\u00eda de monta\u00f1a. Estampaci\u00f3n artesanal bajo pedido, ideal para excursiones, viajes y el d\u00eda a d\u00eda.","og_url":"https:\/\/moltamuntanya.com\/es\/producto\/sudadera-con-cremallera\/","og_site_name":"Molta Muntanya","article_modified_time":"2026-02-17T20:01:56+00:00","og_image":[{"width":1000,"height":1000,"url":"https:\/\/moltamuntanya.com\/wp-content\/uploads\/2026\/02\/exemplevalencia-1.jpg","type":"image\/jpeg"}],"twitter_card":"summary_large_image","twitter_misc":{"Tiempo de lectura":"1 minuto"},"schema":{"@context":"https:\/\/schema.org","@graph":[{"@type":"WebPage","@id":"https:\/\/moltamuntanya.com\/es\/producto\/sudadera-con-cremallera\/","url":"https:\/\/moltamuntanya.com\/es\/producto\/sudadera-con-cremallera\/","name":"Sudadera con cremallera - Molta Muntanya","isPartOf":{"@id":"https:\/\/moltamuntanya.com\/es\/#website"},"primaryImageOfPage":{"@id":"https:\/\/moltamuntanya.com\/es\/producto\/sudadera-con-cremallera\/#primaryimage"},"image":{"@id":"https:\/\/moltamuntanya.com\/es\/producto\/sudadera-con-cremallera\/#primaryimage"},"thumbnailUrl":"https:\/\/moltamuntanya.com\/wp-content\/uploads\/2026\/02\/exemplevalencia-1.jpg","datePublished":"2026-02-03T18:22:48+00:00","dateModified":"2026-02-17T20:01:56+00:00","description":"Sudadera con cremallera personalizada con serigraf\u00eda de monta\u00f1a. Estampaci\u00f3n artesanal bajo pedido, ideal para excursiones, viajes y el d\u00eda a d\u00eda.","breadcrumb":{"@id":"https:\/\/moltamuntanya.com\/es\/producto\/sudadera-con-cremallera\/#breadcrumb"},"inLanguage":"es","potentialAction":[{"@type":"ReadAction","target":["https:\/\/moltamuntanya.com\/es\/producto\/sudadera-con-cremallera\/"]}]},{"@type":"ImageObject","inLanguage":"es","@id":"https:\/\/moltamuntanya.com\/es\/producto\/sudadera-con-cremallera\/#primaryimage","url":"https:\/\/moltamuntanya.com\/wp-content\/uploads\/2026\/02\/exemplevalencia-1.jpg","contentUrl":"https:\/\/moltamuntanya.com\/wp-content\/uploads\/2026\/02\/exemplevalencia-1.jpg","width":1000,"height":1000},{"@type":"BreadcrumbList","@id":"https:\/\/moltamuntanya.com\/es\/producto\/sudadera-con-cremallera\/#breadcrumb","itemListElement":[{"@type":"ListItem","position":1,"name":"Portada","item":"https:\/\/moltamuntanya.com\/"},{"@type":"ListItem","position":2,"name":"Productos","item":"https:\/\/moltamuntanya.com\/es\/shop\/"},{"@type":"ListItem","position":3,"name":"Sudadera con cremallera"}]},{"@type":"WebSite","@id":"https:\/\/moltamuntanya.com\/es\/#website","url":"https:\/\/moltamuntanya.com\/es\/","name":"Molta Muntanya","description":"Muntanyes i cims de Mallorca","potentialAction":[{"@type":"SearchAction","target":{"@type":"EntryPoint","urlTemplate":"https:\/\/moltamuntanya.com\/es\/?s={search_term_string}"},"query-input":{"@type":"PropertyValueSpecification","valueRequired":true,"valueName":"search_term_string"}}],"inLanguage":"es"}]}},"_links":{"self":[{"href":"https:\/\/moltamuntanya.com\/es\/wp-json\/wp\/v2\/product\/118235","targetHints":{"allow":["GET"]}}],"collection":[{"href":"https:\/\/moltamuntanya.com\/es\/wp-json\/wp\/v2\/product"}],"about":[{"href":"https:\/\/moltamuntanya.com\/es\/wp-json\/wp\/v2\/types\/product"}],"wp:featuredmedia":[{"embeddable":true,"href":"https:\/\/moltamuntanya.com\/es\/wp-json\/wp\/v2\/media\/118330"}],"wp:attachment":[{"href":"https:\/\/moltamuntanya.com\/es\/wp-json\/wp\/v2\/media?parent=118235"}],"wp:term":[{"taxonomy":"product_brand","embeddable":true,"href":"https:\/\/moltamuntanya.com\/es\/wp-json\/wp\/v2\/product_brand?post=118235"},{"taxonomy":"product_cat","embeddable":true,"href":"https:\/\/moltamuntanya.com\/es\/wp-json\/wp\/v2\/product_cat?post=118235"},{"taxonomy":"product_tag","embeddable":true,"href":"https:\/\/moltamuntanya.com\/es\/wp-json\/wp\/v2\/product_tag?post=118235"}],"curies":[{"name":"wp","href":"https:\/\/api.w.org\/{rel}","templated":true}]}}